{"id":2001,"date":"2023-06-08T08:37:04","date_gmt":"2023-06-08T06:37:04","guid":{"rendered":"https:\/\/imaflowtest.fr\/?page_id=339"},"modified":"2023-10-11T13:18:31","modified_gmt":"2023-10-11T11:18:31","slug":"immuno","status":"publish","type":"page","link":"https:\/\/imaflow.com\/index.php\/prestations\/prestation-imagerie\/immuno\/","title":{"rendered":"Nos Immuno-marquages"},"content":{"rendered":"\t\t<div data-elementor-type=\"wp-page\" data-elementor-id=\"2001\" class=\"elementor elementor-2001\">\n\t\t\t\t\t\t<section class=\"elementor-section elementor-top-section elementor-element elementor-element-acb4cbd elementor-section-stretched elementor-section-boxed elementor-section-height-default elementor-section-height-default\" data-id=\"acb4cbd\" data-element_type=\"section\" data-e-type=\"section\" data-settings=\"{&quot;stretch_section&quot;:&quot;section-stretched&quot;}\">\n\t\t\t\t\t\t<div class=\"elementor-container elementor-column-gap-default\">\n\t\t\t\t\t<div class=\"elementor-column elementor-col-100 elementor-top-column elementor-element elementor-element-d34457a\" data-id=\"d34457a\" data-element_type=\"column\" data-e-type=\"column\">\n\t\t\t<div class=\"elementor-widget-wrap elementor-element-populated\">\n\t\t\t\t\t\t<div class=\"elementor-element elementor-element-2d62608 elementor-widget elementor-widget-spacer\" data-id=\"2d62608\" data-element_type=\"widget\" data-e-type=\"widget\" data-widget_type=\"spacer.default\">\n\t\t\t\t<div class=\"elementor-widget-container\">\n\t\t\t\t\t\t\t<div class=\"elementor-spacer\">\n\t\t\t<div class=\"elementor-spacer-inner\"><\/div>\n\t\t<\/div>\n\t\t\t\t\t\t<\/div>\n\t\t\t\t<\/div>\n\t\t\t\t<div class=\"elementor-element elementor-element-2674a2b elementor-widget elementor-widget-heading\" data-id=\"2674a2b\" data-element_type=\"widget\" data-e-type=\"widget\" data-widget_type=\"heading.default\">\n\t\t\t\t<div class=\"elementor-widget-container\">\n\t\t\t\t\t<h2 class=\"elementor-heading-title elementor-size-default\">Nos immunomarquages<\/h2>\t\t\t\t<\/div>\n\t\t\t\t<\/div>\n\t\t\t\t<div class=\"elementor-element elementor-element-bc54d29 elementor-widget-divider--view-line elementor-widget elementor-widget-divider\" data-id=\"bc54d29\" data-element_type=\"widget\" data-e-type=\"widget\" data-widget_type=\"divider.default\">\n\t\t\t\t<div class=\"elementor-widget-container\">\n\t\t\t\t\t\t\t<div class=\"elementor-divider\">\n\t\t\t<span class=\"elementor-divider-separator\">\n\t\t\t\t\t\t<\/span>\n\t\t<\/div>\n\t\t\t\t\t\t<\/div>\n\t\t\t\t<\/div>\n\t\t\t\t\t<\/div>\n\t\t<\/div>\n\t\t\t\t\t<\/div>\n\t\t<\/section>\n\t\t\t\t<section class=\"elementor-section elementor-top-section elementor-element elementor-element-2380c9a elementor-section-boxed elementor-section-height-default elementor-section-height-default\" data-id=\"2380c9a\" data-element_type=\"section\" data-e-type=\"section\">\n\t\t\t\t\t\t<div class=\"elementor-container elementor-column-gap-default\">\n\t\t\t\t\t<div class=\"elementor-column elementor-col-100 elementor-top-column elementor-element elementor-element-ff78db4\" data-id=\"ff78db4\" data-element_type=\"column\" data-e-type=\"column\">\n\t\t\t<div class=\"elementor-widget-wrap elementor-element-populated\">\n\t\t\t\t\t\t<div class=\"elementor-element elementor-element-aa548e0 elementor-widget elementor-widget-text-editor\" data-id=\"aa548e0\" data-element_type=\"widget\" data-e-type=\"widget\" data-widget_type=\"text-editor.default\">\n\t\t\t\t<div class=\"elementor-widget-container\">\n\t\t\t\t\t\t\t\t\t<p>Nous d\u00e9veloppons vos immuno-marquages \u00e0 fa\u00e7on en fonction de votre demande :<\/p><ul><li>Immuno Marquage simple<\/li><li>Immuno Marquage double<\/li><li>Immuno Marquage triple<\/li><li>Immuno Marquage quadruple<\/li><\/ul>\t\t\t\t\t\t\t\t<\/div>\n\t\t\t\t<\/div>\n\t\t\t\t\t<\/div>\n\t\t<\/div>\n\t\t\t\t\t<\/div>\n\t\t<\/section>\n\t\t\t\t<section class=\"elementor-section elementor-top-section elementor-element elementor-element-c72acc6 elementor-section-boxed elementor-section-height-default elementor-section-height-default\" data-id=\"c72acc6\" data-element_type=\"section\" data-e-type=\"section\">\n\t\t\t\t\t\t<div class=\"elementor-container elementor-column-gap-default\">\n\t\t\t\t\t<div class=\"elementor-column elementor-col-100 elementor-top-column elementor-element elementor-element-cb5e654\" data-id=\"cb5e654\" data-element_type=\"column\" data-e-type=\"column\">\n\t\t\t<div class=\"elementor-widget-wrap elementor-element-populated\">\n\t\t\t\t\t\t<div class=\"elementor-element elementor-element-8feea37 elementor-widget elementor-widget-heading\" data-id=\"8feea37\" data-element_type=\"widget\" data-e-type=\"widget\" data-widget_type=\"heading.default\">\n\t\t\t\t<div class=\"elementor-widget-container\">\n\t\t\t\t\t<h2 class=\"elementor-heading-title elementor-size-default\">Simple<\/h2>\t\t\t\t<\/div>\n\t\t\t\t<\/div>\n\t\t\t\t<div class=\"elementor-element elementor-element-59dad70 elementor-widget-divider--view-line elementor-widget elementor-widget-divider\" data-id=\"59dad70\" data-element_type=\"widget\" data-e-type=\"widget\" data-widget_type=\"divider.default\">\n\t\t\t\t<div class=\"elementor-widget-container\">\n\t\t\t\t\t\t\t<div class=\"elementor-divider\">\n\t\t\t<span class=\"elementor-divider-separator\">\n\t\t\t\t\t\t<\/span>\n\t\t<\/div>\n\t\t\t\t\t\t<\/div>\n\t\t\t\t<\/div>\n\t\t\t\t\t<\/div>\n\t\t<\/div>\n\t\t\t\t\t<\/div>\n\t\t<\/section>\n\t\t\t\t<section class=\"elementor-section elementor-top-section elementor-element elementor-element-899bb56 elementor-section-boxed elementor-section-height-default elementor-section-height-default\" data-id=\"899bb56\" data-element_type=\"section\" data-e-type=\"section\">\n\t\t\t\t\t\t<div class=\"elementor-container elementor-column-gap-default\">\n\t\t\t\t\t<div class=\"elementor-column elementor-col-50 elementor-top-column elementor-element elementor-element-82b66ac\" data-id=\"82b66ac\" data-element_type=\"column\" data-e-type=\"column\">\n\t\t\t<div class=\"elementor-widget-wrap elementor-element-populated\">\n\t\t\t\t\t\t<div class=\"elementor-element elementor-element-109826c elementor-widget elementor-widget-image\" data-id=\"109826c\" data-element_type=\"widget\" data-e-type=\"widget\" data-widget_type=\"image.default\">\n\t\t\t\t<div class=\"elementor-widget-container\">\n\t\t\t\t\t\t\t\t\t\t\t\t\t\t\t<img decoding=\"async\" src=\"https:\/\/imaflowtest.fr\/wp-content\/uploads\/2023\/06\/Hematoxyline-Eosine.jpg\" title=\"\" alt=\"\" loading=\"lazy\" \/>\t\t\t\t\t\t\t\t\t\t\t\t\t\t\t<\/div>\n\t\t\t\t<\/div>\n\t\t\t\t<div class=\"elementor-element elementor-element-5e75896 elementor-widget elementor-widget-text-editor\" data-id=\"5e75896\" data-element_type=\"widget\" data-e-type=\"widget\" data-widget_type=\"text-editor.default\">\n\t\t\t\t<div class=\"elementor-widget-container\">\n\t\t\t\t\t\t\t\t\t<p>Lumi\u00e8re blanche<\/p>\t\t\t\t\t\t\t\t<\/div>\n\t\t\t\t<\/div>\n\t\t\t\t\t<\/div>\n\t\t<\/div>\n\t\t\t\t<div class=\"elementor-column elementor-col-50 elementor-top-column elementor-element elementor-element-f7d7f5c\" data-id=\"f7d7f5c\" data-element_type=\"column\" data-e-type=\"column\">\n\t\t\t<div class=\"elementor-widget-wrap elementor-element-populated\">\n\t\t\t\t\t\t<div class=\"elementor-element elementor-element-3709127 elementor-widget elementor-widget-image\" data-id=\"3709127\" data-element_type=\"widget\" data-e-type=\"widget\" data-widget_type=\"image.default\">\n\t\t\t\t<div class=\"elementor-widget-container\">\n\t\t\t\t\t\t\t\t\t\t\t\t\t\t\t<img decoding=\"async\" src=\"https:\/\/imaflowtest.fr\/wp-content\/uploads\/2023\/06\/Hematoxyline-Eosine.jpg\" title=\"\" alt=\"\" loading=\"lazy\" \/>\t\t\t\t\t\t\t\t\t\t\t\t\t\t\t<\/div>\n\t\t\t\t<\/div>\n\t\t\t\t<div class=\"elementor-element elementor-element-975fb2a elementor-widget elementor-widget-text-editor\" data-id=\"975fb2a\" data-element_type=\"widget\" data-e-type=\"widget\" data-widget_type=\"text-editor.default\">\n\t\t\t\t<div class=\"elementor-widget-container\">\n\t\t\t\t\t\t\t\t\t<p>Fluorescence<\/p>\t\t\t\t\t\t\t\t<\/div>\n\t\t\t\t<\/div>\n\t\t\t\t\t<\/div>\n\t\t<\/div>\n\t\t\t\t\t<\/div>\n\t\t<\/section>\n\t\t\t\t<section class=\"elementor-section elementor-top-section elementor-element elementor-element-e0aafa1 elementor-section-boxed elementor-section-height-default elementor-section-height-default\" data-id=\"e0aafa1\" data-element_type=\"section\" data-e-type=\"section\">\n\t\t\t\t\t\t<div class=\"elementor-container elementor-column-gap-default\">\n\t\t\t\t\t<div class=\"elementor-column elementor-col-100 elementor-top-column elementor-element elementor-element-4a4b1cf\" data-id=\"4a4b1cf\" data-element_type=\"column\" data-e-type=\"column\">\n\t\t\t<div class=\"elementor-widget-wrap elementor-element-populated\">\n\t\t\t\t\t\t<section class=\"elementor-section elementor-inner-section elementor-element elementor-element-7b9d2ec elementor-section-boxed elementor-section-height-default elementor-section-height-default\" data-id=\"7b9d2ec\" data-element_type=\"section\" data-e-type=\"section\">\n\t\t\t\t\t\t<div class=\"elementor-container elementor-column-gap-default\">\n\t\t\t\t\t<div class=\"elementor-column elementor-col-100 elementor-inner-column elementor-element elementor-element-baf1603\" data-id=\"baf1603\" data-element_type=\"column\" data-e-type=\"column\">\n\t\t\t<div class=\"elementor-widget-wrap elementor-element-populated\">\n\t\t\t\t\t\t<div class=\"elementor-element elementor-element-2b1bf1f elementor-widget elementor-widget-heading\" data-id=\"2b1bf1f\" data-element_type=\"widget\" data-e-type=\"widget\" data-widget_type=\"heading.default\">\n\t\t\t\t<div class=\"elementor-widget-container\">\n\t\t\t\t\t<h2 class=\"elementor-heading-title elementor-size-default\">Multiple<\/h2>\t\t\t\t<\/div>\n\t\t\t\t<\/div>\n\t\t\t\t\t<\/div>\n\t\t<\/div>\n\t\t\t\t\t<\/div>\n\t\t<\/section>\n\t\t\t\t<div class=\"elementor-element elementor-element-496ed91 elementor-widget-divider--view-line elementor-widget elementor-widget-divider\" data-id=\"496ed91\" data-element_type=\"widget\" data-e-type=\"widget\" data-widget_type=\"divider.default\">\n\t\t\t\t<div class=\"elementor-widget-container\">\n\t\t\t\t\t\t\t<div class=\"elementor-divider\">\n\t\t\t<span class=\"elementor-divider-separator\">\n\t\t\t\t\t\t<\/span>\n\t\t<\/div>\n\t\t\t\t\t\t<\/div>\n\t\t\t\t<\/div>\n\t\t\t\t\t<\/div>\n\t\t<\/div>\n\t\t\t\t\t<\/div>\n\t\t<\/section>\n\t\t\t\t<section class=\"elementor-section elementor-top-section elementor-element elementor-element-cbe61e5 elementor-section-boxed elementor-section-height-default elementor-section-height-default\" data-id=\"cbe61e5\" data-element_type=\"section\" data-e-type=\"section\">\n\t\t\t\t\t\t<div class=\"elementor-container elementor-column-gap-default\">\n\t\t\t\t\t<div class=\"elementor-column elementor-col-50 elementor-top-column elementor-element elementor-element-d746fea\" data-id=\"d746fea\" data-element_type=\"column\" data-e-type=\"column\">\n\t\t\t<div class=\"elementor-widget-wrap elementor-element-populated\">\n\t\t\t\t\t\t<div class=\"elementor-element elementor-element-81a2a93 elementor-widget elementor-widget-image\" data-id=\"81a2a93\" data-element_type=\"widget\" data-e-type=\"widget\" data-widget_type=\"image.default\">\n\t\t\t\t<div class=\"elementor-widget-container\">\n\t\t\t\t\t\t\t\t\t\t\t\t\t\t\t<img decoding=\"async\" src=\"https:\/\/imaflowtest.fr\/wp-content\/uploads\/2023\/06\/Hematoxyline-Eosine.jpg\" title=\"\" alt=\"\" loading=\"lazy\" \/>\t\t\t\t\t\t\t\t\t\t\t\t\t\t\t<\/div>\n\t\t\t\t<\/div>\n\t\t\t\t<div class=\"elementor-element elementor-element-05e728a elementor-widget elementor-widget-text-editor\" data-id=\"05e728a\" data-element_type=\"widget\" data-e-type=\"widget\" data-widget_type=\"text-editor.default\">\n\t\t\t\t<div class=\"elementor-widget-container\">\n\t\t\t\t\t\t\t\t\t<p>Lumi\u00e8re blanche<\/p>\t\t\t\t\t\t\t\t<\/div>\n\t\t\t\t<\/div>\n\t\t\t\t\t<\/div>\n\t\t<\/div>\n\t\t\t\t<div class=\"elementor-column elementor-col-50 elementor-top-column elementor-element elementor-element-c683da8\" data-id=\"c683da8\" data-element_type=\"column\" data-e-type=\"column\">\n\t\t\t<div class=\"elementor-widget-wrap elementor-element-populated\">\n\t\t\t\t\t\t<div class=\"elementor-element elementor-element-18a00db elementor-widget elementor-widget-image\" data-id=\"18a00db\" data-element_type=\"widget\" data-e-type=\"widget\" data-widget_type=\"image.default\">\n\t\t\t\t<div class=\"elementor-widget-container\">\n\t\t\t\t\t\t\t\t\t\t\t\t\t\t\t<img decoding=\"async\" src=\"https:\/\/imaflowtest.fr\/wp-content\/uploads\/2023\/06\/Hematoxyline-Eosine.jpg\" title=\"\" alt=\"\" loading=\"lazy\" \/>\t\t\t\t\t\t\t\t\t\t\t\t\t\t\t<\/div>\n\t\t\t\t<\/div>\n\t\t\t\t<div class=\"elementor-element elementor-element-3f7e37c elementor-widget elementor-widget-text-editor\" data-id=\"3f7e37c\" data-element_type=\"widget\" data-e-type=\"widget\" data-widget_type=\"text-editor.default\">\n\t\t\t\t<div class=\"elementor-widget-container\">\n\t\t\t\t\t\t\t\t\t<p>Fluorescence<\/p>\t\t\t\t\t\t\t\t<\/div>\n\t\t\t\t<\/div>\n\t\t\t\t\t<\/div>\n\t\t<\/div>\n\t\t\t\t\t<\/div>\n\t\t<\/section>\n\t\t\t\t<section class=\"elementor-section elementor-top-section elementor-element elementor-element-b8f75c7 elementor-section-boxed elementor-section-height-default elementor-section-height-default\" data-id=\"b8f75c7\" data-element_type=\"section\" data-e-type=\"section\">\n\t\t\t\t\t\t<div class=\"elementor-container elementor-column-gap-default\">\n\t\t\t\t\t<div class=\"elementor-column elementor-col-100 elementor-top-column elementor-element elementor-element-bd5d58a\" data-id=\"bd5d58a\" data-element_type=\"column\" data-e-type=\"column\">\n\t\t\t<div class=\"elementor-widget-wrap elementor-element-populated\">\n\t\t\t\t\t\t<div class=\"elementor-element elementor-element-c7c36b2 elementor-widget elementor-widget-text-editor\" data-id=\"c7c36b2\" data-element_type=\"widget\" data-e-type=\"widget\" data-widget_type=\"text-editor.default\">\n\t\t\t\t<div class=\"elementor-widget-container\">\n\t\t\t\t\t\t\t\t\t<p>\u00a0<\/p><p>Voici quelques exemples de nos r\u00e9alisations<\/p>\t\t\t\t\t\t\t\t<\/div>\n\t\t\t\t<\/div>\n\t\t\t\t\t<\/div>\n\t\t<\/div>\n\t\t\t\t\t<\/div>\n\t\t<\/section>\n\t\t\t\t<\/div>\n\t\t","protected":false},"excerpt":{"rendered":"<p>Nos immunomarquages Nous d\u00e9veloppons vos immuno-marquages \u00e0 fa\u00e7on en fonction de votre demande : Immuno Marquage simple Immuno Marquage double Immuno Marquage triple Immuno Marquage quadruple Simple Lumi\u00e8re blanche Fluorescence Multiple Lumi\u00e8re blanche Fluorescence \u00a0 Voici quelques exemples de nos r\u00e9alisations<\/p>\n","protected":false},"author":6,"featured_media":0,"parent":2495,"menu_order":0,"comment_status":"closed","ping_status":"closed","template":"elementor_header_footer","meta":{"footnotes":""},"class_list":["post-2001","page","type-page","status-publish","hentry","entry"],"yoast_head":"<!-- This site is optimized with the Yoast SEO plugin v27.1.1 - https:\/\/yoast.com\/product\/yoast-seo-wordpress\/ -->\n<title>Nos Immuno-marquages - Imaflow<\/title>\n<meta name=\"robots\" content=\"index, follow, max-snippet:-1, max-image-preview:large, max-video-preview:-1\" \/>\n<link rel=\"canonical\" href=\"https:\/\/imaflow.com\/index.php\/prestations\/prestation-imagerie\/immuno\/\" \/>\n<meta property=\"og:locale\" content=\"fr_FR\" \/>\n<meta property=\"og:type\" content=\"article\" \/>\n<meta property=\"og:title\" content=\"Nos Immuno-marquages - Imaflow\" \/>\n<meta property=\"og:description\" content=\"Nos immunomarquages Nous d\u00e9veloppons vos immuno-marquages \u00e0 fa\u00e7on en fonction de votre demande : Immuno Marquage simple Immuno Marquage double Immuno Marquage triple Immuno Marquage quadruple Simple Lumi\u00e8re blanche Fluorescence Multiple Lumi\u00e8re blanche Fluorescence \u00a0 Voici quelques exemples de nos r\u00e9alisations\" \/>\n<meta property=\"og:url\" content=\"https:\/\/imaflow.com\/index.php\/prestations\/prestation-imagerie\/immuno\/\" \/>\n<meta property=\"og:site_name\" content=\"Imaflow\" \/>\n<meta property=\"article:modified_time\" content=\"2023-10-11T11:18:31+00:00\" \/>\n<meta property=\"og:image\" content=\"https:\/\/imaflowtest.fr\/wp-content\/uploads\/2023\/06\/Hematoxyline-Eosine.jpg\" \/>\n<meta name=\"twitter:card\" content=\"summary_large_image\" \/>\n<meta name=\"twitter:label1\" content=\"Dur\u00e9e de lecture estim\u00e9e\" \/>\n\t<meta name=\"twitter:data1\" content=\"1 minute\" \/>\n<script type=\"application\/ld+json\" class=\"yoast-schema-graph\">{\"@context\":\"https:\/\/schema.org\",\"@graph\":[{\"@type\":\"WebPage\",\"@id\":\"https:\/\/imaflow.com\/index.php\/prestations\/prestation-imagerie\/immuno\/\",\"url\":\"https:\/\/imaflow.com\/index.php\/prestations\/prestation-imagerie\/immuno\/\",\"name\":\"Nos Immuno-marquages - Imaflow\",\"isPartOf\":{\"@id\":\"https:\/\/imaflow.com\/#website\"},\"primaryImageOfPage\":{\"@id\":\"https:\/\/imaflow.com\/index.php\/prestations\/prestation-imagerie\/immuno\/#primaryimage\"},\"image\":{\"@id\":\"https:\/\/imaflow.com\/index.php\/prestations\/prestation-imagerie\/immuno\/#primaryimage\"},\"thumbnailUrl\":\"https:\/\/imaflowtest.fr\/wp-content\/uploads\/2023\/06\/Hematoxyline-Eosine.jpg\",\"datePublished\":\"2023-06-08T06:37:04+00:00\",\"dateModified\":\"2023-10-11T11:18:31+00:00\",\"breadcrumb\":{\"@id\":\"https:\/\/imaflow.com\/index.php\/prestations\/prestation-imagerie\/immuno\/#breadcrumb\"},\"inLanguage\":\"fr-FR\",\"potentialAction\":[{\"@type\":\"ReadAction\",\"target\":[\"https:\/\/imaflow.com\/index.php\/prestations\/prestation-imagerie\/immuno\/\"]}]},{\"@type\":\"ImageObject\",\"inLanguage\":\"fr-FR\",\"@id\":\"https:\/\/imaflow.com\/index.php\/prestations\/prestation-imagerie\/immuno\/#primaryimage\",\"url\":\"https:\/\/imaflowtest.fr\/wp-content\/uploads\/2023\/06\/Hematoxyline-Eosine.jpg\",\"contentUrl\":\"https:\/\/imaflowtest.fr\/wp-content\/uploads\/2023\/06\/Hematoxyline-Eosine.jpg\"},{\"@type\":\"BreadcrumbList\",\"@id\":\"https:\/\/imaflow.com\/index.php\/prestations\/prestation-imagerie\/immuno\/#breadcrumb\",\"itemListElement\":[{\"@type\":\"ListItem\",\"position\":1,\"name\":\"Accueil\",\"item\":\"https:\/\/imaflow.com\/\"},{\"@type\":\"ListItem\",\"position\":2,\"name\":\"Prestations\",\"item\":\"https:\/\/imaflow.com\/index.php\/prestations\/\"},{\"@type\":\"ListItem\",\"position\":3,\"name\":\"Prestation Histologie \/ Imagerie\",\"item\":\"https:\/\/imaflow.com\/index.php\/prestations\/prestation-imagerie\/\"},{\"@type\":\"ListItem\",\"position\":4,\"name\":\"Nos Immuno-marquages\"}]},{\"@type\":\"WebSite\",\"@id\":\"https:\/\/imaflow.com\/#website\",\"url\":\"https:\/\/imaflow.com\/\",\"name\":\"Imaflow\",\"description\":\"\",\"potentialAction\":[{\"@type\":\"SearchAction\",\"target\":{\"@type\":\"EntryPoint\",\"urlTemplate\":\"https:\/\/imaflow.com\/?s={search_term_string}\"},\"query-input\":{\"@type\":\"PropertyValueSpecification\",\"valueRequired\":true,\"valueName\":\"search_term_string\"}}],\"inLanguage\":\"fr-FR\"}]}<\/script>\n<!-- \/ Yoast SEO plugin. -->","yoast_head_json":{"title":"Nos Immuno-marquages - Imaflow","robots":{"index":"index","follow":"follow","max-snippet":"max-snippet:-1","max-image-preview":"max-image-preview:large","max-video-preview":"max-video-preview:-1"},"canonical":"https:\/\/imaflow.com\/index.php\/prestations\/prestation-imagerie\/immuno\/","og_locale":"fr_FR","og_type":"article","og_title":"Nos Immuno-marquages - Imaflow","og_description":"Nos immunomarquages Nous d\u00e9veloppons vos immuno-marquages \u00e0 fa\u00e7on en fonction de votre demande : Immuno Marquage simple Immuno Marquage double Immuno Marquage triple Immuno Marquage quadruple Simple Lumi\u00e8re blanche Fluorescence Multiple Lumi\u00e8re blanche Fluorescence \u00a0 Voici quelques exemples de nos r\u00e9alisations","og_url":"https:\/\/imaflow.com\/index.php\/prestations\/prestation-imagerie\/immuno\/","og_site_name":"Imaflow","article_modified_time":"2023-10-11T11:18:31+00:00","og_image":[{"url":"https:\/\/imaflowtest.fr\/wp-content\/uploads\/2023\/06\/Hematoxyline-Eosine.jpg","type":"","width":"","height":""}],"twitter_card":"summary_large_image","twitter_misc":{"Dur\u00e9e de lecture estim\u00e9e":"1 minute"},"schema":{"@context":"https:\/\/schema.org","@graph":[{"@type":"WebPage","@id":"https:\/\/imaflow.com\/index.php\/prestations\/prestation-imagerie\/immuno\/","url":"https:\/\/imaflow.com\/index.php\/prestations\/prestation-imagerie\/immuno\/","name":"Nos Immuno-marquages - Imaflow","isPartOf":{"@id":"https:\/\/imaflow.com\/#website"},"primaryImageOfPage":{"@id":"https:\/\/imaflow.com\/index.php\/prestations\/prestation-imagerie\/immuno\/#primaryimage"},"image":{"@id":"https:\/\/imaflow.com\/index.php\/prestations\/prestation-imagerie\/immuno\/#primaryimage"},"thumbnailUrl":"https:\/\/imaflowtest.fr\/wp-content\/uploads\/2023\/06\/Hematoxyline-Eosine.jpg","datePublished":"2023-06-08T06:37:04+00:00","dateModified":"2023-10-11T11:18:31+00:00","breadcrumb":{"@id":"https:\/\/imaflow.com\/index.php\/prestations\/prestation-imagerie\/immuno\/#breadcrumb"},"inLanguage":"fr-FR","potentialAction":[{"@type":"ReadAction","target":["https:\/\/imaflow.com\/index.php\/prestations\/prestation-imagerie\/immuno\/"]}]},{"@type":"ImageObject","inLanguage":"fr-FR","@id":"https:\/\/imaflow.com\/index.php\/prestations\/prestation-imagerie\/immuno\/#primaryimage","url":"https:\/\/imaflowtest.fr\/wp-content\/uploads\/2023\/06\/Hematoxyline-Eosine.jpg","contentUrl":"https:\/\/imaflowtest.fr\/wp-content\/uploads\/2023\/06\/Hematoxyline-Eosine.jpg"},{"@type":"BreadcrumbList","@id":"https:\/\/imaflow.com\/index.php\/prestations\/prestation-imagerie\/immuno\/#breadcrumb","itemListElement":[{"@type":"ListItem","position":1,"name":"Accueil","item":"https:\/\/imaflow.com\/"},{"@type":"ListItem","position":2,"name":"Prestations","item":"https:\/\/imaflow.com\/index.php\/prestations\/"},{"@type":"ListItem","position":3,"name":"Prestation Histologie \/ Imagerie","item":"https:\/\/imaflow.com\/index.php\/prestations\/prestation-imagerie\/"},{"@type":"ListItem","position":4,"name":"Nos Immuno-marquages"}]},{"@type":"WebSite","@id":"https:\/\/imaflow.com\/#website","url":"https:\/\/imaflow.com\/","name":"Imaflow","description":"","potentialAction":[{"@type":"SearchAction","target":{"@type":"EntryPoint","urlTemplate":"https:\/\/imaflow.com\/?s={search_term_string}"},"query-input":{"@type":"PropertyValueSpecification","valueRequired":true,"valueName":"search_term_string"}}],"inLanguage":"fr-FR"}]}},"_links":{"self":[{"href":"https:\/\/imaflow.com\/index.php\/wp-json\/wp\/v2\/pages\/2001","targetHints":{"allow":["GET"]}}],"collection":[{"href":"https:\/\/imaflow.com\/index.php\/wp-json\/wp\/v2\/pages"}],"about":[{"href":"https:\/\/imaflow.com\/index.php\/wp-json\/wp\/v2\/types\/page"}],"author":[{"embeddable":true,"href":"https:\/\/imaflow.com\/index.php\/wp-json\/wp\/v2\/users\/6"}],"replies":[{"embeddable":true,"href":"https:\/\/imaflow.com\/index.php\/wp-json\/wp\/v2\/comments?post=2001"}],"version-history":[{"count":10,"href":"https:\/\/imaflow.com\/index.php\/wp-json\/wp\/v2\/pages\/2001\/revisions"}],"predecessor-version":[{"id":4034,"href":"https:\/\/imaflow.com\/index.php\/wp-json\/wp\/v2\/pages\/2001\/revisions\/4034"}],"up":[{"embeddable":true,"href":"https:\/\/imaflow.com\/index.php\/wp-json\/wp\/v2\/pages\/2495"}],"wp:attachment":[{"href":"https:\/\/imaflow.com\/index.php\/wp-json\/wp\/v2\/media?parent=2001"}],"curies":[{"name":"wp","href":"https:\/\/api.w.org\/{rel}","templated":true}]}}