{"id":2495,"date":"2023-09-18T10:34:36","date_gmt":"2023-09-18T08:34:36","guid":{"rendered":"http:\/\/imaflow.com\/?page_id=2495"},"modified":"2025-12-03T11:26:03","modified_gmt":"2025-12-03T10:26:03","slug":"prestation-imagerie","status":"publish","type":"page","link":"https:\/\/imaflow.com\/index.php\/prestations\/prestation-imagerie\/","title":{"rendered":"Prestation Histologie \/ Imagerie"},"content":{"rendered":"\t\t<div data-elementor-type=\"wp-page\" data-elementor-id=\"2495\" class=\"elementor elementor-2495\">\n\t\t\t\t\t\t<section class=\"elementor-section elementor-top-section elementor-element elementor-element-c54290a elementor-section-stretched elementor-section-boxed elementor-section-height-default elementor-section-height-default\" data-id=\"c54290a\" data-element_type=\"section\" data-e-type=\"section\" data-settings=\"{&quot;stretch_section&quot;:&quot;section-stretched&quot;}\">\n\t\t\t\t\t\t<div class=\"elementor-container elementor-column-gap-default\">\n\t\t\t\t\t<div class=\"elementor-column elementor-col-100 elementor-top-column elementor-element elementor-element-7e333ac\" data-id=\"7e333ac\" data-element_type=\"column\" data-e-type=\"column\">\n\t\t\t<div class=\"elementor-widget-wrap elementor-element-populated\">\n\t\t\t\t\t\t<div class=\"elementor-element elementor-element-2474b12 elementor-widget elementor-widget-spacer\" data-id=\"2474b12\" data-element_type=\"widget\" data-e-type=\"widget\" data-widget_type=\"spacer.default\">\n\t\t\t\t<div class=\"elementor-widget-container\">\n\t\t\t\t\t\t\t<div class=\"elementor-spacer\">\n\t\t\t<div class=\"elementor-spacer-inner\"><\/div>\n\t\t<\/div>\n\t\t\t\t\t\t<\/div>\n\t\t\t\t<\/div>\n\t\t\t\t<div class=\"elementor-element elementor-element-cd7acae elementor-widget elementor-widget-heading\" data-id=\"cd7acae\" data-element_type=\"widget\" data-e-type=\"widget\" data-widget_type=\"heading.default\">\n\t\t\t\t<div class=\"elementor-widget-container\">\n\t\t\t\t\t<h2 class=\"elementor-heading-title elementor-size-default\">Nos prestations en Histologie \/ Imagerie<\/h2>\t\t\t\t<\/div>\n\t\t\t\t<\/div>\n\t\t\t\t<div class=\"elementor-element elementor-element-6d707fb elementor-widget-divider--view-line elementor-widget elementor-widget-divider\" data-id=\"6d707fb\" data-element_type=\"widget\" data-e-type=\"widget\" data-widget_type=\"divider.default\">\n\t\t\t\t<div class=\"elementor-widget-container\">\n\t\t\t\t\t\t\t<div class=\"elementor-divider\">\n\t\t\t<span class=\"elementor-divider-separator\">\n\t\t\t\t\t\t<\/span>\n\t\t<\/div>\n\t\t\t\t\t\t<\/div>\n\t\t\t\t<\/div>\n\t\t\t\t\t<\/div>\n\t\t<\/div>\n\t\t\t\t\t<\/div>\n\t\t<\/section>\n\t\t\t\t<section class=\"elementor-section elementor-top-section elementor-element elementor-element-89c62c3 elementor-section-boxed elementor-section-height-default elementor-section-height-default\" data-id=\"89c62c3\" data-element_type=\"section\" data-e-type=\"section\">\n\t\t\t\t\t\t<div class=\"elementor-container elementor-column-gap-default\">\n\t\t\t\t\t<div class=\"elementor-column elementor-col-100 elementor-top-column elementor-element elementor-element-f4c6b0e\" data-id=\"f4c6b0e\" data-element_type=\"column\" data-e-type=\"column\">\n\t\t\t<div class=\"elementor-widget-wrap elementor-element-populated\">\n\t\t\t\t\t\t<div class=\"elementor-element elementor-element-bf242a5 elementor-widget__width-initial elementor-widget elementor-widget-text-editor\" data-id=\"bf242a5\" data-element_type=\"widget\" data-e-type=\"widget\" data-widget_type=\"text-editor.default\">\n\t\t\t\t<div class=\"elementor-widget-container\">\n\t\t\t\t\t\t\t\t\t<p>Pour permettre l\u2019analyse rapide de vos \u00e9chantillons tels que <strong>cellules, organes, petits animaux, v\u00e9g\u00e9taux<\/strong>, le service d\u2019Imagerie est organis\u00e9 en trois sections :\u00a0<\/p><ul><li style=\"list-style-type: none;\"><ul><li style=\"list-style-type: none;\"><ul><li>Section d\u2019<strong>histologie <\/strong>et\u00a0<strong>cytologie<\/strong><\/li><li>Section de\u00a0<strong>microscopie \u00e9lectronique<\/strong><\/li><li>Section de\u00a0<strong>microscopie optique <\/strong>et\u00a0<strong>analyse d\u2019image<\/strong><\/li><\/ul><\/li><\/ul><\/li><\/ul><p>Ces sections travaillent en \u00e9troite relation pour la <strong>prise en charge totale<\/strong>\u00a0ou <strong>partielle<\/strong> de vos \u00e9chantillons : de la pr\u00e9paration \u00e0 l\u2019observation ou \u00e0 l\u2019analyse des r\u00e9sultats selon vos besoins.<\/p><p>Le service d&rsquo;imagerie vous propose \u00e9galement un <strong>r\u00f4le de conseil<\/strong> afin de vous accompagner et de vous orienter sur votre projet ainsi qu&rsquo;un\u00a0<strong>r\u00f4le de formation<\/strong>\u00a0aux diff\u00e9rentes techniques permettant aux utilisateurs d\u2019atteindre un degr\u00e9 d\u2019autonomie suffisant pour l\u2019utilisation de notre mat\u00e9riel.<\/p>\t\t\t\t\t\t\t\t<\/div>\n\t\t\t\t<\/div>\n\t\t\t\t<div class=\"elementor-element elementor-element-13e17a0 elementor-widget__width-initial elementor-widget elementor-widget-spacer\" data-id=\"13e17a0\" data-element_type=\"widget\" data-e-type=\"widget\" data-widget_type=\"spacer.default\">\n\t\t\t\t<div class=\"elementor-widget-container\">\n\t\t\t\t\t\t\t<div class=\"elementor-spacer\">\n\t\t\t<div class=\"elementor-spacer-inner\"><\/div>\n\t\t<\/div>\n\t\t\t\t\t\t<\/div>\n\t\t\t\t<\/div>\n\t\t\t\t<div class=\"elementor-element elementor-element-3447b5e elementor-widget__width-initial elementor-widget elementor-widget-text-editor\" data-id=\"3447b5e\" data-element_type=\"widget\" data-e-type=\"widget\" data-widget_type=\"text-editor.default\">\n\t\t\t\t<div class=\"elementor-widget-container\">\n\t\t\t\t\t\t\t\t\t<p><span style=\"text-decoration: underline;\"><strong>Conditions d&rsquo;utilisation<\/strong><\/span><strong>:<\/strong><\/p>\t\t\t\t\t\t\t\t<\/div>\n\t\t\t\t<\/div>\n\t\t\t\t<div class=\"elementor-element elementor-element-2ab3335 elementor-widget__width-initial elementor-widget elementor-widget-text-editor\" data-id=\"2ab3335\" data-element_type=\"widget\" data-e-type=\"widget\" data-widget_type=\"text-editor.default\">\n\t\t\t\t<div class=\"elementor-widget-container\">\n\t\t\t\t\t\t\t\t\t<p>Pour toute demande de travail, <strong>un formulaire<\/strong> papier est \u00e0 votre disposition dans notre plateforme ou un formulaire informatique<a href=\"http:\/\/imaflow.com\/wp-content\/uploads\/2025\/12\/E.Formulaire-Travaux_v09.pdf\" target=\"_blank\" rel=\"noopener\"> <strong><span style=\"color: #ff0000;\">\u00e0<\/span> <span style=\"color: #ff0000;\">t\u00e9l\u00e9charger ici<\/span><\/strong><\/a><\/p><ul><li>Les \u00e9chantillons sont d\u00e9pos\u00e9s par vos soins \u00e0 la plateforme, ou sur demande pr\u00e9alable, nous prenons en charge le transport de vos \u00e9chantillons.<\/li><li><strong>Nous ne sommes pas habilit\u00e9s<\/strong> \u00e0 manipuler des \u00e9chantillons dangereux pour la sant\u00e9 tels que <strong>virus, radioactivit\u00e9, nanoparticules<\/strong>. Il est imp\u00e9ratif de nous signaler la pr\u00e9sence de tout corps \u00e9tranger dans l\u2019\u00e9chantillon.<\/li><\/ul>\t\t\t\t\t\t\t\t<\/div>\n\t\t\t\t<\/div>\n\t\t\t\t\t<\/div>\n\t\t<\/div>\n\t\t\t\t\t<\/div>\n\t\t<\/section>\n\t\t\t\t<\/div>\n\t\t","protected":false},"excerpt":{"rendered":"<p>Nos prestations en Histologie \/ Imagerie Pour permettre l\u2019analyse rapide de vos \u00e9chantillons tels que cellules, organes, petits animaux, v\u00e9g\u00e9taux, le service d\u2019Imagerie est organis\u00e9 en trois sections :\u00a0 Section d\u2019histologie et\u00a0cytologie Section de\u00a0microscopie \u00e9lectronique Section de\u00a0microscopie optique et\u00a0analyse d\u2019image Ces sections travaillent en \u00e9troite relation pour la prise en charge totale\u00a0ou partielle de vos [&hellip;]<\/p>\n","protected":false},"author":6,"featured_media":0,"parent":2098,"menu_order":0,"comment_status":"closed","ping_status":"closed","template":"elementor_header_footer","meta":{"footnotes":""},"class_list":["post-2495","page","type-page","status-publish","hentry","entry"],"yoast_head":"<!-- This site is optimized with the Yoast SEO plugin v27.1.1 - https:\/\/yoast.com\/product\/yoast-seo-wordpress\/ -->\n<title>Prestation Histologie \/ Imagerie - Imaflow<\/title>\n<meta name=\"robots\" content=\"index, follow, max-snippet:-1, max-image-preview:large, max-video-preview:-1\" \/>\n<link rel=\"canonical\" href=\"https:\/\/imaflow.com\/index.php\/prestations\/prestation-imagerie\/\" \/>\n<meta property=\"og:locale\" content=\"fr_FR\" \/>\n<meta property=\"og:type\" content=\"article\" \/>\n<meta property=\"og:title\" content=\"Prestation Histologie \/ Imagerie - Imaflow\" \/>\n<meta property=\"og:description\" content=\"Nos prestations en Histologie \/ Imagerie Pour permettre l\u2019analyse rapide de vos \u00e9chantillons tels que cellules, organes, petits animaux, v\u00e9g\u00e9taux, le service d\u2019Imagerie est organis\u00e9 en trois sections :\u00a0 Section d\u2019histologie et\u00a0cytologie Section de\u00a0microscopie \u00e9lectronique Section de\u00a0microscopie optique et\u00a0analyse d\u2019image Ces sections travaillent en \u00e9troite relation pour la prise en charge totale\u00a0ou partielle de vos [&hellip;]\" \/>\n<meta property=\"og:url\" content=\"https:\/\/imaflow.com\/index.php\/prestations\/prestation-imagerie\/\" \/>\n<meta property=\"og:site_name\" content=\"Imaflow\" \/>\n<meta property=\"article:modified_time\" content=\"2025-12-03T10:26:03+00:00\" \/>\n<meta name=\"twitter:card\" content=\"summary_large_image\" \/>\n<meta name=\"twitter:label1\" content=\"Dur\u00e9e de lecture estim\u00e9e\" \/>\n\t<meta name=\"twitter:data1\" content=\"1 minute\" \/>\n<script type=\"application\/ld+json\" class=\"yoast-schema-graph\">{\"@context\":\"https:\/\/schema.org\",\"@graph\":[{\"@type\":\"WebPage\",\"@id\":\"https:\/\/imaflow.com\/index.php\/prestations\/prestation-imagerie\/\",\"url\":\"https:\/\/imaflow.com\/index.php\/prestations\/prestation-imagerie\/\",\"name\":\"Prestation Histologie \/ Imagerie - Imaflow\",\"isPartOf\":{\"@id\":\"https:\/\/imaflow.com\/#website\"},\"datePublished\":\"2023-09-18T08:34:36+00:00\",\"dateModified\":\"2025-12-03T10:26:03+00:00\",\"breadcrumb\":{\"@id\":\"https:\/\/imaflow.com\/index.php\/prestations\/prestation-imagerie\/#breadcrumb\"},\"inLanguage\":\"fr-FR\",\"potentialAction\":[{\"@type\":\"ReadAction\",\"target\":[\"https:\/\/imaflow.com\/index.php\/prestations\/prestation-imagerie\/\"]}]},{\"@type\":\"BreadcrumbList\",\"@id\":\"https:\/\/imaflow.com\/index.php\/prestations\/prestation-imagerie\/#breadcrumb\",\"itemListElement\":[{\"@type\":\"ListItem\",\"position\":1,\"name\":\"Accueil\",\"item\":\"https:\/\/imaflow.com\/\"},{\"@type\":\"ListItem\",\"position\":2,\"name\":\"Prestations\",\"item\":\"https:\/\/imaflow.com\/index.php\/prestations\/\"},{\"@type\":\"ListItem\",\"position\":3,\"name\":\"Prestation Histologie \/ Imagerie\"}]},{\"@type\":\"WebSite\",\"@id\":\"https:\/\/imaflow.com\/#website\",\"url\":\"https:\/\/imaflow.com\/\",\"name\":\"Imaflow\",\"description\":\"\",\"potentialAction\":[{\"@type\":\"SearchAction\",\"target\":{\"@type\":\"EntryPoint\",\"urlTemplate\":\"https:\/\/imaflow.com\/?s={search_term_string}\"},\"query-input\":{\"@type\":\"PropertyValueSpecification\",\"valueRequired\":true,\"valueName\":\"search_term_string\"}}],\"inLanguage\":\"fr-FR\"}]}<\/script>\n<!-- \/ Yoast SEO plugin. -->","yoast_head_json":{"title":"Prestation Histologie \/ Imagerie - Imaflow","robots":{"index":"index","follow":"follow","max-snippet":"max-snippet:-1","max-image-preview":"max-image-preview:large","max-video-preview":"max-video-preview:-1"},"canonical":"https:\/\/imaflow.com\/index.php\/prestations\/prestation-imagerie\/","og_locale":"fr_FR","og_type":"article","og_title":"Prestation Histologie \/ Imagerie - Imaflow","og_description":"Nos prestations en Histologie \/ Imagerie Pour permettre l\u2019analyse rapide de vos \u00e9chantillons tels que cellules, organes, petits animaux, v\u00e9g\u00e9taux, le service d\u2019Imagerie est organis\u00e9 en trois sections :\u00a0 Section d\u2019histologie et\u00a0cytologie Section de\u00a0microscopie \u00e9lectronique Section de\u00a0microscopie optique et\u00a0analyse d\u2019image Ces sections travaillent en \u00e9troite relation pour la prise en charge totale\u00a0ou partielle de vos [&hellip;]","og_url":"https:\/\/imaflow.com\/index.php\/prestations\/prestation-imagerie\/","og_site_name":"Imaflow","article_modified_time":"2025-12-03T10:26:03+00:00","twitter_card":"summary_large_image","twitter_misc":{"Dur\u00e9e de lecture estim\u00e9e":"1 minute"},"schema":{"@context":"https:\/\/schema.org","@graph":[{"@type":"WebPage","@id":"https:\/\/imaflow.com\/index.php\/prestations\/prestation-imagerie\/","url":"https:\/\/imaflow.com\/index.php\/prestations\/prestation-imagerie\/","name":"Prestation Histologie \/ Imagerie - Imaflow","isPartOf":{"@id":"https:\/\/imaflow.com\/#website"},"datePublished":"2023-09-18T08:34:36+00:00","dateModified":"2025-12-03T10:26:03+00:00","breadcrumb":{"@id":"https:\/\/imaflow.com\/index.php\/prestations\/prestation-imagerie\/#breadcrumb"},"inLanguage":"fr-FR","potentialAction":[{"@type":"ReadAction","target":["https:\/\/imaflow.com\/index.php\/prestations\/prestation-imagerie\/"]}]},{"@type":"BreadcrumbList","@id":"https:\/\/imaflow.com\/index.php\/prestations\/prestation-imagerie\/#breadcrumb","itemListElement":[{"@type":"ListItem","position":1,"name":"Accueil","item":"https:\/\/imaflow.com\/"},{"@type":"ListItem","position":2,"name":"Prestations","item":"https:\/\/imaflow.com\/index.php\/prestations\/"},{"@type":"ListItem","position":3,"name":"Prestation Histologie \/ Imagerie"}]},{"@type":"WebSite","@id":"https:\/\/imaflow.com\/#website","url":"https:\/\/imaflow.com\/","name":"Imaflow","description":"","potentialAction":[{"@type":"SearchAction","target":{"@type":"EntryPoint","urlTemplate":"https:\/\/imaflow.com\/?s={search_term_string}"},"query-input":{"@type":"PropertyValueSpecification","valueRequired":true,"valueName":"search_term_string"}}],"inLanguage":"fr-FR"}]}},"_links":{"self":[{"href":"https:\/\/imaflow.com\/index.php\/wp-json\/wp\/v2\/pages\/2495","targetHints":{"allow":["GET"]}}],"collection":[{"href":"https:\/\/imaflow.com\/index.php\/wp-json\/wp\/v2\/pages"}],"about":[{"href":"https:\/\/imaflow.com\/index.php\/wp-json\/wp\/v2\/types\/page"}],"author":[{"embeddable":true,"href":"https:\/\/imaflow.com\/index.php\/wp-json\/wp\/v2\/users\/6"}],"replies":[{"embeddable":true,"href":"https:\/\/imaflow.com\/index.php\/wp-json\/wp\/v2\/comments?post=2495"}],"version-history":[{"count":92,"href":"https:\/\/imaflow.com\/index.php\/wp-json\/wp\/v2\/pages\/2495\/revisions"}],"predecessor-version":[{"id":5448,"href":"https:\/\/imaflow.com\/index.php\/wp-json\/wp\/v2\/pages\/2495\/revisions\/5448"}],"up":[{"embeddable":true,"href":"https:\/\/imaflow.com\/index.php\/wp-json\/wp\/v2\/pages\/2098"}],"wp:attachment":[{"href":"https:\/\/imaflow.com\/index.php\/wp-json\/wp\/v2\/media?parent=2495"}],"curies":[{"name":"wp","href":"https:\/\/api.w.org\/{rel}","templated":true}]}}