{"id":3300,"date":"2023-10-04T09:36:54","date_gmt":"2023-10-04T07:36:54","guid":{"rendered":"http:\/\/imaflow.com\/?page_id=3300"},"modified":"2024-12-13T16:04:02","modified_gmt":"2024-12-13T15:04:02","slug":"equipements-cytometrie","status":"publish","type":"page","link":"https:\/\/imaflow.com\/index.php\/equipement-cytometrie\/equipements-cytometrie\/","title":{"rendered":"Equipements Cytom\u00e9trie"},"content":{"rendered":"\t\t<div data-elementor-type=\"wp-page\" data-elementor-id=\"3300\" class=\"elementor elementor-3300\">\n\t\t\t\t\t\t<section class=\"elementor-section elementor-top-section elementor-element elementor-element-6977b77 elementor-section-stretched elementor-section-boxed elementor-section-height-default elementor-section-height-default\" data-id=\"6977b77\" data-element_type=\"section\" data-e-type=\"section\" data-settings=\"{&quot;stretch_section&quot;:&quot;section-stretched&quot;}\">\n\t\t\t\t\t\t<div class=\"elementor-container elementor-column-gap-default\">\n\t\t\t\t\t<div class=\"elementor-column elementor-col-100 elementor-top-column elementor-element elementor-element-488e5a7\" data-id=\"488e5a7\" data-element_type=\"column\" data-e-type=\"column\">\n\t\t\t<div class=\"elementor-widget-wrap elementor-element-populated\">\n\t\t\t\t\t\t<div class=\"elementor-element elementor-element-8d737f9 elementor-widget elementor-widget-spacer\" data-id=\"8d737f9\" data-element_type=\"widget\" data-e-type=\"widget\" data-widget_type=\"spacer.default\">\n\t\t\t\t<div class=\"elementor-widget-container\">\n\t\t\t\t\t\t\t<div class=\"elementor-spacer\">\n\t\t\t<div class=\"elementor-spacer-inner\"><\/div>\n\t\t<\/div>\n\t\t\t\t\t\t<\/div>\n\t\t\t\t<\/div>\n\t\t\t\t\t<\/div>\n\t\t<\/div>\n\t\t\t\t\t<\/div>\n\t\t<\/section>\n\t\t\t\t<section class=\"elementor-section elementor-top-section elementor-element elementor-element-8fc31f1 elementor-section-stretched elementor-section-boxed elementor-section-height-default elementor-section-height-default\" data-id=\"8fc31f1\" data-element_type=\"section\" data-e-type=\"section\" data-settings=\"{&quot;stretch_section&quot;:&quot;section-stretched&quot;}\">\n\t\t\t\t\t\t<div class=\"elementor-container elementor-column-gap-default\">\n\t\t\t\t\t<div class=\"elementor-column elementor-col-100 elementor-top-column elementor-element elementor-element-3f77a50\" data-id=\"3f77a50\" data-element_type=\"column\" data-e-type=\"column\">\n\t\t\t<div class=\"elementor-widget-wrap elementor-element-populated\">\n\t\t\t\t\t\t<div class=\"elementor-element elementor-element-a73ec02 elementor-widget elementor-widget-heading\" data-id=\"a73ec02\" data-element_type=\"widget\" data-e-type=\"widget\" data-widget_type=\"heading.default\">\n\t\t\t\t<div class=\"elementor-widget-container\">\n\t\t\t\t\t<h2 class=\"elementor-heading-title elementor-size-default\">Nos \u00e9quipements de cytom\u00e9trie en flux<\/h2>\t\t\t\t<\/div>\n\t\t\t\t<\/div>\n\t\t\t\t<div class=\"elementor-element elementor-element-09773d2 elementor-widget-divider--view-line elementor-widget elementor-widget-divider\" data-id=\"09773d2\" data-element_type=\"widget\" data-e-type=\"widget\" data-widget_type=\"divider.default\">\n\t\t\t\t<div class=\"elementor-widget-container\">\n\t\t\t\t\t\t\t<div class=\"elementor-divider\">\n\t\t\t<span class=\"elementor-divider-separator\">\n\t\t\t\t\t\t<\/span>\n\t\t<\/div>\n\t\t\t\t\t\t<\/div>\n\t\t\t\t<\/div>\n\t\t\t\t\t<\/div>\n\t\t<\/div>\n\t\t\t\t\t<\/div>\n\t\t<\/section>\n\t\t\t\t<section class=\"elementor-section elementor-top-section elementor-element elementor-element-a076dea elementor-section-stretched elementor-section-boxed elementor-section-height-default elementor-section-height-default\" data-id=\"a076dea\" data-element_type=\"section\" data-e-type=\"section\" data-settings=\"{&quot;stretch_section&quot;:&quot;section-stretched&quot;}\">\n\t\t\t\t\t\t<div class=\"elementor-container elementor-column-gap-default\">\n\t\t\t\t\t<div class=\"elementor-column elementor-col-50 elementor-top-column elementor-element elementor-element-11e488d\" data-id=\"11e488d\" data-element_type=\"column\" data-e-type=\"column\">\n\t\t\t<div class=\"elementor-widget-wrap elementor-element-populated\">\n\t\t\t\t\t\t<div class=\"elementor-element elementor-element-7e004b9 elementor-widget elementor-widget-sidebar\" data-id=\"7e004b9\" data-element_type=\"widget\" data-e-type=\"widget\" data-widget_type=\"sidebar.default\">\n\t\t\t\t<div class=\"elementor-widget-container\">\n\t\t\t\t\t<div class=\"widget widget_block\"><div class=\"widget-content\">\n<h2 class=\"wp-block-heading has-text-align-center nomequipeatm has-white-color has-vivid-cyan-blue-background-color has-text-color has-background has-medium-font-size\" style=\"font-style:normal;font-weight:600;text-transform:uppercase\">Cytom\u00e9trie<\/h2>\n<\/div><\/div><div class=\"widget widget_block widget_text\"><div class=\"widget-content\">\n<p class=\"has-text-align-center has-small-font-size\"><a href=\"https:\/\/imaflow.com\/index.php\/equipement-cytometrie\/equipements-cytometrie\/cytek-aurora\/\" data-type=\"link\" data-id=\"http:\/\/imaflow.com\/index.php\/cytek-aurora\/\">CYTEK AURORA<\/a><\/p>\n<\/div><\/div><div class=\"widget widget_block widget_text\"><div class=\"widget-content\">\n<p class=\"has-text-align-center has-small-font-size\"><a href=\"https:\/\/imaflow.com\/index.php\/equipement-cytometrie\/equipements-cytometrie\/bd-lsr-ii\/\" data-type=\"link\" data-id=\"http:\/\/imaflow.com\/index.php\/cytek-aurora\/\">BD LSR II<\/a><\/p>\n<\/div><\/div><div class=\"widget widget_block widget_text\"><div class=\"widget-content\">\n<p class=\"has-text-align-center has-small-font-size\"><a href=\"https:\/\/imaflow.com\/index.php\/equipement-cytometrie\/equipements-cytometrie\/bd-lsr-fortessa\/\" data-type=\"link\" data-id=\"http:\/\/imaflow.com\/index.php\/cytek-aurora\/\">BD LSR Fortessa<\/a><\/p>\n<\/div><\/div><div class=\"widget widget_block widget_text\"><div class=\"widget-content\">\n<p class=\"has-text-align-center has-small-font-size\"><a href=\"https:\/\/imaflow.com\/index.php\/equipement-cytometrie\/equipements-cytometrie\/bd-facs-aria-iii\/\" data-type=\"link\" data-id=\"http:\/\/imaflow.com\/index.php\/cytek-aurora\/\">BD FACS ARIA III<\/a><\/p>\n<\/div><\/div><div class=\"widget widget_block widget_text\"><div class=\"widget-content\">\n<p class=\"has-text-align-center has-small-font-size\"><a href=\"https:\/\/imaflow.com\/index.php\/equipement-cytometrie\/equipements-cytometrie\/bd-facs-melody\/\" data-type=\"link\" data-id=\"http:\/\/imaflow.com\/index.php\/cytek-aurora\/\">BD FACS Melody\u2122<\/a><\/p>\n<\/div><\/div><div class=\"widget widget_block widget_text\"><div class=\"widget-content\">\n<p class=\"has-text-align-center has-small-font-size\"><a href=\"https:\/\/imaflow.com\/index.php\/equipement-cytometrie\/equipements-cytometrie\/multimacstm-cell-24-separator-plus-miltenyi-biotec\/\" data-type=\"link\" data-id=\"http:\/\/imaflow.com\/index.php\/cytek-aurora\/\">MultiMACS\u2122 Cell 24 Separator Plus<\/a><\/p>\n<\/div><\/div>\t\t\t\t<\/div>\n\t\t\t\t<\/div>\n\t\t\t\t<div class=\"elementor-element elementor-element-8a2c834 elementor-widget-divider--view-line elementor-widget elementor-widget-divider\" data-id=\"8a2c834\" data-element_type=\"widget\" data-e-type=\"widget\" data-widget_type=\"divider.default\">\n\t\t\t\t<div class=\"elementor-widget-container\">\n\t\t\t\t\t\t\t<div class=\"elementor-divider\">\n\t\t\t<span class=\"elementor-divider-separator\">\n\t\t\t\t\t\t<\/span>\n\t\t<\/div>\n\t\t\t\t\t\t<\/div>\n\t\t\t\t<\/div>\n\t\t\t\t<div class=\"elementor-element elementor-element-0be3891 elementor-widget elementor-widget-image\" data-id=\"0be3891\" data-element_type=\"widget\" data-e-type=\"widget\" data-widget_type=\"image.default\">\n\t\t\t\t<div class=\"elementor-widget-container\">\n\t\t\t\t\t\t\t\t\t\t\t\t\t\t\t<img decoding=\"async\" src=\"https:\/\/imaflowtest.fr\/wp-content\/uploads\/2023\/07\/1657166095927.png\" title=\"\" alt=\"\" loading=\"lazy\" \/>\t\t\t\t\t\t\t\t\t\t\t\t\t\t\t<\/div>\n\t\t\t\t<\/div>\n\t\t\t\t<div class=\"elementor-element elementor-element-9ecb311 elementor-widget elementor-widget-text-editor\" data-id=\"9ecb311\" data-element_type=\"widget\" data-e-type=\"widget\" data-widget_type=\"text-editor.default\">\n\t\t\t\t<div class=\"elementor-widget-container\">\n\t\t\t\t\t\t\t\t\t<p>N&rsquo;h\u00e9sitez pas \u00e0 nous consulter pour choisir l&rsquo;appareil le mieux adapt\u00e9 \u00e0 votre application<\/p>\t\t\t\t\t\t\t\t<\/div>\n\t\t\t\t<\/div>\n\t\t\t\t<div class=\"elementor-element elementor-element-7367264 elementor-align-center elementor-widget elementor-widget-button\" data-id=\"7367264\" data-element_type=\"widget\" data-e-type=\"widget\" data-widget_type=\"button.default\">\n\t\t\t\t<div class=\"elementor-widget-container\">\n\t\t\t\t\t\t\t\t\t<div class=\"elementor-button-wrapper\">\n\t\t\t\t\t<a class=\"elementor-button elementor-button-link elementor-size-sm\" href=\"http:\/\/imaflow.com\/index.php\/acces-contact\/\" target=\"_blank\">\n\t\t\t\t\t\t<span class=\"elementor-button-content-wrapper\">\n\t\t\t\t\t\t\t\t\t<span class=\"elementor-button-text\">Nous Contacter<\/span>\n\t\t\t\t\t<\/span>\n\t\t\t\t\t<\/a>\n\t\t\t\t<\/div>\n\t\t\t\t\t\t\t\t<\/div>\n\t\t\t\t<\/div>\n\t\t\t\t\t<\/div>\n\t\t<\/div>\n\t\t\t\t<div class=\"elementor-column elementor-col-50 elementor-top-column elementor-element elementor-element-3d37fea\" data-id=\"3d37fea\" data-element_type=\"column\" data-e-type=\"column\">\n\t\t\t<div class=\"elementor-widget-wrap elementor-element-populated\">\n\t\t\t\t\t\t<div class=\"elementor-element elementor-element-f78ebfe elementor-widget elementor-widget-text-editor\" data-id=\"f78ebfe\" data-element_type=\"widget\" data-e-type=\"widget\" data-widget_type=\"text-editor.default\">\n\t\t\t\t<div class=\"elementor-widget-container\">\n\t\t\t\t\t\t\t\t\t<p>Notre plateforme est \u00e9quip\u00e9e de diff\u00e9rents cytom\u00e8tres analyseurs \u00e0 technologie conventionnelle et spectrale. Notre parc d&rsquo;instruments comprend \u00e9galement des trieurs de cellules fonctionnant soit par tri magn\u00e9tique, soit par FACS.<\/p><p>Les tableaux ci-dessous pr\u00e9sentent rapidement l&rsquo;ensemble des \u00e9quipements disponibles. Veuillez cliquer sur le menu de gauche pour plus de pr\u00e9cisions concernant les instruments.<\/p>\t\t\t\t\t\t\t\t<\/div>\n\t\t\t\t<\/div>\n\t\t\t\t<div class=\"elementor-element elementor-element-e62e05c elementor-widget-divider--view-line elementor-widget elementor-widget-divider\" data-id=\"e62e05c\" data-element_type=\"widget\" data-e-type=\"widget\" data-widget_type=\"divider.default\">\n\t\t\t\t<div class=\"elementor-widget-container\">\n\t\t\t\t\t\t\t<div class=\"elementor-divider\">\n\t\t\t<span class=\"elementor-divider-separator\">\n\t\t\t\t\t\t<\/span>\n\t\t<\/div>\n\t\t\t\t\t\t<\/div>\n\t\t\t\t<\/div>\n\t\t\t\t<div class=\"elementor-element elementor-element-a8994fd elementor-widget elementor-widget-text-editor\" data-id=\"a8994fd\" data-element_type=\"widget\" data-e-type=\"widget\" data-widget_type=\"text-editor.default\">\n\t\t\t\t<div class=\"elementor-widget-container\">\n\t\t\t\t\t\t\t\t\t<p><strong>Cytom\u00e8tres analyseurs<\/strong><\/p>\t\t\t\t\t\t\t\t<\/div>\n\t\t\t\t<\/div>\n\t\t\t\t<div class=\"elementor-element elementor-element-2efea36 elementor-widget elementor-widget-image\" data-id=\"2efea36\" data-element_type=\"widget\" data-e-type=\"widget\" data-widget_type=\"image.default\">\n\t\t\t\t<div class=\"elementor-widget-container\">\n\t\t\t\t\t\t\t\t\t\t\t\t\t\t\t<img fetchpriority=\"high\" decoding=\"async\" width=\"799\" height=\"180\" src=\"https:\/\/imaflow.com\/wp-content\/uploads\/2023\/10\/Eq4.png\" class=\"attachment-large size-large wp-image-3317\" alt=\"\" srcset=\"https:\/\/imaflow.com\/wp-content\/uploads\/2023\/10\/Eq4.png 799w, https:\/\/imaflow.com\/wp-content\/uploads\/2023\/10\/Eq4-300x68.png 300w, https:\/\/imaflow.com\/wp-content\/uploads\/2023\/10\/Eq4-768x173.png 768w\" sizes=\"(max-width: 799px) 100vw, 799px\" \/>\t\t\t\t\t\t\t\t\t\t\t\t\t\t\t<\/div>\n\t\t\t\t<\/div>\n\t\t\t\t<div class=\"elementor-element elementor-element-cad8475 elementor-widget-divider--view-line elementor-widget elementor-widget-divider\" data-id=\"cad8475\" data-element_type=\"widget\" data-e-type=\"widget\" data-widget_type=\"divider.default\">\n\t\t\t\t<div class=\"elementor-widget-container\">\n\t\t\t\t\t\t\t<div class=\"elementor-divider\">\n\t\t\t<span class=\"elementor-divider-separator\">\n\t\t\t\t\t\t<\/span>\n\t\t<\/div>\n\t\t\t\t\t\t<\/div>\n\t\t\t\t<\/div>\n\t\t\t\t<div class=\"elementor-element elementor-element-f10361a elementor-widget__width-initial elementor-widget elementor-widget-text-editor\" data-id=\"f10361a\" data-element_type=\"widget\" data-e-type=\"widget\" data-widget_type=\"text-editor.default\">\n\t\t\t\t<div class=\"elementor-widget-container\">\n\t\t\t\t\t\t\t\t\t<p><strong>Trieurs FACS<\/strong><\/p>\t\t\t\t\t\t\t\t<\/div>\n\t\t\t\t<\/div>\n\t\t\t\t<div class=\"elementor-element elementor-element-4b66b3e elementor-widget elementor-widget-image\" data-id=\"4b66b3e\" data-element_type=\"widget\" data-e-type=\"widget\" data-widget_type=\"image.default\">\n\t\t\t\t<div class=\"elementor-widget-container\">\n\t\t\t\t\t\t\t\t\t\t\t\t\t\t\t<img decoding=\"async\" width=\"1011\" height=\"152\" src=\"https:\/\/imaflow.com\/wp-content\/uploads\/2023\/10\/Eq2.png\" class=\"attachment-large size-large wp-image-3311\" alt=\"\" srcset=\"https:\/\/imaflow.com\/wp-content\/uploads\/2023\/10\/Eq2.png 1011w, https:\/\/imaflow.com\/wp-content\/uploads\/2023\/10\/Eq2-300x45.png 300w, https:\/\/imaflow.com\/wp-content\/uploads\/2023\/10\/Eq2-768x115.png 768w\" sizes=\"(max-width: 1011px) 100vw, 1011px\" \/>\t\t\t\t\t\t\t\t\t\t\t\t\t\t\t<\/div>\n\t\t\t\t<\/div>\n\t\t\t\t<div class=\"elementor-element elementor-element-7d5c804 elementor-widget-divider--view-line elementor-widget elementor-widget-divider\" data-id=\"7d5c804\" data-element_type=\"widget\" data-e-type=\"widget\" data-widget_type=\"divider.default\">\n\t\t\t\t<div class=\"elementor-widget-container\">\n\t\t\t\t\t\t\t<div class=\"elementor-divider\">\n\t\t\t<span class=\"elementor-divider-separator\">\n\t\t\t\t\t\t<\/span>\n\t\t<\/div>\n\t\t\t\t\t\t<\/div>\n\t\t\t\t<\/div>\n\t\t\t\t<div class=\"elementor-element elementor-element-23c5842 elementor-widget elementor-widget-text-editor\" data-id=\"23c5842\" data-element_type=\"widget\" data-e-type=\"widget\" data-widget_type=\"text-editor.default\">\n\t\t\t\t<div class=\"elementor-widget-container\">\n\t\t\t\t\t\t\t\t\t<p><strong>Trieurs magn\u00e9tiques<\/strong><\/p>\t\t\t\t\t\t\t\t<\/div>\n\t\t\t\t<\/div>\n\t\t\t\t<div class=\"elementor-element elementor-element-fddbc18 elementor-widget elementor-widget-image\" data-id=\"fddbc18\" data-element_type=\"widget\" data-e-type=\"widget\" data-widget_type=\"image.default\">\n\t\t\t\t<div class=\"elementor-widget-container\">\n\t\t\t\t\t\t\t\t\t\t\t\t\t\t\t<img decoding=\"async\" width=\"647\" height=\"84\" src=\"https:\/\/imaflow.com\/wp-content\/uploads\/2024\/12\/MultiMACS.png\" class=\"attachment-large size-large wp-image-5166\" alt=\"\" srcset=\"https:\/\/imaflow.com\/wp-content\/uploads\/2024\/12\/MultiMACS.png 647w, https:\/\/imaflow.com\/wp-content\/uploads\/2024\/12\/MultiMACS-300x39.png 300w\" sizes=\"(max-width: 647px) 100vw, 647px\" \/>\t\t\t\t\t\t\t\t\t\t\t\t\t\t\t<\/div>\n\t\t\t\t<\/div>\n\t\t\t\t\t<\/div>\n\t\t<\/div>\n\t\t\t\t\t<\/div>\n\t\t<\/section>\n\t\t\t\t<\/div>\n\t\t","protected":false},"excerpt":{"rendered":"<p>Nos \u00e9quipements de cytom\u00e9trie en flux N&rsquo;h\u00e9sitez pas \u00e0 nous consulter pour choisir l&rsquo;appareil le mieux adapt\u00e9 \u00e0 votre application Nous Contacter Notre plateforme est \u00e9quip\u00e9e de diff\u00e9rents cytom\u00e8tres analyseurs \u00e0 technologie conventionnelle et spectrale. Notre parc d&rsquo;instruments comprend \u00e9galement des trieurs de cellules fonctionnant soit par tri magn\u00e9tique, soit par FACS. Les tableaux ci-dessous [&hellip;]<\/p>\n","protected":false},"author":6,"featured_media":0,"parent":2006,"menu_order":0,"comment_status":"closed","ping_status":"closed","template":"elementor_header_footer","meta":{"footnotes":""},"class_list":["post-3300","page","type-page","status-publish","hentry","entry"],"yoast_head":"<!-- This site is optimized with the Yoast SEO plugin v27.1.1 - https:\/\/yoast.com\/product\/yoast-seo-wordpress\/ -->\n<title>Equipements Cytom\u00e9trie - Imaflow<\/title>\n<meta name=\"robots\" content=\"index, follow, max-snippet:-1, max-image-preview:large, max-video-preview:-1\" \/>\n<link rel=\"canonical\" href=\"https:\/\/imaflow.com\/index.php\/equipement-cytometrie\/equipements-cytometrie\/\" \/>\n<meta property=\"og:locale\" content=\"fr_FR\" \/>\n<meta property=\"og:type\" content=\"article\" \/>\n<meta property=\"og:title\" content=\"Equipements Cytom\u00e9trie - Imaflow\" \/>\n<meta property=\"og:description\" content=\"Nos \u00e9quipements de cytom\u00e9trie en flux N&rsquo;h\u00e9sitez pas \u00e0 nous consulter pour choisir l&rsquo;appareil le mieux adapt\u00e9 \u00e0 votre application Nous Contacter Notre plateforme est \u00e9quip\u00e9e de diff\u00e9rents cytom\u00e8tres analyseurs \u00e0 technologie conventionnelle et spectrale. Notre parc d&rsquo;instruments comprend \u00e9galement des trieurs de cellules fonctionnant soit par tri magn\u00e9tique, soit par FACS. Les tableaux ci-dessous [&hellip;]\" \/>\n<meta property=\"og:url\" content=\"https:\/\/imaflow.com\/index.php\/equipement-cytometrie\/equipements-cytometrie\/\" \/>\n<meta property=\"og:site_name\" content=\"Imaflow\" \/>\n<meta property=\"article:modified_time\" content=\"2024-12-13T15:04:02+00:00\" \/>\n<meta property=\"og:image\" content=\"https:\/\/imaflowtest.fr\/wp-content\/uploads\/2023\/07\/1657166095927.png\" \/>\n<meta name=\"twitter:card\" content=\"summary_large_image\" \/>\n<meta name=\"twitter:label1\" content=\"Dur\u00e9e de lecture estim\u00e9e\" \/>\n\t<meta name=\"twitter:data1\" content=\"2 minutes\" \/>\n<script type=\"application\/ld+json\" class=\"yoast-schema-graph\">{\"@context\":\"https:\/\/schema.org\",\"@graph\":[{\"@type\":\"WebPage\",\"@id\":\"https:\/\/imaflow.com\/index.php\/equipement-cytometrie\/equipements-cytometrie\/\",\"url\":\"https:\/\/imaflow.com\/index.php\/equipement-cytometrie\/equipements-cytometrie\/\",\"name\":\"Equipements Cytom\u00e9trie - Imaflow\",\"isPartOf\":{\"@id\":\"https:\/\/imaflow.com\/#website\"},\"primaryImageOfPage\":{\"@id\":\"https:\/\/imaflow.com\/index.php\/equipement-cytometrie\/equipements-cytometrie\/#primaryimage\"},\"image\":{\"@id\":\"https:\/\/imaflow.com\/index.php\/equipement-cytometrie\/equipements-cytometrie\/#primaryimage\"},\"thumbnailUrl\":\"https:\/\/imaflowtest.fr\/wp-content\/uploads\/2023\/07\/1657166095927.png\",\"datePublished\":\"2023-10-04T07:36:54+00:00\",\"dateModified\":\"2024-12-13T15:04:02+00:00\",\"breadcrumb\":{\"@id\":\"https:\/\/imaflow.com\/index.php\/equipement-cytometrie\/equipements-cytometrie\/#breadcrumb\"},\"inLanguage\":\"fr-FR\",\"potentialAction\":[{\"@type\":\"ReadAction\",\"target\":[\"https:\/\/imaflow.com\/index.php\/equipement-cytometrie\/equipements-cytometrie\/\"]}]},{\"@type\":\"ImageObject\",\"inLanguage\":\"fr-FR\",\"@id\":\"https:\/\/imaflow.com\/index.php\/equipement-cytometrie\/equipements-cytometrie\/#primaryimage\",\"url\":\"https:\/\/imaflowtest.fr\/wp-content\/uploads\/2023\/07\/1657166095927.png\",\"contentUrl\":\"https:\/\/imaflowtest.fr\/wp-content\/uploads\/2023\/07\/1657166095927.png\"},{\"@type\":\"BreadcrumbList\",\"@id\":\"https:\/\/imaflow.com\/index.php\/equipement-cytometrie\/equipements-cytometrie\/#breadcrumb\",\"itemListElement\":[{\"@type\":\"ListItem\",\"position\":1,\"name\":\"Accueil\",\"item\":\"https:\/\/imaflow.com\/\"},{\"@type\":\"ListItem\",\"position\":2,\"name\":\"Equipements\",\"item\":\"https:\/\/imaflow.com\/index.php\/equipement-cytometrie\/\"},{\"@type\":\"ListItem\",\"position\":3,\"name\":\"Equipements Cytom\u00e9trie\"}]},{\"@type\":\"WebSite\",\"@id\":\"https:\/\/imaflow.com\/#website\",\"url\":\"https:\/\/imaflow.com\/\",\"name\":\"Imaflow\",\"description\":\"\",\"potentialAction\":[{\"@type\":\"SearchAction\",\"target\":{\"@type\":\"EntryPoint\",\"urlTemplate\":\"https:\/\/imaflow.com\/?s={search_term_string}\"},\"query-input\":{\"@type\":\"PropertyValueSpecification\",\"valueRequired\":true,\"valueName\":\"search_term_string\"}}],\"inLanguage\":\"fr-FR\"}]}<\/script>\n<!-- \/ Yoast SEO plugin. -->","yoast_head_json":{"title":"Equipements Cytom\u00e9trie - Imaflow","robots":{"index":"index","follow":"follow","max-snippet":"max-snippet:-1","max-image-preview":"max-image-preview:large","max-video-preview":"max-video-preview:-1"},"canonical":"https:\/\/imaflow.com\/index.php\/equipement-cytometrie\/equipements-cytometrie\/","og_locale":"fr_FR","og_type":"article","og_title":"Equipements Cytom\u00e9trie - Imaflow","og_description":"Nos \u00e9quipements de cytom\u00e9trie en flux N&rsquo;h\u00e9sitez pas \u00e0 nous consulter pour choisir l&rsquo;appareil le mieux adapt\u00e9 \u00e0 votre application Nous Contacter Notre plateforme est \u00e9quip\u00e9e de diff\u00e9rents cytom\u00e8tres analyseurs \u00e0 technologie conventionnelle et spectrale. Notre parc d&rsquo;instruments comprend \u00e9galement des trieurs de cellules fonctionnant soit par tri magn\u00e9tique, soit par FACS. Les tableaux ci-dessous [&hellip;]","og_url":"https:\/\/imaflow.com\/index.php\/equipement-cytometrie\/equipements-cytometrie\/","og_site_name":"Imaflow","article_modified_time":"2024-12-13T15:04:02+00:00","og_image":[{"url":"https:\/\/imaflowtest.fr\/wp-content\/uploads\/2023\/07\/1657166095927.png","type":"","width":"","height":""}],"twitter_card":"summary_large_image","twitter_misc":{"Dur\u00e9e de lecture estim\u00e9e":"2 minutes"},"schema":{"@context":"https:\/\/schema.org","@graph":[{"@type":"WebPage","@id":"https:\/\/imaflow.com\/index.php\/equipement-cytometrie\/equipements-cytometrie\/","url":"https:\/\/imaflow.com\/index.php\/equipement-cytometrie\/equipements-cytometrie\/","name":"Equipements Cytom\u00e9trie - Imaflow","isPartOf":{"@id":"https:\/\/imaflow.com\/#website"},"primaryImageOfPage":{"@id":"https:\/\/imaflow.com\/index.php\/equipement-cytometrie\/equipements-cytometrie\/#primaryimage"},"image":{"@id":"https:\/\/imaflow.com\/index.php\/equipement-cytometrie\/equipements-cytometrie\/#primaryimage"},"thumbnailUrl":"https:\/\/imaflowtest.fr\/wp-content\/uploads\/2023\/07\/1657166095927.png","datePublished":"2023-10-04T07:36:54+00:00","dateModified":"2024-12-13T15:04:02+00:00","breadcrumb":{"@id":"https:\/\/imaflow.com\/index.php\/equipement-cytometrie\/equipements-cytometrie\/#breadcrumb"},"inLanguage":"fr-FR","potentialAction":[{"@type":"ReadAction","target":["https:\/\/imaflow.com\/index.php\/equipement-cytometrie\/equipements-cytometrie\/"]}]},{"@type":"ImageObject","inLanguage":"fr-FR","@id":"https:\/\/imaflow.com\/index.php\/equipement-cytometrie\/equipements-cytometrie\/#primaryimage","url":"https:\/\/imaflowtest.fr\/wp-content\/uploads\/2023\/07\/1657166095927.png","contentUrl":"https:\/\/imaflowtest.fr\/wp-content\/uploads\/2023\/07\/1657166095927.png"},{"@type":"BreadcrumbList","@id":"https:\/\/imaflow.com\/index.php\/equipement-cytometrie\/equipements-cytometrie\/#breadcrumb","itemListElement":[{"@type":"ListItem","position":1,"name":"Accueil","item":"https:\/\/imaflow.com\/"},{"@type":"ListItem","position":2,"name":"Equipements","item":"https:\/\/imaflow.com\/index.php\/equipement-cytometrie\/"},{"@type":"ListItem","position":3,"name":"Equipements Cytom\u00e9trie"}]},{"@type":"WebSite","@id":"https:\/\/imaflow.com\/#website","url":"https:\/\/imaflow.com\/","name":"Imaflow","description":"","potentialAction":[{"@type":"SearchAction","target":{"@type":"EntryPoint","urlTemplate":"https:\/\/imaflow.com\/?s={search_term_string}"},"query-input":{"@type":"PropertyValueSpecification","valueRequired":true,"valueName":"search_term_string"}}],"inLanguage":"fr-FR"}]}},"_links":{"self":[{"href":"https:\/\/imaflow.com\/index.php\/wp-json\/wp\/v2\/pages\/3300","targetHints":{"allow":["GET"]}}],"collection":[{"href":"https:\/\/imaflow.com\/index.php\/wp-json\/wp\/v2\/pages"}],"about":[{"href":"https:\/\/imaflow.com\/index.php\/wp-json\/wp\/v2\/types\/page"}],"author":[{"embeddable":true,"href":"https:\/\/imaflow.com\/index.php\/wp-json\/wp\/v2\/users\/6"}],"replies":[{"embeddable":true,"href":"https:\/\/imaflow.com\/index.php\/wp-json\/wp\/v2\/comments?post=3300"}],"version-history":[{"count":37,"href":"https:\/\/imaflow.com\/index.php\/wp-json\/wp\/v2\/pages\/3300\/revisions"}],"predecessor-version":[{"id":5169,"href":"https:\/\/imaflow.com\/index.php\/wp-json\/wp\/v2\/pages\/3300\/revisions\/5169"}],"up":[{"embeddable":true,"href":"https:\/\/imaflow.com\/index.php\/wp-json\/wp\/v2\/pages\/2006"}],"wp:attachment":[{"href":"https:\/\/imaflow.com\/index.php\/wp-json\/wp\/v2\/media?parent=3300"}],"curies":[{"name":"wp","href":"https:\/\/api.w.org\/{rel}","templated":true}]}}