{"id":39,"date":"2023-05-31T11:59:32","date_gmt":"2023-05-31T09:59:32","guid":{"rendered":"http:\/\/localhost\/imaflow\/?page_id=39"},"modified":"2025-09-22T13:08:16","modified_gmt":"2025-09-22T11:08:16","slug":"histologie","status":"publish","type":"page","link":"https:\/\/imaflow.com\/index.php\/prestations\/prestation-imagerie\/histologie\/","title":{"rendered":"Pr\u00e9paration Histo-cytologique"},"content":{"rendered":"\t\t<div data-elementor-type=\"wp-page\" data-elementor-id=\"39\" class=\"elementor elementor-39\">\n\t\t\t\t\t\t<section class=\"elementor-section elementor-top-section elementor-element elementor-element-92329c1 elementor-section-stretched elementor-section-boxed elementor-section-height-default elementor-section-height-default\" data-id=\"92329c1\" data-element_type=\"section\" data-e-type=\"section\" data-settings=\"{&quot;stretch_section&quot;:&quot;section-stretched&quot;}\">\n\t\t\t\t\t\t<div class=\"elementor-container elementor-column-gap-default\">\n\t\t\t\t\t<div class=\"elementor-column elementor-col-100 elementor-top-column elementor-element elementor-element-00fc130\" data-id=\"00fc130\" data-element_type=\"column\" data-e-type=\"column\">\n\t\t\t<div class=\"elementor-widget-wrap elementor-element-populated\">\n\t\t\t\t\t\t<div class=\"elementor-element elementor-element-852e9a2 elementor-widget elementor-widget-spacer\" data-id=\"852e9a2\" data-element_type=\"widget\" data-e-type=\"widget\" data-widget_type=\"spacer.default\">\n\t\t\t\t<div class=\"elementor-widget-container\">\n\t\t\t\t\t\t\t<div class=\"elementor-spacer\">\n\t\t\t<div class=\"elementor-spacer-inner\"><\/div>\n\t\t<\/div>\n\t\t\t\t\t\t<\/div>\n\t\t\t\t<\/div>\n\t\t\t\t<div class=\"elementor-element elementor-element-3c7a617 elementor-widget elementor-widget-heading\" data-id=\"3c7a617\" data-element_type=\"widget\" data-e-type=\"widget\" data-widget_type=\"heading.default\">\n\t\t\t\t<div class=\"elementor-widget-container\">\n\t\t\t\t\t<h2 class=\"elementor-heading-title elementor-size-default\">Pr\u00e9paration histo-cytologique de vos \u00e9chantillons<\/h2>\t\t\t\t<\/div>\n\t\t\t\t<\/div>\n\t\t\t\t<div class=\"elementor-element elementor-element-0e0ca36 elementor-widget-divider--view-line elementor-widget elementor-widget-divider\" data-id=\"0e0ca36\" data-element_type=\"widget\" data-e-type=\"widget\" data-widget_type=\"divider.default\">\n\t\t\t\t<div class=\"elementor-widget-container\">\n\t\t\t\t\t\t\t<div class=\"elementor-divider\">\n\t\t\t<span class=\"elementor-divider-separator\">\n\t\t\t\t\t\t<\/span>\n\t\t<\/div>\n\t\t\t\t\t\t<\/div>\n\t\t\t\t<\/div>\n\t\t\t\t\t<\/div>\n\t\t<\/div>\n\t\t\t\t\t<\/div>\n\t\t<\/section>\n\t\t\t\t<section class=\"elementor-section elementor-top-section elementor-element elementor-element-142b0ce elementor-section-boxed elementor-section-height-default elementor-section-height-default\" data-id=\"142b0ce\" data-element_type=\"section\" data-e-type=\"section\">\n\t\t\t\t\t\t<div class=\"elementor-container elementor-column-gap-default\">\n\t\t\t\t\t<div class=\"elementor-column elementor-col-100 elementor-top-column elementor-element elementor-element-f58f7ab\" data-id=\"f58f7ab\" data-element_type=\"column\" data-e-type=\"column\">\n\t\t\t<div class=\"elementor-widget-wrap elementor-element-populated\">\n\t\t\t\t\t\t<div class=\"elementor-element elementor-element-47f196f elementor-widget__width-initial elementor-widget elementor-widget-text-editor\" data-id=\"47f196f\" data-element_type=\"widget\" data-e-type=\"widget\" data-widget_type=\"text-editor.default\">\n\t\t\t\t<div class=\"elementor-widget-container\">\n\t\t\t\t\t\t\t\t\t<p><b><u>Pr\u00e9paration de l&rsquo;\u00e9chantillon pour une observation microscopique \u00e9lectronique optique<\/u><\/b><\/p>\t\t\t\t\t\t\t\t<\/div>\n\t\t\t\t<\/div>\n\t\t\t\t<div class=\"elementor-element elementor-element-69c5d1c elementor-widget__width-initial elementor-widget elementor-widget-text-editor\" data-id=\"69c5d1c\" data-element_type=\"widget\" data-e-type=\"widget\" data-widget_type=\"text-editor.default\">\n\t\t\t\t<div class=\"elementor-widget-container\">\n\t\t\t\t\t\t\t\t\t<p>Pour assurer une bonne pr\u00e9paration de vos \u00e9chantillons pour l&rsquo;observation en microscopie optique, il convient de <strong>respecter les bonnes pratiques de pr\u00e9l\u00e8vement <span style=\"color: #ff0000;\"><a style=\"color: #ff0000;\" href=\"http:\/\/imaflow.com\/wp-content\/uploads\/2025\/09\/E.Formulaire-Travaux_v08.pdf\" target=\"_blank\" rel=\"noopener\">\u00e0 t\u00e9l\u00e9charger ici.<\/a><\/span><\/strong><\/p><p>La taille maximale des \u00e9chantillons pris en charge est d&rsquo;1 cm\u00b3.<\/p><p>Les \u00e9tapes de <strong>fixation\u00a0<\/strong>et d&rsquo;<strong>inclusion <\/strong>sont r\u00e9alis\u00e9es par nos soins.<\/p>\t\t\t\t\t\t\t\t<\/div>\n\t\t\t\t<\/div>\n\t\t\t\t<div class=\"elementor-element elementor-element-66af561 elementor-widget__width-initial elementor-widget elementor-widget-text-editor\" data-id=\"66af561\" data-element_type=\"widget\" data-e-type=\"widget\" data-widget_type=\"text-editor.default\">\n\t\t\t\t<div class=\"elementor-widget-container\">\n\t\t\t\t\t\t\t\t\t<p><b><u>Fixations courantes :<\/u><\/b><\/p>\t\t\t\t\t\t\t\t<\/div>\n\t\t\t\t<\/div>\n\t\t\t\t<div class=\"elementor-element elementor-element-8ed6cb5 elementor-widget__width-initial elementor-widget elementor-widget-text-editor\" data-id=\"8ed6cb5\" data-element_type=\"widget\" data-e-type=\"widget\" data-widget_type=\"text-editor.default\">\n\t\t\t\t<div class=\"elementor-widget-container\">\n\t\t\t\t\t\t\t\t\t<ul>\n<li style=\"list-style-type: none;\">\n<ul>\n<li>au formol tamponn\u00e9 4%<\/li>\n<li>\u00e0 l\u2019AFA<\/li>\n<li>au fixateur de Carnoy<\/li>\n<\/ul>\n<\/li>\n<\/ul>\n<p>D\u2019autres fixateurs peuvent \u00e9galement \u00eatre envisag\u00e9s selon vos besoins.<\/p>\t\t\t\t\t\t\t\t<\/div>\n\t\t\t\t<\/div>\n\t\t\t\t<div class=\"elementor-element elementor-element-b9ef9d1 elementor-widget__width-initial elementor-widget elementor-widget-text-editor\" data-id=\"b9ef9d1\" data-element_type=\"widget\" data-e-type=\"widget\" data-widget_type=\"text-editor.default\">\n\t\t\t\t<div class=\"elementor-widget-container\">\n\t\t\t\t\t\t\t\t\t<p><b><u>Inclusions :<\/u><\/b><\/p>\t\t\t\t\t\t\t\t<\/div>\n\t\t\t\t<\/div>\n\t\t\t\t<div class=\"elementor-element elementor-element-b94a97c elementor-widget__width-initial elementor-widget elementor-widget-text-editor\" data-id=\"b94a97c\" data-element_type=\"widget\" data-e-type=\"widget\" data-widget_type=\"text-editor.default\">\n\t\t\t\t<div class=\"elementor-widget-container\">\n\t\t\t\t\t\t\t\t\t<ul><li style=\"list-style-type: none;\"><ul><li>en paraffine (\u00e0 chaud)<\/li><li>Inclusion par cong\u00e9lation en Tissue Tek (\u00e0 froid)<\/li><li>Inclusions sp\u00e9cifiques de Tissue Micro-Array<\/li><li>D\u00e9p\u00f4t de cellules sur lames par la technique de Cytospin<\/li><\/ul><\/li><\/ul>\t\t\t\t\t\t\t\t<\/div>\n\t\t\t\t<\/div>\n\t\t\t\t<div class=\"elementor-element elementor-element-da267d3 elementor-widget__width-initial elementor-widget elementor-widget-text-editor\" data-id=\"da267d3\" data-element_type=\"widget\" data-e-type=\"widget\" data-widget_type=\"text-editor.default\">\n\t\t\t\t<div class=\"elementor-widget-container\">\n\t\t\t\t\t\t\t\t\t<p><b><u>Coupes :<\/u><\/b><\/p>\t\t\t\t\t\t\t\t<\/div>\n\t\t\t\t<\/div>\n\t\t\t\t<div class=\"elementor-element elementor-element-bc39771 elementor-widget__width-initial elementor-widget elementor-widget-text-editor\" data-id=\"bc39771\" data-element_type=\"widget\" data-e-type=\"widget\" data-widget_type=\"text-editor.default\">\n\t\t\t\t<div class=\"elementor-widget-container\">\n\t\t\t\t\t\t\t\t\t<ul><li style=\"list-style-type: none;\"><ul><li>\u00a0au microtome (bloc paraffine)<\/li><li>au cryostat (bloc congel\u00e9)<\/li><\/ul><\/li><\/ul><ul><li style=\"list-style-type: none;\">\u00a0L&rsquo;<strong style=\"font-size: 17px;\">\u00e9paisseur<\/strong><span style=\"font-size: 17px;\"> de coupe standard est de <\/span><strong style=\"font-size: 17px;\">4 \u00b5m<\/strong><span style=\"font-size: 17px;\">.<\/span><\/li><\/ul><p>\u00c0 la demande, nous pouvons r\u00e9aliser des coupes de diff\u00e9rentes \u00e9paisseurs.<\/p>\t\t\t\t\t\t\t\t<\/div>\n\t\t\t\t<\/div>\n\t\t\t\t<div class=\"elementor-element elementor-element-95ac34b elementor-widget__width-initial elementor-widget elementor-widget-text-editor\" data-id=\"95ac34b\" data-element_type=\"widget\" data-e-type=\"widget\" data-widget_type=\"text-editor.default\">\n\t\t\t\t<div class=\"elementor-widget-container\">\n\t\t\t\t\t\t\t\t\t<p><b><u>Pr\u00e9paration de l&rsquo;\u00e9chantillon pour une observation microscopique \u00e9lectronique :<\/u><\/b><\/p>\t\t\t\t\t\t\t\t<\/div>\n\t\t\t\t<\/div>\n\t\t\t\t<div class=\"elementor-element elementor-element-409f44e elementor-widget__width-initial elementor-widget elementor-widget-text-editor\" data-id=\"409f44e\" data-element_type=\"widget\" data-e-type=\"widget\" data-widget_type=\"text-editor.default\">\n\t\t\t\t<div class=\"elementor-widget-container\">\n\t\t\t\t\t\t\t\t\t<p><br><\/p>\n<p>Echantillons pris en charge :<\/p>\n<ul>\n<li>Tout type de fragments biologiques \u2013 animaux, v\u00e9g\u00e9taux \u2013 ne d\u00e9passant pas la taille de 1 mm\u00b3<\/li>\n<li>Cellules adh\u00e9rentes ou en suspension<\/li>\n<\/ul>\n<p><strong><u>Fixations et inclusions sont r\u00e9alis\u00e9es par nos soins<\/u><\/strong><\/p>\n<p>Les fixateurs sont choisis en concertation, selon l\u2019analyse \u00e0 r\u00e9aliser et sont pr\u00e9par\u00e9s extemporan\u00e9ment.<\/p>\n<p>Inclusion en r\u00e9sine Epoxy \u00e0 chaud<br>Inclusion en r\u00e9sine acrylique \u00e0 chaud<\/p>\n<p><strong><u>Coupes ultra-fines \/ semi-fines&nbsp;<\/u><\/strong><\/p>\n<p>\u00c0 l\u2019aide d\u2019un ultra-microtome, nous d\u00e9posons des coupes ultra-fines de 70 nm d\u2019\u00e9paisseur sur grilles pour une observation en microscopie \u00e9lectronique ou des coupes semi-fines de 200 nm d\u2019\u00e9paisseur sur lames de verre pour une observation en microscopie optique.<\/p>\n<p><strong><u>Colorations sp\u00e9cifiques<\/u><\/strong><\/p>\n<p>Nous r\u00e9alisons diff\u00e9rentes colorations et immunomarquages&nbsp;:<\/p>\n<ul>\n<li>Contrastes aux m\u00e9taux lourds&nbsp;: plomb, uranium<\/li>\n<li>Coloration Bleu de Toluidine pour la microscopie optique<\/li>\n<li>Coloration n\u00e9gative<\/li>\n<li>Mise en \u00e9vidence d\u2019activit\u00e9 enzymatique<\/li>\n<li>Immuno-marquage simple \u00e0 l\u2019or collo\u00efdal\n<\/li>\n<\/ul>\t\t\t\t\t\t\t\t<\/div>\n\t\t\t\t<\/div>\n\t\t\t\t\t<\/div>\n\t\t<\/div>\n\t\t\t\t\t<\/div>\n\t\t<\/section>\n\t\t\t\t<\/div>\n\t\t","protected":false},"excerpt":{"rendered":"<p>Pr\u00e9paration histo-cytologique de vos \u00e9chantillons Pr\u00e9paration de l&rsquo;\u00e9chantillon pour une observation microscopique \u00e9lectronique optique Pour assurer une bonne pr\u00e9paration de vos \u00e9chantillons pour l&rsquo;observation en microscopie optique, il convient de respecter les bonnes pratiques de pr\u00e9l\u00e8vement \u00e0 t\u00e9l\u00e9charger ici. La taille maximale des \u00e9chantillons pris en charge est d&rsquo;1 cm\u00b3. Les \u00e9tapes de fixation\u00a0et d&rsquo;inclusion [&hellip;]<\/p>\n","protected":false},"author":6,"featured_media":0,"parent":2495,"menu_order":0,"comment_status":"closed","ping_status":"closed","template":"elementor_header_footer","meta":{"footnotes":""},"class_list":["post-39","page","type-page","status-publish","hentry","entry"],"yoast_head":"<!-- This site is optimized with the Yoast SEO plugin v27.1.1 - https:\/\/yoast.com\/product\/yoast-seo-wordpress\/ -->\n<title>Pr\u00e9paration Histo-cytologique - Imaflow<\/title>\n<meta name=\"robots\" content=\"index, follow, max-snippet:-1, max-image-preview:large, max-video-preview:-1\" \/>\n<link rel=\"canonical\" href=\"https:\/\/imaflow.com\/index.php\/prestations\/prestation-imagerie\/histologie\/\" \/>\n<meta property=\"og:locale\" content=\"fr_FR\" \/>\n<meta property=\"og:type\" content=\"article\" \/>\n<meta property=\"og:title\" content=\"Pr\u00e9paration Histo-cytologique - Imaflow\" \/>\n<meta property=\"og:description\" content=\"Pr\u00e9paration histo-cytologique de vos \u00e9chantillons Pr\u00e9paration de l&rsquo;\u00e9chantillon pour une observation microscopique \u00e9lectronique optique Pour assurer une bonne pr\u00e9paration de vos \u00e9chantillons pour l&rsquo;observation en microscopie optique, il convient de respecter les bonnes pratiques de pr\u00e9l\u00e8vement \u00e0 t\u00e9l\u00e9charger ici. La taille maximale des \u00e9chantillons pris en charge est d&rsquo;1 cm\u00b3. Les \u00e9tapes de fixation\u00a0et d&rsquo;inclusion [&hellip;]\" \/>\n<meta property=\"og:url\" content=\"https:\/\/imaflow.com\/index.php\/prestations\/prestation-imagerie\/histologie\/\" \/>\n<meta property=\"og:site_name\" content=\"Imaflow\" \/>\n<meta property=\"article:modified_time\" content=\"2025-09-22T11:08:16+00:00\" \/>\n<meta name=\"twitter:card\" content=\"summary_large_image\" \/>\n<meta name=\"twitter:label1\" content=\"Dur\u00e9e de lecture estim\u00e9e\" \/>\n\t<meta name=\"twitter:data1\" content=\"2 minutes\" \/>\n<script type=\"application\/ld+json\" class=\"yoast-schema-graph\">{\"@context\":\"https:\/\/schema.org\",\"@graph\":[{\"@type\":\"WebPage\",\"@id\":\"https:\/\/imaflow.com\/index.php\/prestations\/prestation-imagerie\/histologie\/\",\"url\":\"https:\/\/imaflow.com\/index.php\/prestations\/prestation-imagerie\/histologie\/\",\"name\":\"Pr\u00e9paration Histo-cytologique - Imaflow\",\"isPartOf\":{\"@id\":\"https:\/\/imaflow.com\/#website\"},\"datePublished\":\"2023-05-31T09:59:32+00:00\",\"dateModified\":\"2025-09-22T11:08:16+00:00\",\"breadcrumb\":{\"@id\":\"https:\/\/imaflow.com\/index.php\/prestations\/prestation-imagerie\/histologie\/#breadcrumb\"},\"inLanguage\":\"fr-FR\",\"potentialAction\":[{\"@type\":\"ReadAction\",\"target\":[\"https:\/\/imaflow.com\/index.php\/prestations\/prestation-imagerie\/histologie\/\"]}]},{\"@type\":\"BreadcrumbList\",\"@id\":\"https:\/\/imaflow.com\/index.php\/prestations\/prestation-imagerie\/histologie\/#breadcrumb\",\"itemListElement\":[{\"@type\":\"ListItem\",\"position\":1,\"name\":\"Accueil\",\"item\":\"https:\/\/imaflow.com\/\"},{\"@type\":\"ListItem\",\"position\":2,\"name\":\"Prestations\",\"item\":\"https:\/\/imaflow.com\/index.php\/prestations\/\"},{\"@type\":\"ListItem\",\"position\":3,\"name\":\"Prestation Histologie \/ Imagerie\",\"item\":\"https:\/\/imaflow.com\/index.php\/prestations\/prestation-imagerie\/\"},{\"@type\":\"ListItem\",\"position\":4,\"name\":\"Pr\u00e9paration Histo-cytologique\"}]},{\"@type\":\"WebSite\",\"@id\":\"https:\/\/imaflow.com\/#website\",\"url\":\"https:\/\/imaflow.com\/\",\"name\":\"Imaflow\",\"description\":\"\",\"potentialAction\":[{\"@type\":\"SearchAction\",\"target\":{\"@type\":\"EntryPoint\",\"urlTemplate\":\"https:\/\/imaflow.com\/?s={search_term_string}\"},\"query-input\":{\"@type\":\"PropertyValueSpecification\",\"valueRequired\":true,\"valueName\":\"search_term_string\"}}],\"inLanguage\":\"fr-FR\"}]}<\/script>\n<!-- \/ Yoast SEO plugin. -->","yoast_head_json":{"title":"Pr\u00e9paration Histo-cytologique - Imaflow","robots":{"index":"index","follow":"follow","max-snippet":"max-snippet:-1","max-image-preview":"max-image-preview:large","max-video-preview":"max-video-preview:-1"},"canonical":"https:\/\/imaflow.com\/index.php\/prestations\/prestation-imagerie\/histologie\/","og_locale":"fr_FR","og_type":"article","og_title":"Pr\u00e9paration Histo-cytologique - Imaflow","og_description":"Pr\u00e9paration histo-cytologique de vos \u00e9chantillons Pr\u00e9paration de l&rsquo;\u00e9chantillon pour une observation microscopique \u00e9lectronique optique Pour assurer une bonne pr\u00e9paration de vos \u00e9chantillons pour l&rsquo;observation en microscopie optique, il convient de respecter les bonnes pratiques de pr\u00e9l\u00e8vement \u00e0 t\u00e9l\u00e9charger ici. La taille maximale des \u00e9chantillons pris en charge est d&rsquo;1 cm\u00b3. Les \u00e9tapes de fixation\u00a0et d&rsquo;inclusion [&hellip;]","og_url":"https:\/\/imaflow.com\/index.php\/prestations\/prestation-imagerie\/histologie\/","og_site_name":"Imaflow","article_modified_time":"2025-09-22T11:08:16+00:00","twitter_card":"summary_large_image","twitter_misc":{"Dur\u00e9e de lecture estim\u00e9e":"2 minutes"},"schema":{"@context":"https:\/\/schema.org","@graph":[{"@type":"WebPage","@id":"https:\/\/imaflow.com\/index.php\/prestations\/prestation-imagerie\/histologie\/","url":"https:\/\/imaflow.com\/index.php\/prestations\/prestation-imagerie\/histologie\/","name":"Pr\u00e9paration Histo-cytologique - Imaflow","isPartOf":{"@id":"https:\/\/imaflow.com\/#website"},"datePublished":"2023-05-31T09:59:32+00:00","dateModified":"2025-09-22T11:08:16+00:00","breadcrumb":{"@id":"https:\/\/imaflow.com\/index.php\/prestations\/prestation-imagerie\/histologie\/#breadcrumb"},"inLanguage":"fr-FR","potentialAction":[{"@type":"ReadAction","target":["https:\/\/imaflow.com\/index.php\/prestations\/prestation-imagerie\/histologie\/"]}]},{"@type":"BreadcrumbList","@id":"https:\/\/imaflow.com\/index.php\/prestations\/prestation-imagerie\/histologie\/#breadcrumb","itemListElement":[{"@type":"ListItem","position":1,"name":"Accueil","item":"https:\/\/imaflow.com\/"},{"@type":"ListItem","position":2,"name":"Prestations","item":"https:\/\/imaflow.com\/index.php\/prestations\/"},{"@type":"ListItem","position":3,"name":"Prestation Histologie \/ Imagerie","item":"https:\/\/imaflow.com\/index.php\/prestations\/prestation-imagerie\/"},{"@type":"ListItem","position":4,"name":"Pr\u00e9paration Histo-cytologique"}]},{"@type":"WebSite","@id":"https:\/\/imaflow.com\/#website","url":"https:\/\/imaflow.com\/","name":"Imaflow","description":"","potentialAction":[{"@type":"SearchAction","target":{"@type":"EntryPoint","urlTemplate":"https:\/\/imaflow.com\/?s={search_term_string}"},"query-input":{"@type":"PropertyValueSpecification","valueRequired":true,"valueName":"search_term_string"}}],"inLanguage":"fr-FR"}]}},"_links":{"self":[{"href":"https:\/\/imaflow.com\/index.php\/wp-json\/wp\/v2\/pages\/39","targetHints":{"allow":["GET"]}}],"collection":[{"href":"https:\/\/imaflow.com\/index.php\/wp-json\/wp\/v2\/pages"}],"about":[{"href":"https:\/\/imaflow.com\/index.php\/wp-json\/wp\/v2\/types\/page"}],"author":[{"embeddable":true,"href":"https:\/\/imaflow.com\/index.php\/wp-json\/wp\/v2\/users\/6"}],"replies":[{"embeddable":true,"href":"https:\/\/imaflow.com\/index.php\/wp-json\/wp\/v2\/comments?post=39"}],"version-history":[{"count":35,"href":"https:\/\/imaflow.com\/index.php\/wp-json\/wp\/v2\/pages\/39\/revisions"}],"predecessor-version":[{"id":5427,"href":"https:\/\/imaflow.com\/index.php\/wp-json\/wp\/v2\/pages\/39\/revisions\/5427"}],"up":[{"embeddable":true,"href":"https:\/\/imaflow.com\/index.php\/wp-json\/wp\/v2\/pages\/2495"}],"wp:attachment":[{"href":"https:\/\/imaflow.com\/index.php\/wp-json\/wp\/v2\/media?parent=39"}],"curies":[{"name":"wp","href":"https:\/\/api.w.org\/{rel}","templated":true}]}}