{"id":40,"date":"2023-05-31T11:59:32","date_gmt":"2023-05-31T09:59:32","guid":{"rendered":"http:\/\/localhost\/imaflow\/?page_id=40"},"modified":"2023-10-11T13:46:34","modified_gmt":"2023-10-11T11:46:34","slug":"microscopie","status":"publish","type":"page","link":"https:\/\/imaflow.com\/index.php\/prestations\/prestation-imagerie\/microscopie\/","title":{"rendered":"Observations microscopiques"},"content":{"rendered":"\t\t<div data-elementor-type=\"wp-page\" data-elementor-id=\"40\" class=\"elementor elementor-40\">\n\t\t\t\t\t\t<section class=\"elementor-section elementor-top-section elementor-element elementor-element-96bcb66 elementor-section-stretched elementor-section-boxed elementor-section-height-default elementor-section-height-default\" data-id=\"96bcb66\" data-element_type=\"section\" data-e-type=\"section\" data-settings=\"{&quot;stretch_section&quot;:&quot;section-stretched&quot;}\">\n\t\t\t\t\t\t<div class=\"elementor-container elementor-column-gap-default\">\n\t\t\t\t\t<div class=\"elementor-column elementor-col-100 elementor-top-column elementor-element elementor-element-f995228\" data-id=\"f995228\" data-element_type=\"column\" data-e-type=\"column\">\n\t\t\t<div class=\"elementor-widget-wrap elementor-element-populated\">\n\t\t\t\t\t\t<div class=\"elementor-element elementor-element-fde8472 elementor-widget elementor-widget-spacer\" data-id=\"fde8472\" data-element_type=\"widget\" data-e-type=\"widget\" data-widget_type=\"spacer.default\">\n\t\t\t\t<div class=\"elementor-widget-container\">\n\t\t\t\t\t\t\t<div class=\"elementor-spacer\">\n\t\t\t<div class=\"elementor-spacer-inner\"><\/div>\n\t\t<\/div>\n\t\t\t\t\t\t<\/div>\n\t\t\t\t<\/div>\n\t\t\t\t<div class=\"elementor-element elementor-element-daabf5b elementor-widget elementor-widget-heading\" data-id=\"daabf5b\" data-element_type=\"widget\" data-e-type=\"widget\" data-widget_type=\"heading.default\">\n\t\t\t\t<div class=\"elementor-widget-container\">\n\t\t\t\t\t<h2 class=\"elementor-heading-title elementor-size-default\">Observations des \u00e9chantillons \/ Microscopie<\/h2>\t\t\t\t<\/div>\n\t\t\t\t<\/div>\n\t\t\t\t<div class=\"elementor-element elementor-element-2e336a1 elementor-widget-divider--view-line elementor-widget elementor-widget-divider\" data-id=\"2e336a1\" data-element_type=\"widget\" data-e-type=\"widget\" data-widget_type=\"divider.default\">\n\t\t\t\t<div class=\"elementor-widget-container\">\n\t\t\t\t\t\t\t<div class=\"elementor-divider\">\n\t\t\t<span class=\"elementor-divider-separator\">\n\t\t\t\t\t\t<\/span>\n\t\t<\/div>\n\t\t\t\t\t\t<\/div>\n\t\t\t\t<\/div>\n\t\t\t\t\t<\/div>\n\t\t<\/div>\n\t\t\t\t\t<\/div>\n\t\t<\/section>\n\t\t\t\t<section class=\"elementor-section elementor-top-section elementor-element elementor-element-30f3233 elementor-section-boxed elementor-section-height-default elementor-section-height-default\" data-id=\"30f3233\" data-element_type=\"section\" data-e-type=\"section\">\n\t\t\t\t\t\t<div class=\"elementor-container elementor-column-gap-default\">\n\t\t\t\t\t<div class=\"elementor-column elementor-col-100 elementor-top-column elementor-element elementor-element-469fb26\" data-id=\"469fb26\" data-element_type=\"column\" data-e-type=\"column\">\n\t\t\t<div class=\"elementor-widget-wrap elementor-element-populated\">\n\t\t\t\t\t\t<div class=\"elementor-element elementor-element-72abc3e elementor-widget elementor-widget-text-editor\" data-id=\"72abc3e\" data-element_type=\"widget\" data-e-type=\"widget\" data-widget_type=\"text-editor.default\">\n\t\t\t\t<div class=\"elementor-widget-container\">\n\t\t\t\t\t\t\t\t\t<p><span style=\"text-decoration: underline;\"><strong>Observation des \u00e9chantillons <\/strong><\/span><strong>:<\/strong> Vous pouvez observer et acqu\u00e9rir des images, soit en autonomie apr\u00e8s une formation que nous vous dispensons, soit accompagn\u00e9 de notre personnel qui pilotera l\u2019acquisition.<br \/>Ou vous pouvez aussi sous-traiter l\u2019observation et l\u2019acquisition d\u2019images \u00e0 notre personnel.<\/p><p>L\u2019observation et l\u2019acquisition d\u2019images peuvent \u00eatre r\u00e9alis\u00e9es<\/p><ul><li>par notre personnel<\/li><li>par vous-m\u00eame, en autonomie apr\u00e8s formation dispens\u00e9e par notre personnel<\/li><li>par vous-m\u00eame accompagn\u00e9 de notre personnel qui pilotera l\u2019acquisition<\/li><\/ul>\t\t\t\t\t\t\t\t<\/div>\n\t\t\t\t<\/div>\n\t\t\t\t<div class=\"elementor-element elementor-element-5c3e94d elementor-widget elementor-widget-text-editor\" data-id=\"5c3e94d\" data-element_type=\"widget\" data-e-type=\"widget\" data-widget_type=\"text-editor.default\">\n\t\t\t\t<div class=\"elementor-widget-container\">\n\t\t\t\t\t\t\t\t\t<p>Observation&nbsp;<strong>macroscopique<\/strong>&nbsp; sur l\u2019Axiozoom de Zeiss:&nbsp; Echantillons pris en charge : \u00e9chantillons entiers comme des organismes vivants (larves de poissons, insectes), des petits v\u00e9g\u00e9taux, des organes entiers, des roches, des min\u00e9raux ou de grandes coupes de tissus color\u00e9es<br>\u2013 En lumi\u00e8re blanche : Transmission ou R\u00e9flexion<br>\u2013 En fluorescence : DAPI, FITC, Rhodamine (<a href=\"https:\/\/www.cellimap.fr\/observation\/echelle-du-micrometre\/filtres\/\">filtres<\/a>)<\/p>\n<p>-&gt; Construction d\u2019images : Mosa\u00efque, Z-stack, Time-Lapse<\/p>\n<p><\/p>\t\t\t\t\t\t\t\t<\/div>\n\t\t\t\t<\/div>\n\t\t\t\t<div class=\"elementor-element elementor-element-585fe25 elementor-widget__width-initial elementor-widget elementor-widget-text-editor\" data-id=\"585fe25\" data-element_type=\"widget\" data-e-type=\"widget\" data-widget_type=\"text-editor.default\">\n\t\t\t\t<div class=\"elementor-widget-container\">\n\t\t\t\t\t\t\t\t\t<p><b><u>Observation de l&rsquo;\u00e9chantillon en microscopie optique :<\/u><\/b><\/p>\t\t\t\t\t\t\t\t<\/div>\n\t\t\t\t<\/div>\n\t\t\t\t<div class=\"elementor-element elementor-element-6ffc7ae elementor-widget elementor-widget-text-editor\" data-id=\"6ffc7ae\" data-element_type=\"widget\" data-e-type=\"widget\" data-widget_type=\"text-editor.default\">\n\t\t\t\t<div class=\"elementor-widget-container\">\n\t\t\t\t\t\t\t\t\t<p><span style=\"font-size: 17px;\">Observation en\u00a0<\/span><strong style=\"font-size: 17px;\">microscopie optique<\/strong><span style=\"font-size: 17px;\">\u00a0sur microscope invers\u00e9\u00a0<\/span><strong style=\"font-size: 17px;\">Cell Observer<\/strong><span style=\"font-size: 17px;\"> de Zeiss:<\/span><\/p><p>La station est \u00e9quip\u00e9e d\u2019un incubateur qui permet le maintien d\u2019une atmosph\u00e8re contr\u00f4l\u00e9e (CO2 et temp\u00e9rature) pour l\u2019observation des cellules vivantes.<br \/>\u2013 Images en lumi\u00e8re blanche : Transmission \u2192 Contraste de phase, DIC, Bright Field<br \/>\u2013 Images en fluorescence : DAPI, FITC, Rhodamine, Cy5.5, Indo1, CFP, YFP (<a href=\"https:\/\/www.cellimap.fr\/observation\/echelle-du-micrometre\/filtres\/\">filtres<\/a>)<br \/>\u2013 FRET CFP \/ YFP<br \/>\u2013 Vid\u00e9omicroscopie en lumi\u00e8re blanche et \/ ou en fluorescence<br \/>\u2013 Acquisition de Z-stack avec d\u00e9convolution possible.<\/p><p>Objectifs disponibles : x2,5 \u2013 x10 \u2013 x20 \u2013 x40<\/p><p>Supports accept\u00e9s : lames, plaques, bo\u00eetes de P\u00e9tri<\/p><p>Observation en\u00a0<strong>microscopie optique<\/strong>\u00a0sur microscope invers\u00e9\u00a0<strong>Cell Observer<\/strong> de Zeiss:<\/p><p>La station est \u00e9quip\u00e9e d\u2019un incubateur qui permet le maintien d\u2019une atmosph\u00e8re contr\u00f4l\u00e9e (CO2 et temp\u00e9rature) pour l\u2019observation des cellules vivantes.<br \/>\u2013 Images en lumi\u00e8re blanche : Transmission \u2192 Contraste de phase, DIC, Bright Field<br \/>\u2013 Images en fluorescence : DAPI, FITC, Rhodamine, Cy5.5, Indo1, CFP, YFP (<a href=\"https:\/\/www.cellimap.fr\/observation\/echelle-du-micrometre\/filtres\/\">filtres<\/a>)<br \/>\u2013 FRET CFP \/ YFP<br \/>\u2013 Vid\u00e9omicroscopie en lumi\u00e8re blanche et \/ ou en fluorescence<br \/>\u2013 Acquisition de Z-stack avec d\u00e9convolution possible<\/p><p>Objectifs disponibles : x2,5 \u2013 x10 \u2013 x20 \u2013 x40<\/p><p>Supports accept\u00e9s : lames, plaques, bo\u00eetes de P\u00e9tri.<\/p><p>Observation en microscopie optique sur l\u2019<strong>AxioScope A1<\/strong> de Zeiss. Le microscope droit est \u00e9quip\u00e9 d\u2019une cam\u00e9ra couleur Gryphax:<\/p><p>Objectifs disponibles : x2,5 \u2013 x10 \u2013 x20 \u2013 x40 \u2013 x100 oil<\/p><p>Supports accept\u00e9s : lames<\/p>\t\t\t\t\t\t\t\t<\/div>\n\t\t\t\t<\/div>\n\t\t\t\t<div class=\"elementor-element elementor-element-c53b3d2 elementor-widget__width-initial elementor-widget elementor-widget-text-editor\" data-id=\"c53b3d2\" data-element_type=\"widget\" data-e-type=\"widget\" data-widget_type=\"text-editor.default\">\n\t\t\t\t<div class=\"elementor-widget-container\">\n\t\t\t\t\t\t\t\t\t<p><b><u>Observation de l&rsquo;\u00e9chantillon en microscopie \u00e9lectronique :<\/u><\/b><\/p>\t\t\t\t\t\t\t\t<\/div>\n\t\t\t\t<\/div>\n\t\t\t\t<div class=\"elementor-element elementor-element-e4c531c elementor-widget__width-initial elementor-widget elementor-widget-text-editor\" data-id=\"e4c531c\" data-element_type=\"widget\" data-e-type=\"widget\" data-widget_type=\"text-editor.default\">\n\t\t\t\t<div class=\"elementor-widget-container\">\n\t\t\t\t\t\t\t\t\t<p><span style=\"font-size: 17px;\">\u00a0Nous ne poss\u00e9dons pas de microscope \u00e9lectronique mais avons acc\u00e8s \u00e0 diff\u00e9rents microscopes electroniques en transmission et \u00e0 diff\u00e9rents microscopes \u00e9lectroniques \u00e0 balayage. Nous observerons ainsi vos \u00e9chantillons sur le microscope adapt\u00e9 \u00e0 votre exp\u00e9rience.<\/span><\/p><p>Pr\u00e9paration de l\u2019\u00e9chantillon pour une observation en microscopie \u00e9lectronique<\/p>\t\t\t\t\t\t\t\t<\/div>\n\t\t\t\t<\/div>\n\t\t\t\t\t<\/div>\n\t\t<\/div>\n\t\t\t\t\t<\/div>\n\t\t<\/section>\n\t\t\t\t<\/div>\n\t\t","protected":false},"excerpt":{"rendered":"<p>Observations des \u00e9chantillons \/ Microscopie Observation des \u00e9chantillons : Vous pouvez observer et acqu\u00e9rir des images, soit en autonomie apr\u00e8s une formation que nous vous dispensons, soit accompagn\u00e9 de notre personnel qui pilotera l\u2019acquisition.Ou vous pouvez aussi sous-traiter l\u2019observation et l\u2019acquisition d\u2019images \u00e0 notre personnel. L\u2019observation et l\u2019acquisition d\u2019images peuvent \u00eatre r\u00e9alis\u00e9es par notre personnel [&hellip;]<\/p>\n","protected":false},"author":6,"featured_media":0,"parent":2495,"menu_order":0,"comment_status":"closed","ping_status":"closed","template":"elementor_header_footer","meta":{"footnotes":""},"class_list":["post-40","page","type-page","status-publish","hentry","entry"],"yoast_head":"<!-- This site is optimized with the Yoast SEO plugin v27.1.1 - https:\/\/yoast.com\/product\/yoast-seo-wordpress\/ -->\n<title>Observations microscopiques - Imaflow<\/title>\n<meta name=\"robots\" content=\"index, follow, max-snippet:-1, max-image-preview:large, max-video-preview:-1\" \/>\n<link rel=\"canonical\" href=\"https:\/\/imaflow.com\/index.php\/prestations\/prestation-imagerie\/microscopie\/\" \/>\n<meta property=\"og:locale\" content=\"fr_FR\" \/>\n<meta property=\"og:type\" content=\"article\" \/>\n<meta property=\"og:title\" content=\"Observations microscopiques - Imaflow\" \/>\n<meta property=\"og:description\" content=\"Observations des \u00e9chantillons \/ Microscopie Observation des \u00e9chantillons : Vous pouvez observer et acqu\u00e9rir des images, soit en autonomie apr\u00e8s une formation que nous vous dispensons, soit accompagn\u00e9 de notre personnel qui pilotera l\u2019acquisition.Ou vous pouvez aussi sous-traiter l\u2019observation et l\u2019acquisition d\u2019images \u00e0 notre personnel. L\u2019observation et l\u2019acquisition d\u2019images peuvent \u00eatre r\u00e9alis\u00e9es par notre personnel [&hellip;]\" \/>\n<meta property=\"og:url\" content=\"https:\/\/imaflow.com\/index.php\/prestations\/prestation-imagerie\/microscopie\/\" \/>\n<meta property=\"og:site_name\" content=\"Imaflow\" \/>\n<meta property=\"article:modified_time\" content=\"2023-10-11T11:46:34+00:00\" \/>\n<meta name=\"twitter:card\" content=\"summary_large_image\" \/>\n<meta name=\"twitter:label1\" content=\"Dur\u00e9e de lecture estim\u00e9e\" \/>\n\t<meta name=\"twitter:data1\" content=\"2 minutes\" \/>\n<script type=\"application\/ld+json\" class=\"yoast-schema-graph\">{\"@context\":\"https:\/\/schema.org\",\"@graph\":[{\"@type\":\"WebPage\",\"@id\":\"https:\/\/imaflow.com\/index.php\/prestations\/prestation-imagerie\/microscopie\/\",\"url\":\"https:\/\/imaflow.com\/index.php\/prestations\/prestation-imagerie\/microscopie\/\",\"name\":\"Observations microscopiques - Imaflow\",\"isPartOf\":{\"@id\":\"https:\/\/imaflow.com\/#website\"},\"datePublished\":\"2023-05-31T09:59:32+00:00\",\"dateModified\":\"2023-10-11T11:46:34+00:00\",\"breadcrumb\":{\"@id\":\"https:\/\/imaflow.com\/index.php\/prestations\/prestation-imagerie\/microscopie\/#breadcrumb\"},\"inLanguage\":\"fr-FR\",\"potentialAction\":[{\"@type\":\"ReadAction\",\"target\":[\"https:\/\/imaflow.com\/index.php\/prestations\/prestation-imagerie\/microscopie\/\"]}]},{\"@type\":\"BreadcrumbList\",\"@id\":\"https:\/\/imaflow.com\/index.php\/prestations\/prestation-imagerie\/microscopie\/#breadcrumb\",\"itemListElement\":[{\"@type\":\"ListItem\",\"position\":1,\"name\":\"Accueil\",\"item\":\"https:\/\/imaflow.com\/\"},{\"@type\":\"ListItem\",\"position\":2,\"name\":\"Prestations\",\"item\":\"https:\/\/imaflow.com\/index.php\/prestations\/\"},{\"@type\":\"ListItem\",\"position\":3,\"name\":\"Prestation Histologie \/ Imagerie\",\"item\":\"https:\/\/imaflow.com\/index.php\/prestations\/prestation-imagerie\/\"},{\"@type\":\"ListItem\",\"position\":4,\"name\":\"Observations microscopiques\"}]},{\"@type\":\"WebSite\",\"@id\":\"https:\/\/imaflow.com\/#website\",\"url\":\"https:\/\/imaflow.com\/\",\"name\":\"Imaflow\",\"description\":\"\",\"potentialAction\":[{\"@type\":\"SearchAction\",\"target\":{\"@type\":\"EntryPoint\",\"urlTemplate\":\"https:\/\/imaflow.com\/?s={search_term_string}\"},\"query-input\":{\"@type\":\"PropertyValueSpecification\",\"valueRequired\":true,\"valueName\":\"search_term_string\"}}],\"inLanguage\":\"fr-FR\"}]}<\/script>\n<!-- \/ Yoast SEO plugin. -->","yoast_head_json":{"title":"Observations microscopiques - Imaflow","robots":{"index":"index","follow":"follow","max-snippet":"max-snippet:-1","max-image-preview":"max-image-preview:large","max-video-preview":"max-video-preview:-1"},"canonical":"https:\/\/imaflow.com\/index.php\/prestations\/prestation-imagerie\/microscopie\/","og_locale":"fr_FR","og_type":"article","og_title":"Observations microscopiques - Imaflow","og_description":"Observations des \u00e9chantillons \/ Microscopie Observation des \u00e9chantillons : Vous pouvez observer et acqu\u00e9rir des images, soit en autonomie apr\u00e8s une formation que nous vous dispensons, soit accompagn\u00e9 de notre personnel qui pilotera l\u2019acquisition.Ou vous pouvez aussi sous-traiter l\u2019observation et l\u2019acquisition d\u2019images \u00e0 notre personnel. L\u2019observation et l\u2019acquisition d\u2019images peuvent \u00eatre r\u00e9alis\u00e9es par notre personnel [&hellip;]","og_url":"https:\/\/imaflow.com\/index.php\/prestations\/prestation-imagerie\/microscopie\/","og_site_name":"Imaflow","article_modified_time":"2023-10-11T11:46:34+00:00","twitter_card":"summary_large_image","twitter_misc":{"Dur\u00e9e de lecture estim\u00e9e":"2 minutes"},"schema":{"@context":"https:\/\/schema.org","@graph":[{"@type":"WebPage","@id":"https:\/\/imaflow.com\/index.php\/prestations\/prestation-imagerie\/microscopie\/","url":"https:\/\/imaflow.com\/index.php\/prestations\/prestation-imagerie\/microscopie\/","name":"Observations microscopiques - Imaflow","isPartOf":{"@id":"https:\/\/imaflow.com\/#website"},"datePublished":"2023-05-31T09:59:32+00:00","dateModified":"2023-10-11T11:46:34+00:00","breadcrumb":{"@id":"https:\/\/imaflow.com\/index.php\/prestations\/prestation-imagerie\/microscopie\/#breadcrumb"},"inLanguage":"fr-FR","potentialAction":[{"@type":"ReadAction","target":["https:\/\/imaflow.com\/index.php\/prestations\/prestation-imagerie\/microscopie\/"]}]},{"@type":"BreadcrumbList","@id":"https:\/\/imaflow.com\/index.php\/prestations\/prestation-imagerie\/microscopie\/#breadcrumb","itemListElement":[{"@type":"ListItem","position":1,"name":"Accueil","item":"https:\/\/imaflow.com\/"},{"@type":"ListItem","position":2,"name":"Prestations","item":"https:\/\/imaflow.com\/index.php\/prestations\/"},{"@type":"ListItem","position":3,"name":"Prestation Histologie \/ Imagerie","item":"https:\/\/imaflow.com\/index.php\/prestations\/prestation-imagerie\/"},{"@type":"ListItem","position":4,"name":"Observations microscopiques"}]},{"@type":"WebSite","@id":"https:\/\/imaflow.com\/#website","url":"https:\/\/imaflow.com\/","name":"Imaflow","description":"","potentialAction":[{"@type":"SearchAction","target":{"@type":"EntryPoint","urlTemplate":"https:\/\/imaflow.com\/?s={search_term_string}"},"query-input":{"@type":"PropertyValueSpecification","valueRequired":true,"valueName":"search_term_string"}}],"inLanguage":"fr-FR"}]}},"_links":{"self":[{"href":"https:\/\/imaflow.com\/index.php\/wp-json\/wp\/v2\/pages\/40","targetHints":{"allow":["GET"]}}],"collection":[{"href":"https:\/\/imaflow.com\/index.php\/wp-json\/wp\/v2\/pages"}],"about":[{"href":"https:\/\/imaflow.com\/index.php\/wp-json\/wp\/v2\/types\/page"}],"author":[{"embeddable":true,"href":"https:\/\/imaflow.com\/index.php\/wp-json\/wp\/v2\/users\/6"}],"replies":[{"embeddable":true,"href":"https:\/\/imaflow.com\/index.php\/wp-json\/wp\/v2\/comments?post=40"}],"version-history":[{"count":13,"href":"https:\/\/imaflow.com\/index.php\/wp-json\/wp\/v2\/pages\/40\/revisions"}],"predecessor-version":[{"id":4058,"href":"https:\/\/imaflow.com\/index.php\/wp-json\/wp\/v2\/pages\/40\/revisions\/4058"}],"up":[{"embeddable":true,"href":"https:\/\/imaflow.com\/index.php\/wp-json\/wp\/v2\/pages\/2495"}],"wp:attachment":[{"href":"https:\/\/imaflow.com\/index.php\/wp-json\/wp\/v2\/media?parent=40"}],"curies":[{"name":"wp","href":"https:\/\/api.w.org\/{rel}","templated":true}]}}