{"id":613,"date":"2023-06-02T14:21:55","date_gmt":"2023-06-02T12:21:55","guid":{"rendered":"http:\/\/localhost\/imaflow\/?page_id=613"},"modified":"2026-02-20T15:47:30","modified_gmt":"2026-02-20T14:47:30","slug":"ressources-cytometrie","status":"publish","type":"page","link":"https:\/\/imaflow.com\/index.php\/ressources\/ressources-cytometrie\/","title":{"rendered":"Ressources Cytom\u00e9trie"},"content":{"rendered":"\t\t<div data-elementor-type=\"wp-page\" data-elementor-id=\"613\" class=\"elementor elementor-613\">\n\t\t\t\t\t\t<section class=\"elementor-section elementor-top-section elementor-element elementor-element-515213c elementor-section-boxed elementor-section-height-default elementor-section-height-default\" data-id=\"515213c\" data-element_type=\"section\" data-e-type=\"section\">\n\t\t\t\t\t\t<div class=\"elementor-container elementor-column-gap-default\">\n\t\t\t\t\t<div class=\"elementor-column elementor-col-100 elementor-top-column elementor-element elementor-element-b2d8a07\" data-id=\"b2d8a07\" data-element_type=\"column\" data-e-type=\"column\">\n\t\t\t<div class=\"elementor-widget-wrap elementor-element-populated\">\n\t\t\t\t\t\t<div class=\"elementor-element elementor-element-aa7b5fb elementor-widget elementor-widget-spacer\" data-id=\"aa7b5fb\" data-element_type=\"widget\" data-e-type=\"widget\" data-widget_type=\"spacer.default\">\n\t\t\t\t<div class=\"elementor-widget-container\">\n\t\t\t\t\t\t\t<div class=\"elementor-spacer\">\n\t\t\t<div class=\"elementor-spacer-inner\"><\/div>\n\t\t<\/div>\n\t\t\t\t\t\t<\/div>\n\t\t\t\t<\/div>\n\t\t\t\t\t<\/div>\n\t\t<\/div>\n\t\t\t\t\t<\/div>\n\t\t<\/section>\n\t\t\t\t<section class=\"elementor-section elementor-top-section elementor-element elementor-element-9f380ee elementor-section-boxed elementor-section-height-default elementor-section-height-default\" data-id=\"9f380ee\" data-element_type=\"section\" data-e-type=\"section\">\n\t\t\t\t\t\t<div class=\"elementor-container elementor-column-gap-default\">\n\t\t\t\t\t<div class=\"make-column-clickable-elementor elementor-column elementor-col-33 elementor-top-column elementor-element elementor-element-2fda2ca\" style=\"cursor: pointer;\" data-column-clickable=\"http:\/\/imaflow.com\/index.php\/boite-a-outils-panel-design\/\" data-column-clickable-blank=\"_self\" data-id=\"2fda2ca\" data-element_type=\"column\" data-e-type=\"column\" data-settings=\"{&quot;background_background&quot;:&quot;classic&quot;}\">\n\t\t\t<div class=\"elementor-widget-wrap elementor-element-populated\">\n\t\t\t\t\t<div class=\"elementor-background-overlay\"><\/div>\n\t\t\t\t\t\t<div class=\"elementor-element elementor-element-b9e9c00 elementor-widget elementor-widget-spacer\" data-id=\"b9e9c00\" data-element_type=\"widget\" data-e-type=\"widget\" data-widget_type=\"spacer.default\">\n\t\t\t\t<div class=\"elementor-widget-container\">\n\t\t\t\t\t\t\t<div class=\"elementor-spacer\">\n\t\t\t<div class=\"elementor-spacer-inner\"><\/div>\n\t\t<\/div>\n\t\t\t\t\t\t<\/div>\n\t\t\t\t<\/div>\n\t\t\t\t<div class=\"elementor-element elementor-element-a35dd16 elementor-widget__width-initial elementor-invisible elementor-widget elementor-widget-heading\" data-id=\"a35dd16\" data-element_type=\"widget\" data-e-type=\"widget\" data-settings=\"{&quot;_animation&quot;:&quot;zoomIn&quot;}\" data-widget_type=\"heading.default\">\n\t\t\t\t<div class=\"elementor-widget-container\">\n\t\t\t\t\t<h4 class=\"elementor-heading-title elementor-size-default\"><a href=\"https:\/\/imaflow.com\/index.php\/ressources\/ressources-cytometrie\/boite-a-outils-panel-design\/\">Boite \u00e0 outils panel design<\/a><\/h4>\t\t\t\t<\/div>\n\t\t\t\t<\/div>\n\t\t\t\t<div class=\"elementor-element elementor-element-fe15272 elementor-widget elementor-widget-spacer\" data-id=\"fe15272\" data-element_type=\"widget\" data-e-type=\"widget\" data-widget_type=\"spacer.default\">\n\t\t\t\t<div class=\"elementor-widget-container\">\n\t\t\t\t\t\t\t<div class=\"elementor-spacer\">\n\t\t\t<div class=\"elementor-spacer-inner\"><\/div>\n\t\t<\/div>\n\t\t\t\t\t\t<\/div>\n\t\t\t\t<\/div>\n\t\t\t\t\t<\/div>\n\t\t<\/div>\n\t\t\t\t<div class=\"make-column-clickable-elementor elementor-column elementor-col-33 elementor-top-column elementor-element elementor-element-c9aa9fc\" style=\"cursor: pointer;\" data-column-clickable=\"http:\/\/imaflow.com\/index.php\/omip\/\" data-column-clickable-blank=\"_self\" data-id=\"c9aa9fc\" data-element_type=\"column\" data-e-type=\"column\" data-settings=\"{&quot;background_background&quot;:&quot;classic&quot;}\">\n\t\t\t<div class=\"elementor-widget-wrap elementor-element-populated\">\n\t\t\t\t\t<div class=\"elementor-background-overlay\"><\/div>\n\t\t\t\t\t\t<div class=\"elementor-element elementor-element-8c8f3d6 elementor-widget elementor-widget-spacer\" data-id=\"8c8f3d6\" data-element_type=\"widget\" data-e-type=\"widget\" data-widget_type=\"spacer.default\">\n\t\t\t\t<div class=\"elementor-widget-container\">\n\t\t\t\t\t\t\t<div class=\"elementor-spacer\">\n\t\t\t<div class=\"elementor-spacer-inner\"><\/div>\n\t\t<\/div>\n\t\t\t\t\t\t<\/div>\n\t\t\t\t<\/div>\n\t\t\t\t<div class=\"elementor-element elementor-element-9ceb9f7 elementor-widget__width-initial elementor-invisible elementor-widget elementor-widget-heading\" data-id=\"9ceb9f7\" data-element_type=\"widget\" data-e-type=\"widget\" data-settings=\"{&quot;_animation&quot;:&quot;zoomIn&quot;}\" data-widget_type=\"heading.default\">\n\t\t\t\t<div class=\"elementor-widget-container\">\n\t\t\t\t\t<h4 class=\"elementor-heading-title elementor-size-default\"><a href=\"https:\/\/imaflow.com\/index.php\/ressources\/ressources-cytometrie\/omip\/\">OMIP<\/a><\/h4>\t\t\t\t<\/div>\n\t\t\t\t<\/div>\n\t\t\t\t<div class=\"elementor-element elementor-element-27074f7 elementor-widget elementor-widget-spacer\" data-id=\"27074f7\" data-element_type=\"widget\" data-e-type=\"widget\" data-widget_type=\"spacer.default\">\n\t\t\t\t<div class=\"elementor-widget-container\">\n\t\t\t\t\t\t\t<div class=\"elementor-spacer\">\n\t\t\t<div class=\"elementor-spacer-inner\"><\/div>\n\t\t<\/div>\n\t\t\t\t\t\t<\/div>\n\t\t\t\t<\/div>\n\t\t\t\t\t<\/div>\n\t\t<\/div>\n\t\t\t\t<div class=\"make-column-clickable-elementor elementor-column elementor-col-33 elementor-top-column elementor-element elementor-element-619dc21\" style=\"cursor: pointer;\" data-column-clickable=\"http:\/\/imaflow.com\/index.php\/protocoles-utiles\/\" data-column-clickable-blank=\"_self\" data-id=\"619dc21\" data-element_type=\"column\" data-e-type=\"column\" data-settings=\"{&quot;background_background&quot;:&quot;classic&quot;}\">\n\t\t\t<div class=\"elementor-widget-wrap elementor-element-populated\">\n\t\t\t\t\t<div class=\"elementor-background-overlay\"><\/div>\n\t\t\t\t\t\t<div class=\"elementor-element elementor-element-0943ab9 elementor-widget elementor-widget-spacer\" data-id=\"0943ab9\" data-element_type=\"widget\" data-e-type=\"widget\" data-widget_type=\"spacer.default\">\n\t\t\t\t<div class=\"elementor-widget-container\">\n\t\t\t\t\t\t\t<div class=\"elementor-spacer\">\n\t\t\t<div class=\"elementor-spacer-inner\"><\/div>\n\t\t<\/div>\n\t\t\t\t\t\t<\/div>\n\t\t\t\t<\/div>\n\t\t\t\t<div class=\"elementor-element elementor-element-6dbbc1b elementor-widget__width-initial elementor-invisible elementor-widget elementor-widget-heading\" data-id=\"6dbbc1b\" data-element_type=\"widget\" data-e-type=\"widget\" data-settings=\"{&quot;_animation&quot;:&quot;zoomIn&quot;}\" data-widget_type=\"heading.default\">\n\t\t\t\t<div class=\"elementor-widget-container\">\n\t\t\t\t\t<h4 class=\"elementor-heading-title elementor-size-default\"><a href=\"https:\/\/imaflow.com\/index.php\/ressources\/ressources-cytometrie\/protocoles-utiles\/\">Protocoles utiles <\/a><\/h4>\t\t\t\t<\/div>\n\t\t\t\t<\/div>\n\t\t\t\t<div class=\"elementor-element elementor-element-fd4ca67 elementor-widget elementor-widget-spacer\" data-id=\"fd4ca67\" data-element_type=\"widget\" data-e-type=\"widget\" data-widget_type=\"spacer.default\">\n\t\t\t\t<div class=\"elementor-widget-container\">\n\t\t\t\t\t\t\t<div class=\"elementor-spacer\">\n\t\t\t<div class=\"elementor-spacer-inner\"><\/div>\n\t\t<\/div>\n\t\t\t\t\t\t<\/div>\n\t\t\t\t<\/div>\n\t\t\t\t\t<\/div>\n\t\t<\/div>\n\t\t\t\t\t<\/div>\n\t\t<\/section>\n\t\t\t\t<section class=\"elementor-section elementor-top-section elementor-element elementor-element-ba1cf04 elementor-section-boxed elementor-section-height-default elementor-section-height-default\" data-id=\"ba1cf04\" data-element_type=\"section\" data-e-type=\"section\">\n\t\t\t\t\t\t<div class=\"elementor-container elementor-column-gap-default\">\n\t\t\t\t\t<div class=\"make-column-clickable-elementor elementor-column elementor-col-33 elementor-top-column elementor-element elementor-element-26855aa\" style=\"cursor: pointer;\" data-column-clickable=\"http:\/\/imaflow.com\/index.php\/tuto-flowjo\/\" data-column-clickable-blank=\"_self\" data-id=\"26855aa\" data-element_type=\"column\" data-e-type=\"column\" data-settings=\"{&quot;background_background&quot;:&quot;classic&quot;}\">\n\t\t\t<div class=\"elementor-widget-wrap elementor-element-populated\">\n\t\t\t\t\t<div class=\"elementor-background-overlay\"><\/div>\n\t\t\t\t\t\t<div class=\"elementor-element elementor-element-963cc80 elementor-widget elementor-widget-spacer\" data-id=\"963cc80\" data-element_type=\"widget\" data-e-type=\"widget\" data-widget_type=\"spacer.default\">\n\t\t\t\t<div class=\"elementor-widget-container\">\n\t\t\t\t\t\t\t<div class=\"elementor-spacer\">\n\t\t\t<div class=\"elementor-spacer-inner\"><\/div>\n\t\t<\/div>\n\t\t\t\t\t\t<\/div>\n\t\t\t\t<\/div>\n\t\t\t\t<div class=\"elementor-element elementor-element-bb5386c elementor-widget__width-initial elementor-invisible elementor-widget elementor-widget-heading\" data-id=\"bb5386c\" data-element_type=\"widget\" data-e-type=\"widget\" data-settings=\"{&quot;_animation&quot;:&quot;zoomIn&quot;}\" data-widget_type=\"heading.default\">\n\t\t\t\t<div class=\"elementor-widget-container\">\n\t\t\t\t\t<h4 class=\"elementor-heading-title elementor-size-default\"><a href=\"https:\/\/imaflow.com\/index.php\/ressources\/ressources-cytometrie\/tuto-flowjo\/\">Tutoriels FlowJo<\/a><\/h4>\t\t\t\t<\/div>\n\t\t\t\t<\/div>\n\t\t\t\t<div class=\"elementor-element elementor-element-3ed1073 elementor-widget elementor-widget-spacer\" data-id=\"3ed1073\" data-element_type=\"widget\" data-e-type=\"widget\" data-widget_type=\"spacer.default\">\n\t\t\t\t<div class=\"elementor-widget-container\">\n\t\t\t\t\t\t\t<div class=\"elementor-spacer\">\n\t\t\t<div class=\"elementor-spacer-inner\"><\/div>\n\t\t<\/div>\n\t\t\t\t\t\t<\/div>\n\t\t\t\t<\/div>\n\t\t\t\t\t<\/div>\n\t\t<\/div>\n\t\t\t\t<div class=\"make-column-clickable-elementor elementor-column elementor-col-33 elementor-top-column elementor-element elementor-element-80cfb4f\" style=\"cursor: pointer;\" data-column-clickable=\"http:\/\/imaflow.com\/index.php\/reactifs\/\" data-column-clickable-blank=\"_self\" data-id=\"80cfb4f\" data-element_type=\"column\" data-e-type=\"column\" data-settings=\"{&quot;background_background&quot;:&quot;classic&quot;}\">\n\t\t\t<div class=\"elementor-widget-wrap elementor-element-populated\">\n\t\t\t\t\t<div class=\"elementor-background-overlay\"><\/div>\n\t\t\t\t\t\t<div class=\"elementor-element elementor-element-ee56abe elementor-widget elementor-widget-spacer\" data-id=\"ee56abe\" data-element_type=\"widget\" data-e-type=\"widget\" data-widget_type=\"spacer.default\">\n\t\t\t\t<div class=\"elementor-widget-container\">\n\t\t\t\t\t\t\t<div class=\"elementor-spacer\">\n\t\t\t<div class=\"elementor-spacer-inner\"><\/div>\n\t\t<\/div>\n\t\t\t\t\t\t<\/div>\n\t\t\t\t<\/div>\n\t\t\t\t<div class=\"elementor-element elementor-element-e088748 elementor-widget__width-initial elementor-invisible elementor-widget elementor-widget-heading\" data-id=\"e088748\" data-element_type=\"widget\" data-e-type=\"widget\" data-settings=\"{&quot;_animation&quot;:&quot;zoomIn&quot;}\" data-widget_type=\"heading.default\">\n\t\t\t\t<div class=\"elementor-widget-container\">\n\t\t\t\t\t<h4 class=\"elementor-heading-title elementor-size-default\"><a href=\"https:\/\/imaflow.com\/index.php\/ressources\/ressources-cytometrie\/reactifs\/\">R\u00e9actifs<\/a><\/h4>\t\t\t\t<\/div>\n\t\t\t\t<\/div>\n\t\t\t\t<div class=\"elementor-element elementor-element-6944968 elementor-widget elementor-widget-spacer\" data-id=\"6944968\" data-element_type=\"widget\" data-e-type=\"widget\" data-widget_type=\"spacer.default\">\n\t\t\t\t<div class=\"elementor-widget-container\">\n\t\t\t\t\t\t\t<div class=\"elementor-spacer\">\n\t\t\t<div class=\"elementor-spacer-inner\"><\/div>\n\t\t<\/div>\n\t\t\t\t\t\t<\/div>\n\t\t\t\t<\/div>\n\t\t\t\t\t<\/div>\n\t\t<\/div>\n\t\t\t\t<div class=\"elementor-column elementor-col-33 elementor-top-column elementor-element elementor-element-5c15d8c\" data-id=\"5c15d8c\" data-element_type=\"column\" data-e-type=\"column\">\n\t\t\t<div class=\"elementor-widget-wrap\">\n\t\t\t\t\t\t\t<\/div>\n\t\t<\/div>\n\t\t\t\t\t<\/div>\n\t\t<\/section>\n\t\t\t\t<section class=\"elementor-section elementor-top-section elementor-element elementor-element-2acce4a elementor-section-boxed elementor-section-height-default elementor-section-height-default\" data-id=\"2acce4a\" data-element_type=\"section\" data-e-type=\"section\">\n\t\t\t\t\t\t<div class=\"elementor-container elementor-column-gap-default\">\n\t\t\t\t\t<div class=\"elementor-column elementor-col-100 elementor-top-column elementor-element elementor-element-c01a4ac\" data-id=\"c01a4ac\" data-element_type=\"column\" data-e-type=\"column\">\n\t\t\t<div class=\"elementor-widget-wrap elementor-element-populated\">\n\t\t\t\t\t\t<div class=\"elementor-element elementor-element-5792ea1 elementor-widget elementor-widget-spacer\" data-id=\"5792ea1\" data-element_type=\"widget\" data-e-type=\"widget\" data-widget_type=\"spacer.default\">\n\t\t\t\t<div class=\"elementor-widget-container\">\n\t\t\t\t\t\t\t<div class=\"elementor-spacer\">\n\t\t\t<div class=\"elementor-spacer-inner\"><\/div>\n\t\t<\/div>\n\t\t\t\t\t\t<\/div>\n\t\t\t\t<\/div>\n\t\t\t\t\t<\/div>\n\t\t<\/div>\n\t\t\t\t\t<\/div>\n\t\t<\/section>\n\t\t\t\t<\/div>\n\t\t","protected":false},"excerpt":{"rendered":"<p>Boite \u00e0 outils panel design OMIP Protocoles utiles Tutoriels FlowJo R\u00e9actifs<\/p>\n","protected":false},"author":6,"featured_media":0,"parent":2100,"menu_order":0,"comment_status":"closed","ping_status":"closed","template":"elementor_header_footer","meta":{"footnotes":""},"class_list":["post-613","page","type-page","status-publish","hentry","entry"],"yoast_head":"<!-- This site is optimized with the Yoast SEO plugin v27.1.1 - https:\/\/yoast.com\/product\/yoast-seo-wordpress\/ -->\n<title>Ressources Cytom\u00e9trie - Imaflow<\/title>\n<meta name=\"robots\" content=\"index, follow, max-snippet:-1, max-image-preview:large, max-video-preview:-1\" \/>\n<link rel=\"canonical\" href=\"https:\/\/imaflow.com\/index.php\/ressources\/ressources-cytometrie\/\" \/>\n<meta property=\"og:locale\" content=\"fr_FR\" \/>\n<meta property=\"og:type\" content=\"article\" \/>\n<meta property=\"og:title\" content=\"Ressources Cytom\u00e9trie - Imaflow\" \/>\n<meta property=\"og:description\" content=\"Boite \u00e0 outils panel design OMIP Protocoles utiles Tutoriels FlowJo R\u00e9actifs\" \/>\n<meta property=\"og:url\" content=\"https:\/\/imaflow.com\/index.php\/ressources\/ressources-cytometrie\/\" \/>\n<meta property=\"og:site_name\" content=\"Imaflow\" \/>\n<meta property=\"article:modified_time\" content=\"2026-02-20T14:47:30+00:00\" \/>\n<meta name=\"twitter:card\" content=\"summary_large_image\" \/>\n<meta name=\"twitter:label1\" content=\"Dur\u00e9e de lecture estim\u00e9e\" \/>\n\t<meta name=\"twitter:data1\" content=\"1 minute\" \/>\n<script type=\"application\/ld+json\" class=\"yoast-schema-graph\">{\"@context\":\"https:\/\/schema.org\",\"@graph\":[{\"@type\":\"WebPage\",\"@id\":\"https:\/\/imaflow.com\/index.php\/ressources\/ressources-cytometrie\/\",\"url\":\"https:\/\/imaflow.com\/index.php\/ressources\/ressources-cytometrie\/\",\"name\":\"Ressources Cytom\u00e9trie - Imaflow\",\"isPartOf\":{\"@id\":\"https:\/\/imaflow.com\/#website\"},\"datePublished\":\"2023-06-02T12:21:55+00:00\",\"dateModified\":\"2026-02-20T14:47:30+00:00\",\"breadcrumb\":{\"@id\":\"https:\/\/imaflow.com\/index.php\/ressources\/ressources-cytometrie\/#breadcrumb\"},\"inLanguage\":\"fr-FR\",\"potentialAction\":[{\"@type\":\"ReadAction\",\"target\":[\"https:\/\/imaflow.com\/index.php\/ressources\/ressources-cytometrie\/\"]}]},{\"@type\":\"BreadcrumbList\",\"@id\":\"https:\/\/imaflow.com\/index.php\/ressources\/ressources-cytometrie\/#breadcrumb\",\"itemListElement\":[{\"@type\":\"ListItem\",\"position\":1,\"name\":\"Accueil\",\"item\":\"https:\/\/imaflow.com\/\"},{\"@type\":\"ListItem\",\"position\":2,\"name\":\"Ressources\",\"item\":\"https:\/\/imaflow.com\/index.php\/ressources\/\"},{\"@type\":\"ListItem\",\"position\":3,\"name\":\"Ressources Cytom\u00e9trie\"}]},{\"@type\":\"WebSite\",\"@id\":\"https:\/\/imaflow.com\/#website\",\"url\":\"https:\/\/imaflow.com\/\",\"name\":\"Imaflow\",\"description\":\"\",\"potentialAction\":[{\"@type\":\"SearchAction\",\"target\":{\"@type\":\"EntryPoint\",\"urlTemplate\":\"https:\/\/imaflow.com\/?s={search_term_string}\"},\"query-input\":{\"@type\":\"PropertyValueSpecification\",\"valueRequired\":true,\"valueName\":\"search_term_string\"}}],\"inLanguage\":\"fr-FR\"}]}<\/script>\n<!-- \/ Yoast SEO plugin. -->","yoast_head_json":{"title":"Ressources Cytom\u00e9trie - Imaflow","robots":{"index":"index","follow":"follow","max-snippet":"max-snippet:-1","max-image-preview":"max-image-preview:large","max-video-preview":"max-video-preview:-1"},"canonical":"https:\/\/imaflow.com\/index.php\/ressources\/ressources-cytometrie\/","og_locale":"fr_FR","og_type":"article","og_title":"Ressources Cytom\u00e9trie - Imaflow","og_description":"Boite \u00e0 outils panel design OMIP Protocoles utiles Tutoriels FlowJo R\u00e9actifs","og_url":"https:\/\/imaflow.com\/index.php\/ressources\/ressources-cytometrie\/","og_site_name":"Imaflow","article_modified_time":"2026-02-20T14:47:30+00:00","twitter_card":"summary_large_image","twitter_misc":{"Dur\u00e9e de lecture estim\u00e9e":"1 minute"},"schema":{"@context":"https:\/\/schema.org","@graph":[{"@type":"WebPage","@id":"https:\/\/imaflow.com\/index.php\/ressources\/ressources-cytometrie\/","url":"https:\/\/imaflow.com\/index.php\/ressources\/ressources-cytometrie\/","name":"Ressources Cytom\u00e9trie - Imaflow","isPartOf":{"@id":"https:\/\/imaflow.com\/#website"},"datePublished":"2023-06-02T12:21:55+00:00","dateModified":"2026-02-20T14:47:30+00:00","breadcrumb":{"@id":"https:\/\/imaflow.com\/index.php\/ressources\/ressources-cytometrie\/#breadcrumb"},"inLanguage":"fr-FR","potentialAction":[{"@type":"ReadAction","target":["https:\/\/imaflow.com\/index.php\/ressources\/ressources-cytometrie\/"]}]},{"@type":"BreadcrumbList","@id":"https:\/\/imaflow.com\/index.php\/ressources\/ressources-cytometrie\/#breadcrumb","itemListElement":[{"@type":"ListItem","position":1,"name":"Accueil","item":"https:\/\/imaflow.com\/"},{"@type":"ListItem","position":2,"name":"Ressources","item":"https:\/\/imaflow.com\/index.php\/ressources\/"},{"@type":"ListItem","position":3,"name":"Ressources Cytom\u00e9trie"}]},{"@type":"WebSite","@id":"https:\/\/imaflow.com\/#website","url":"https:\/\/imaflow.com\/","name":"Imaflow","description":"","potentialAction":[{"@type":"SearchAction","target":{"@type":"EntryPoint","urlTemplate":"https:\/\/imaflow.com\/?s={search_term_string}"},"query-input":{"@type":"PropertyValueSpecification","valueRequired":true,"valueName":"search_term_string"}}],"inLanguage":"fr-FR"}]}},"_links":{"self":[{"href":"https:\/\/imaflow.com\/index.php\/wp-json\/wp\/v2\/pages\/613","targetHints":{"allow":["GET"]}}],"collection":[{"href":"https:\/\/imaflow.com\/index.php\/wp-json\/wp\/v2\/pages"}],"about":[{"href":"https:\/\/imaflow.com\/index.php\/wp-json\/wp\/v2\/types\/page"}],"author":[{"embeddable":true,"href":"https:\/\/imaflow.com\/index.php\/wp-json\/wp\/v2\/users\/6"}],"replies":[{"embeddable":true,"href":"https:\/\/imaflow.com\/index.php\/wp-json\/wp\/v2\/comments?post=613"}],"version-history":[{"count":10,"href":"https:\/\/imaflow.com\/index.php\/wp-json\/wp\/v2\/pages\/613\/revisions"}],"predecessor-version":[{"id":5506,"href":"https:\/\/imaflow.com\/index.php\/wp-json\/wp\/v2\/pages\/613\/revisions\/5506"}],"up":[{"embeddable":true,"href":"https:\/\/imaflow.com\/index.php\/wp-json\/wp\/v2\/pages\/2100"}],"wp:attachment":[{"href":"https:\/\/imaflow.com\/index.php\/wp-json\/wp\/v2\/media?parent=613"}],"curies":[{"name":"wp","href":"https:\/\/api.w.org\/{rel}","templated":true}]}}