{"id":645,"date":"2023-06-02T14:51:51","date_gmt":"2023-06-02T12:51:51","guid":{"rendered":"http:\/\/localhost\/imaflow\/?page_id=645"},"modified":"2026-02-20T15:57:51","modified_gmt":"2026-02-20T14:57:51","slug":"protocoles-utiles","status":"publish","type":"page","link":"https:\/\/imaflow.com\/index.php\/ressources\/ressources-cytometrie\/protocoles-utiles\/","title":{"rendered":"Protocoles utiles"},"content":{"rendered":"\t\t<div data-elementor-type=\"wp-page\" data-elementor-id=\"645\" class=\"elementor elementor-645\">\n\t\t\t\t\t\t<section class=\"elementor-section elementor-top-section elementor-element elementor-element-f1ae6b4 elementor-section-boxed elementor-section-height-default elementor-section-height-default\" data-id=\"f1ae6b4\" data-element_type=\"section\" data-e-type=\"section\">\n\t\t\t\t\t\t<div class=\"elementor-container elementor-column-gap-default\">\n\t\t\t\t\t<div class=\"elementor-column elementor-col-100 elementor-top-column elementor-element elementor-element-122e12e\" data-id=\"122e12e\" data-element_type=\"column\" data-e-type=\"column\">\n\t\t\t<div class=\"elementor-widget-wrap elementor-element-populated\">\n\t\t\t\t\t\t<div class=\"elementor-element elementor-element-59093a9 elementor-widget elementor-widget-spacer\" data-id=\"59093a9\" data-element_type=\"widget\" data-e-type=\"widget\" data-widget_type=\"spacer.default\">\n\t\t\t\t<div class=\"elementor-widget-container\">\n\t\t\t\t\t\t\t<div class=\"elementor-spacer\">\n\t\t\t<div class=\"elementor-spacer-inner\"><\/div>\n\t\t<\/div>\n\t\t\t\t\t\t<\/div>\n\t\t\t\t<\/div>\n\t\t\t\t<div class=\"elementor-element elementor-element-3b43a5b elementor-widget elementor-widget-heading\" data-id=\"3b43a5b\" data-element_type=\"widget\" data-e-type=\"widget\" data-widget_type=\"heading.default\">\n\t\t\t\t<div class=\"elementor-widget-container\">\n\t\t\t\t\t<h2 class=\"elementor-heading-title elementor-size-default\">Nos protocoles de Cytom\u00e9trie <\/h2>\t\t\t\t<\/div>\n\t\t\t\t<\/div>\n\t\t\t\t<div class=\"elementor-element elementor-element-cf936dc elementor-widget-divider--view-line elementor-widget elementor-widget-divider\" data-id=\"cf936dc\" data-element_type=\"widget\" data-e-type=\"widget\" data-widget_type=\"divider.default\">\n\t\t\t\t<div class=\"elementor-widget-container\">\n\t\t\t\t\t\t\t<div class=\"elementor-divider\">\n\t\t\t<span class=\"elementor-divider-separator\">\n\t\t\t\t\t\t<\/span>\n\t\t<\/div>\n\t\t\t\t\t\t<\/div>\n\t\t\t\t<\/div>\n\t\t\t\t<div class=\"elementor-element elementor-element-8c00065 elementor-widget elementor-widget-spacer\" data-id=\"8c00065\" data-element_type=\"widget\" data-e-type=\"widget\" data-widget_type=\"spacer.default\">\n\t\t\t\t<div class=\"elementor-widget-container\">\n\t\t\t\t\t\t\t<div class=\"elementor-spacer\">\n\t\t\t<div class=\"elementor-spacer-inner\"><\/div>\n\t\t<\/div>\n\t\t\t\t\t\t<\/div>\n\t\t\t\t<\/div>\n\t\t\t\t\t<\/div>\n\t\t<\/div>\n\t\t\t\t\t<\/div>\n\t\t<\/section>\n\t\t\t\t<section class=\"elementor-section elementor-top-section elementor-element elementor-element-133dcc0 elementor-section-boxed elementor-section-height-default elementor-section-height-default\" data-id=\"133dcc0\" data-element_type=\"section\" data-e-type=\"section\">\n\t\t\t\t\t\t<div class=\"elementor-container elementor-column-gap-default\">\n\t\t\t\t\t<div class=\"elementor-column elementor-col-33 elementor-top-column elementor-element elementor-element-7632618\" data-id=\"7632618\" data-element_type=\"column\" data-e-type=\"column\">\n\t\t\t<div class=\"elementor-widget-wrap elementor-element-populated\">\n\t\t\t\t\t\t<div class=\"elementor-element elementor-element-35fe5ca elementor-widget elementor-widget-text-editor\" data-id=\"35fe5ca\" data-element_type=\"widget\" data-e-type=\"widget\" data-widget_type=\"text-editor.default\">\n\t\t\t\t<div class=\"elementor-widget-container\">\n\t\t\t\t\t\t\t\t\t<h2 class=\"elementor-heading-title elementor-size-medium elementor-inline-editing pen\" style=\"font-variant-ligatures: normal; font-variant-caps: normal; line-height: 45px; font-family: Roboto, sans-serif; font-size: 22px; font-style: normal; font-weight: 400; color: #000000; letter-spacing: 0.6px; -webkit-text-stroke-color: #000000; stroke-width: 0px; stroke: #000000; text-shadow: rgba(0, 0, 0, 0.3) 0px 0px 0px; text-align: center;\" data-elementor-setting-key=\"title\" data-pen-placeholder=\"\u00c9crivez ici...\"><span style=\"text-decoration: underline;\"><strong><a href=\"http:\/\/imaflow.com\/index.php\/ressources\/ressources-cytometrie\/\">Ressource Cytom\u00e9trie<\/a><\/strong><\/span><\/h2><ul><li><strong><a href=\"https:\/\/imaflow.com\/index.php\/ressources\/ressources-cytometrie\/boite-a-outils-panel-design\/\">Bo\u00eete \u00e0 outils Panel Design<\/a><\/strong><\/li><li><a href=\"https:\/\/imaflow.com\/index.php\/ressources\/ressources-cytometrie\/omip\/\"><strong>OMIP<\/strong><\/a><\/li><li><strong><span style=\"text-decoration: underline;\"><em>Protocoles utiles<\/em><\/span><\/strong><\/li><li><strong><a href=\"https:\/\/imaflow.com\/index.php\/ressources\/ressources-cytometrie\/tuto-flowjo\/\">Tutoriels FlowJo<\/a><\/strong><\/li><li><strong><a href=\"https:\/\/imaflow.com\/index.php\/ressources\/ressources-cytometrie\/reactifs\/\">R\u00e9actifs<\/a><\/strong><\/li><\/ul>\t\t\t\t\t\t\t\t<\/div>\n\t\t\t\t<\/div>\n\t\t\t\t\t<\/div>\n\t\t<\/div>\n\t\t\t\t<div class=\"elementor-column elementor-col-33 elementor-top-column elementor-element elementor-element-4cf7201\" data-id=\"4cf7201\" data-element_type=\"column\" data-e-type=\"column\">\n\t\t\t<div class=\"elementor-widget-wrap elementor-element-populated\">\n\t\t\t\t\t\t<div class=\"elementor-element elementor-element-212ab8a elementor-widget elementor-widget-text-editor\" data-id=\"212ab8a\" data-element_type=\"widget\" data-e-type=\"widget\" data-widget_type=\"text-editor.default\">\n\t\t\t\t<div class=\"elementor-widget-container\">\n\t\t\t\t\t\t\t\t\t<p><em>Cliquez sur le le titre pour t\u00e9l\u00e9charger le document<\/em><\/p><ul><li><a href=\"http:\/\/imaflow.com\/wp-content\/uploads\/2023\/09\/20230919_PROTOCOLE_-cycle-cell.pdf\" target=\"_blank\" rel=\"noopener\">Analyse du cycle cellulaire par cytom\u00e9trie en flux<\/a><\/li><li><a href=\"http:\/\/imaflow.com\/wp-content\/uploads\/2023\/09\/20230919_PROTOCOLE_Cycle-cell-BrdU.pdf\" target=\"_blank\" rel=\"noopener\">Analyse du cycle cellulaire par cytom\u00e9trie en flux avec BrdU<\/a><\/li><li><a href=\"http:\/\/imaflow.com\/wp-content\/uploads\/2023\/09\/20230919_PROTOCOLE_Numeration-cellulaire-sur-cellule-de-Malssez.pdf\" target=\"_blank\" rel=\"noopener\">Num\u00e9ration cellulaire sur cellule de Malassez<\/a><\/li><li><a href=\"http:\/\/imaflow.com\/wp-content\/uploads\/2023\/09\/20230919_PROTOCOLE_-JC-1-potententiel-de-mb-mitochondrial.pdf\" target=\"_blank\" rel=\"noopener\">Evaluation du potentiel membranaire mitochondrial avec le JC-1<\/a><\/li><li><a href=\"http:\/\/imaflow.com\/wp-content\/uploads\/2023\/09\/20230913_PROTOCOLE_-Preparation-pour-Tri.pdf\" target=\"_blank\" rel=\"noopener\">Protocole de pr\u00e9paration des \u00e9chantillons pour tri cellulaire<\/a><\/li><li><a href=\"http:\/\/imaflow.com\/wp-content\/uploads\/2023\/09\/20230918_PROTOCOLE_-Direct-Cell-surface-flow-cytometry-protocol.pdf\" target=\"_blank\" rel=\"noopener\">Protocole de marquage direct des antig\u00e8nes de surface<\/a><\/li><\/ul><div>\u00a0<\/div><div>\u00a0<\/div><div>\u00a0<\/div><div>\u00a0<\/div>\t\t\t\t\t\t\t\t<\/div>\n\t\t\t\t<\/div>\n\t\t\t\t\t<\/div>\n\t\t<\/div>\n\t\t\t\t<div class=\"elementor-column elementor-col-33 elementor-top-column elementor-element elementor-element-ca080fa\" data-id=\"ca080fa\" data-element_type=\"column\" data-e-type=\"column\" data-settings=\"{&quot;background_background&quot;:&quot;classic&quot;}\">\n\t\t\t<div class=\"elementor-widget-wrap elementor-element-populated\">\n\t\t\t\t\t\t<div class=\"elementor-element elementor-element-44d949f elementor-widget__width-initial elementor-widget elementor-widget-image\" data-id=\"44d949f\" data-element_type=\"widget\" data-e-type=\"widget\" data-widget_type=\"image.default\">\n\t\t\t\t<div class=\"elementor-widget-container\">\n\t\t\t\t\t\t\t\t\t\t\t\t\t\t\t<img fetchpriority=\"high\" decoding=\"async\" width=\"607\" height=\"381\" src=\"https:\/\/imaflow.com\/wp-content\/uploads\/2023\/09\/protocole.png\" class=\"attachment-large size-large wp-image-3074\" alt=\"\" srcset=\"https:\/\/imaflow.com\/wp-content\/uploads\/2023\/09\/protocole.png 607w, https:\/\/imaflow.com\/wp-content\/uploads\/2023\/09\/protocole-300x188.png 300w\" sizes=\"(max-width: 607px) 100vw, 607px\" \/>\t\t\t\t\t\t\t\t\t\t\t\t\t\t\t<\/div>\n\t\t\t\t<\/div>\n\t\t\t\t\t<\/div>\n\t\t<\/div>\n\t\t\t\t\t<\/div>\n\t\t<\/section>\n\t\t\t\t<section class=\"elementor-section elementor-top-section elementor-element elementor-element-a276614 elementor-section-boxed elementor-section-height-default elementor-section-height-default\" data-id=\"a276614\" data-element_type=\"section\" data-e-type=\"section\">\n\t\t\t\t\t\t<div class=\"elementor-container elementor-column-gap-default\">\n\t\t\t\t\t<div class=\"elementor-column elementor-col-100 elementor-top-column elementor-element elementor-element-65f972f\" data-id=\"65f972f\" data-element_type=\"column\" data-e-type=\"column\">\n\t\t\t<div class=\"elementor-widget-wrap elementor-element-populated\">\n\t\t\t\t\t\t<div class=\"elementor-element elementor-element-e0a0426 elementor-widget elementor-widget-spacer\" data-id=\"e0a0426\" data-element_type=\"widget\" data-e-type=\"widget\" data-widget_type=\"spacer.default\">\n\t\t\t\t<div class=\"elementor-widget-container\">\n\t\t\t\t\t\t\t<div class=\"elementor-spacer\">\n\t\t\t<div class=\"elementor-spacer-inner\"><\/div>\n\t\t<\/div>\n\t\t\t\t\t\t<\/div>\n\t\t\t\t<\/div>\n\t\t\t\t\t<\/div>\n\t\t<\/div>\n\t\t\t\t\t<\/div>\n\t\t<\/section>\n\t\t\t\t<\/div>\n\t\t","protected":false},"excerpt":{"rendered":"<p>Nos protocoles de Cytom\u00e9trie Ressource Cytom\u00e9trie Bo\u00eete \u00e0 outils Panel Design OMIP Protocoles utiles Tutoriels FlowJo R\u00e9actifs Cliquez sur le le titre pour t\u00e9l\u00e9charger le document Analyse du cycle cellulaire par cytom\u00e9trie en flux Analyse du cycle cellulaire par cytom\u00e9trie en flux avec BrdU Num\u00e9ration cellulaire sur cellule de Malassez Evaluation du potentiel membranaire mitochondrial [&hellip;]<\/p>\n","protected":false},"author":6,"featured_media":0,"parent":613,"menu_order":0,"comment_status":"closed","ping_status":"closed","template":"elementor_header_footer","meta":{"footnotes":""},"class_list":["post-645","page","type-page","status-publish","hentry","entry"],"yoast_head":"<!-- This site is optimized with the Yoast SEO plugin v27.1.1 - https:\/\/yoast.com\/product\/yoast-seo-wordpress\/ -->\n<title>Protocoles utiles - Imaflow<\/title>\n<meta name=\"robots\" content=\"index, follow, max-snippet:-1, max-image-preview:large, max-video-preview:-1\" \/>\n<link rel=\"canonical\" href=\"https:\/\/imaflow.com\/index.php\/ressources\/ressources-cytometrie\/protocoles-utiles\/\" \/>\n<meta property=\"og:locale\" content=\"fr_FR\" \/>\n<meta property=\"og:type\" content=\"article\" \/>\n<meta property=\"og:title\" content=\"Protocoles utiles - Imaflow\" \/>\n<meta property=\"og:description\" content=\"Nos protocoles de Cytom\u00e9trie Ressource Cytom\u00e9trie Bo\u00eete \u00e0 outils Panel Design OMIP Protocoles utiles Tutoriels FlowJo R\u00e9actifs Cliquez sur le le titre pour t\u00e9l\u00e9charger le document Analyse du cycle cellulaire par cytom\u00e9trie en flux Analyse du cycle cellulaire par cytom\u00e9trie en flux avec BrdU Num\u00e9ration cellulaire sur cellule de Malassez Evaluation du potentiel membranaire mitochondrial [&hellip;]\" \/>\n<meta property=\"og:url\" content=\"https:\/\/imaflow.com\/index.php\/ressources\/ressources-cytometrie\/protocoles-utiles\/\" \/>\n<meta property=\"og:site_name\" content=\"Imaflow\" \/>\n<meta property=\"article:modified_time\" content=\"2026-02-20T14:57:51+00:00\" \/>\n<meta property=\"og:image\" content=\"http:\/\/imaflow.com\/wp-content\/uploads\/2023\/09\/protocole.png\" \/>\n<meta name=\"twitter:card\" content=\"summary_large_image\" \/>\n<meta name=\"twitter:label1\" content=\"Dur\u00e9e de lecture estim\u00e9e\" \/>\n\t<meta name=\"twitter:data1\" content=\"1 minute\" \/>\n<script type=\"application\/ld+json\" class=\"yoast-schema-graph\">{\"@context\":\"https:\/\/schema.org\",\"@graph\":[{\"@type\":\"WebPage\",\"@id\":\"https:\/\/imaflow.com\/index.php\/ressources\/ressources-cytometrie\/protocoles-utiles\/\",\"url\":\"https:\/\/imaflow.com\/index.php\/ressources\/ressources-cytometrie\/protocoles-utiles\/\",\"name\":\"Protocoles utiles - Imaflow\",\"isPartOf\":{\"@id\":\"https:\/\/imaflow.com\/#website\"},\"primaryImageOfPage\":{\"@id\":\"https:\/\/imaflow.com\/index.php\/ressources\/ressources-cytometrie\/protocoles-utiles\/#primaryimage\"},\"image\":{\"@id\":\"https:\/\/imaflow.com\/index.php\/ressources\/ressources-cytometrie\/protocoles-utiles\/#primaryimage\"},\"thumbnailUrl\":\"http:\/\/imaflow.com\/wp-content\/uploads\/2023\/09\/protocole.png\",\"datePublished\":\"2023-06-02T12:51:51+00:00\",\"dateModified\":\"2026-02-20T14:57:51+00:00\",\"breadcrumb\":{\"@id\":\"https:\/\/imaflow.com\/index.php\/ressources\/ressources-cytometrie\/protocoles-utiles\/#breadcrumb\"},\"inLanguage\":\"fr-FR\",\"potentialAction\":[{\"@type\":\"ReadAction\",\"target\":[\"https:\/\/imaflow.com\/index.php\/ressources\/ressources-cytometrie\/protocoles-utiles\/\"]}]},{\"@type\":\"ImageObject\",\"inLanguage\":\"fr-FR\",\"@id\":\"https:\/\/imaflow.com\/index.php\/ressources\/ressources-cytometrie\/protocoles-utiles\/#primaryimage\",\"url\":\"https:\/\/imaflow.com\/wp-content\/uploads\/2023\/09\/protocole.png\",\"contentUrl\":\"https:\/\/imaflow.com\/wp-content\/uploads\/2023\/09\/protocole.png\",\"width\":607,\"height\":381},{\"@type\":\"BreadcrumbList\",\"@id\":\"https:\/\/imaflow.com\/index.php\/ressources\/ressources-cytometrie\/protocoles-utiles\/#breadcrumb\",\"itemListElement\":[{\"@type\":\"ListItem\",\"position\":1,\"name\":\"Accueil\",\"item\":\"https:\/\/imaflow.com\/\"},{\"@type\":\"ListItem\",\"position\":2,\"name\":\"Ressources\",\"item\":\"https:\/\/imaflow.com\/index.php\/ressources\/\"},{\"@type\":\"ListItem\",\"position\":3,\"name\":\"Ressources Cytom\u00e9trie\",\"item\":\"https:\/\/imaflow.com\/index.php\/ressources\/ressources-cytometrie\/\"},{\"@type\":\"ListItem\",\"position\":4,\"name\":\"Protocoles utiles\"}]},{\"@type\":\"WebSite\",\"@id\":\"https:\/\/imaflow.com\/#website\",\"url\":\"https:\/\/imaflow.com\/\",\"name\":\"Imaflow\",\"description\":\"\",\"potentialAction\":[{\"@type\":\"SearchAction\",\"target\":{\"@type\":\"EntryPoint\",\"urlTemplate\":\"https:\/\/imaflow.com\/?s={search_term_string}\"},\"query-input\":{\"@type\":\"PropertyValueSpecification\",\"valueRequired\":true,\"valueName\":\"search_term_string\"}}],\"inLanguage\":\"fr-FR\"}]}<\/script>\n<!-- \/ Yoast SEO plugin. -->","yoast_head_json":{"title":"Protocoles utiles - Imaflow","robots":{"index":"index","follow":"follow","max-snippet":"max-snippet:-1","max-image-preview":"max-image-preview:large","max-video-preview":"max-video-preview:-1"},"canonical":"https:\/\/imaflow.com\/index.php\/ressources\/ressources-cytometrie\/protocoles-utiles\/","og_locale":"fr_FR","og_type":"article","og_title":"Protocoles utiles - Imaflow","og_description":"Nos protocoles de Cytom\u00e9trie Ressource Cytom\u00e9trie Bo\u00eete \u00e0 outils Panel Design OMIP Protocoles utiles Tutoriels FlowJo R\u00e9actifs Cliquez sur le le titre pour t\u00e9l\u00e9charger le document Analyse du cycle cellulaire par cytom\u00e9trie en flux Analyse du cycle cellulaire par cytom\u00e9trie en flux avec BrdU Num\u00e9ration cellulaire sur cellule de Malassez Evaluation du potentiel membranaire mitochondrial [&hellip;]","og_url":"https:\/\/imaflow.com\/index.php\/ressources\/ressources-cytometrie\/protocoles-utiles\/","og_site_name":"Imaflow","article_modified_time":"2026-02-20T14:57:51+00:00","og_image":[{"url":"http:\/\/imaflow.com\/wp-content\/uploads\/2023\/09\/protocole.png","type":"","width":"","height":""}],"twitter_card":"summary_large_image","twitter_misc":{"Dur\u00e9e de lecture estim\u00e9e":"1 minute"},"schema":{"@context":"https:\/\/schema.org","@graph":[{"@type":"WebPage","@id":"https:\/\/imaflow.com\/index.php\/ressources\/ressources-cytometrie\/protocoles-utiles\/","url":"https:\/\/imaflow.com\/index.php\/ressources\/ressources-cytometrie\/protocoles-utiles\/","name":"Protocoles utiles - Imaflow","isPartOf":{"@id":"https:\/\/imaflow.com\/#website"},"primaryImageOfPage":{"@id":"https:\/\/imaflow.com\/index.php\/ressources\/ressources-cytometrie\/protocoles-utiles\/#primaryimage"},"image":{"@id":"https:\/\/imaflow.com\/index.php\/ressources\/ressources-cytometrie\/protocoles-utiles\/#primaryimage"},"thumbnailUrl":"http:\/\/imaflow.com\/wp-content\/uploads\/2023\/09\/protocole.png","datePublished":"2023-06-02T12:51:51+00:00","dateModified":"2026-02-20T14:57:51+00:00","breadcrumb":{"@id":"https:\/\/imaflow.com\/index.php\/ressources\/ressources-cytometrie\/protocoles-utiles\/#breadcrumb"},"inLanguage":"fr-FR","potentialAction":[{"@type":"ReadAction","target":["https:\/\/imaflow.com\/index.php\/ressources\/ressources-cytometrie\/protocoles-utiles\/"]}]},{"@type":"ImageObject","inLanguage":"fr-FR","@id":"https:\/\/imaflow.com\/index.php\/ressources\/ressources-cytometrie\/protocoles-utiles\/#primaryimage","url":"https:\/\/imaflow.com\/wp-content\/uploads\/2023\/09\/protocole.png","contentUrl":"https:\/\/imaflow.com\/wp-content\/uploads\/2023\/09\/protocole.png","width":607,"height":381},{"@type":"BreadcrumbList","@id":"https:\/\/imaflow.com\/index.php\/ressources\/ressources-cytometrie\/protocoles-utiles\/#breadcrumb","itemListElement":[{"@type":"ListItem","position":1,"name":"Accueil","item":"https:\/\/imaflow.com\/"},{"@type":"ListItem","position":2,"name":"Ressources","item":"https:\/\/imaflow.com\/index.php\/ressources\/"},{"@type":"ListItem","position":3,"name":"Ressources Cytom\u00e9trie","item":"https:\/\/imaflow.com\/index.php\/ressources\/ressources-cytometrie\/"},{"@type":"ListItem","position":4,"name":"Protocoles utiles"}]},{"@type":"WebSite","@id":"https:\/\/imaflow.com\/#website","url":"https:\/\/imaflow.com\/","name":"Imaflow","description":"","potentialAction":[{"@type":"SearchAction","target":{"@type":"EntryPoint","urlTemplate":"https:\/\/imaflow.com\/?s={search_term_string}"},"query-input":{"@type":"PropertyValueSpecification","valueRequired":true,"valueName":"search_term_string"}}],"inLanguage":"fr-FR"}]}},"_links":{"self":[{"href":"https:\/\/imaflow.com\/index.php\/wp-json\/wp\/v2\/pages\/645","targetHints":{"allow":["GET"]}}],"collection":[{"href":"https:\/\/imaflow.com\/index.php\/wp-json\/wp\/v2\/pages"}],"about":[{"href":"https:\/\/imaflow.com\/index.php\/wp-json\/wp\/v2\/types\/page"}],"author":[{"embeddable":true,"href":"https:\/\/imaflow.com\/index.php\/wp-json\/wp\/v2\/users\/6"}],"replies":[{"embeddable":true,"href":"https:\/\/imaflow.com\/index.php\/wp-json\/wp\/v2\/comments?post=645"}],"version-history":[{"count":10,"href":"https:\/\/imaflow.com\/index.php\/wp-json\/wp\/v2\/pages\/645\/revisions"}],"predecessor-version":[{"id":5518,"href":"https:\/\/imaflow.com\/index.php\/wp-json\/wp\/v2\/pages\/645\/revisions\/5518"}],"up":[{"embeddable":true,"href":"https:\/\/imaflow.com\/index.php\/wp-json\/wp\/v2\/pages\/613"}],"wp:attachment":[{"href":"https:\/\/imaflow.com\/index.php\/wp-json\/wp\/v2\/media?parent=645"}],"curies":[{"name":"wp","href":"https:\/\/api.w.org\/{rel}","templated":true}]}}