{"id":647,"date":"2023-06-02T14:52:16","date_gmt":"2023-06-02T12:52:16","guid":{"rendered":"http:\/\/localhost\/imaflow\/?page_id=647"},"modified":"2026-02-20T15:59:21","modified_gmt":"2026-02-20T14:59:21","slug":"tuto-flowjo","status":"publish","type":"page","link":"https:\/\/imaflow.com\/index.php\/ressources\/ressources-cytometrie\/tuto-flowjo\/","title":{"rendered":"Tuto FlowJo"},"content":{"rendered":"\t\t<div data-elementor-type=\"wp-page\" data-elementor-id=\"647\" class=\"elementor elementor-647\">\n\t\t\t\t\t\t<section class=\"elementor-section elementor-top-section elementor-element elementor-element-3efdb44 elementor-section-boxed elementor-section-height-default elementor-section-height-default\" data-id=\"3efdb44\" data-element_type=\"section\" data-e-type=\"section\">\n\t\t\t\t\t\t<div class=\"elementor-container elementor-column-gap-default\">\n\t\t\t\t\t<div class=\"elementor-column elementor-col-100 elementor-top-column elementor-element elementor-element-7d2b836\" data-id=\"7d2b836\" data-element_type=\"column\" data-e-type=\"column\">\n\t\t\t<div class=\"elementor-widget-wrap elementor-element-populated\">\n\t\t\t\t\t\t<div class=\"elementor-element elementor-element-c4f331d elementor-widget elementor-widget-spacer\" data-id=\"c4f331d\" data-element_type=\"widget\" data-e-type=\"widget\" data-widget_type=\"spacer.default\">\n\t\t\t\t<div class=\"elementor-widget-container\">\n\t\t\t\t\t\t\t<div class=\"elementor-spacer\">\n\t\t\t<div class=\"elementor-spacer-inner\"><\/div>\n\t\t<\/div>\n\t\t\t\t\t\t<\/div>\n\t\t\t\t<\/div>\n\t\t\t\t<div class=\"elementor-element elementor-element-07af5b5 elementor-widget elementor-widget-heading\" data-id=\"07af5b5\" data-element_type=\"widget\" data-e-type=\"widget\" data-widget_type=\"heading.default\">\n\t\t\t\t<div class=\"elementor-widget-container\">\n\t\t\t\t\t<h2 class=\"elementor-heading-title elementor-size-default\">Tutoriels FlowJo<\/h2>\t\t\t\t<\/div>\n\t\t\t\t<\/div>\n\t\t\t\t<div class=\"elementor-element elementor-element-b9b8c57 elementor-widget-divider--view-line elementor-widget elementor-widget-divider\" data-id=\"b9b8c57\" data-element_type=\"widget\" data-e-type=\"widget\" data-widget_type=\"divider.default\">\n\t\t\t\t<div class=\"elementor-widget-container\">\n\t\t\t\t\t\t\t<div class=\"elementor-divider\">\n\t\t\t<span class=\"elementor-divider-separator\">\n\t\t\t\t\t\t<\/span>\n\t\t<\/div>\n\t\t\t\t\t\t<\/div>\n\t\t\t\t<\/div>\n\t\t\t\t<div class=\"elementor-element elementor-element-00ff5c5 elementor-widget elementor-widget-spacer\" data-id=\"00ff5c5\" data-element_type=\"widget\" data-e-type=\"widget\" data-widget_type=\"spacer.default\">\n\t\t\t\t<div class=\"elementor-widget-container\">\n\t\t\t\t\t\t\t<div class=\"elementor-spacer\">\n\t\t\t<div class=\"elementor-spacer-inner\"><\/div>\n\t\t<\/div>\n\t\t\t\t\t\t<\/div>\n\t\t\t\t<\/div>\n\t\t\t\t\t<\/div>\n\t\t<\/div>\n\t\t\t\t\t<\/div>\n\t\t<\/section>\n\t\t\t\t<section class=\"elementor-section elementor-top-section elementor-element elementor-element-a695b3a elementor-section-boxed elementor-section-height-default elementor-section-height-default\" data-id=\"a695b3a\" data-element_type=\"section\" data-e-type=\"section\">\n\t\t\t\t\t\t<div class=\"elementor-container elementor-column-gap-default\">\n\t\t\t\t\t<div class=\"elementor-column elementor-col-50 elementor-top-column elementor-element elementor-element-a525471\" data-id=\"a525471\" data-element_type=\"column\" data-e-type=\"column\">\n\t\t\t<div class=\"elementor-widget-wrap elementor-element-populated\">\n\t\t\t\t\t\t<div class=\"elementor-element elementor-element-83a9090 elementor-widget elementor-widget-text-editor\" data-id=\"83a9090\" data-element_type=\"widget\" data-e-type=\"widget\" data-widget_type=\"text-editor.default\">\n\t\t\t\t<div class=\"elementor-widget-container\">\n\t\t\t\t\t\t\t\t\t<h2 class=\"elementor-heading-title elementor-size-medium elementor-inline-editing pen\" style=\"font-variant-ligatures: normal; font-variant-caps: normal; line-height: 45px; font-family: Roboto, sans-serif; font-size: 22px; font-style: normal; font-weight: 400; color: #000000; letter-spacing: 0.6px; -webkit-text-stroke-color: #000000; stroke-width: 0px; stroke: #000000; text-shadow: rgba(0, 0, 0, 0.3) 0px 0px 0px; text-align: center;\" data-elementor-setting-key=\"title\" data-pen-placeholder=\"\u00c9crivez ici...\"><span style=\"text-decoration: underline;\"><strong><a href=\"http:\/\/imaflow.com\/index.php\/ressources\/ressources-cytometrie\/\">Ressource Cytom\u00e9trie<\/a><\/strong><\/span><\/h2><ul><li><strong><a href=\"https:\/\/imaflow.com\/index.php\/ressources\/ressources-cytometrie\/boite-a-outils-panel-design\/\">Bo\u00eete \u00e0 outils Panel Design<\/a><\/strong><\/li><li><strong><a href=\"https:\/\/imaflow.com\/index.php\/ressources\/ressources-cytometrie\/omip\/\">OMIP<\/a><\/strong><\/li><li><strong><a href=\"https:\/\/imaflow.com\/index.php\/ressources\/ressources-cytometrie\/protocoles-utiles\/\">Protocoles utiles<\/a><\/strong><\/li><li><span style=\"text-decoration: underline;\"><em><strong>Tutoriels FlowJo<\/strong><\/em><\/span><\/li><li><strong><a href=\"https:\/\/imaflow.com\/index.php\/ressources\/ressources-cytometrie\/reactifs\/\">R\u00e9actifs<\/a><\/strong><\/li><\/ul>\t\t\t\t\t\t\t\t<\/div>\n\t\t\t\t<\/div>\n\t\t\t\t\t<\/div>\n\t\t<\/div>\n\t\t\t\t<div class=\"elementor-column elementor-col-50 elementor-top-column elementor-element elementor-element-dfcaf7f\" data-id=\"dfcaf7f\" data-element_type=\"column\" data-e-type=\"column\">\n\t\t\t<div class=\"elementor-widget-wrap elementor-element-populated\">\n\t\t\t\t\t\t<div class=\"elementor-element elementor-element-2ed7fad elementor-widget elementor-widget-image\" data-id=\"2ed7fad\" data-element_type=\"widget\" data-e-type=\"widget\" data-widget_type=\"image.default\">\n\t\t\t\t<div class=\"elementor-widget-container\">\n\t\t\t\t\t\t\t\t\t\t\t\t\t\t\t<img fetchpriority=\"high\" decoding=\"async\" width=\"1024\" height=\"295\" src=\"https:\/\/imaflow.com\/wp-content\/uploads\/2023\/09\/Logo-FlowJo-1024x295.png\" class=\"attachment-large size-large wp-image-2654\" alt=\"\" srcset=\"https:\/\/imaflow.com\/wp-content\/uploads\/2023\/09\/Logo-FlowJo-1024x295.png 1024w, https:\/\/imaflow.com\/wp-content\/uploads\/2023\/09\/Logo-FlowJo-300x86.png 300w, https:\/\/imaflow.com\/wp-content\/uploads\/2023\/09\/Logo-FlowJo-768x221.png 768w, https:\/\/imaflow.com\/wp-content\/uploads\/2023\/09\/Logo-FlowJo.png 1536w\" sizes=\"(max-width: 1024px) 100vw, 1024px\" \/>\t\t\t\t\t\t\t\t\t\t\t\t\t\t\t<\/div>\n\t\t\t\t<\/div>\n\t\t\t\t<div class=\"elementor-element elementor-element-1065b5c elementor-widget__width-initial elementor-widget elementor-widget-text-editor\" data-id=\"1065b5c\" data-element_type=\"widget\" data-e-type=\"widget\" data-widget_type=\"text-editor.default\">\n\t\t\t\t<div class=\"elementor-widget-container\">\n\t\t\t\t\t\t\t\t\t<ul><li><a style=\"font-family: Roboto, sans-serif; font-style: normal; font-variant-ligatures: normal; font-variant-caps: normal; font-weight: 400; font-size: 18px; background-color: #ffffff;\" href=\"https:\/\/www.youtube.com\/@FlowJoMedia\/videos\" target=\"_blank\" rel=\"noopener\">Cha\u00eene Youtube FlowJo<\/a><span style=\"font-family: Roboto, sans-serif; font-style: normal; font-variant-ligatures: normal; font-variant-caps: normal; font-weight: 400; color: #000000; font-size: 18px;\">\u00a0: nombreux tutoriels en ligne sur l&rsquo;utilisation de FlowJo<\/span><\/li><li><a style=\"font-variant-ligatures: normal; font-variant-caps: normal; font-family: Roboto, sans-serif; font-size: 18px; font-style: normal; font-weight: 400; background-color: #ffffff;\" href=\"https:\/\/www.flowjo.com\/exchange\/#\/\" target=\"_blank\" rel=\"noopener\">FlowJo exchange : pour t\u00e9l\u00e9charger des plugins pour l&rsquo;analyse de vos donn\u00e9es<\/a><\/li><li><a style=\"font-variant-ligatures: normal; font-variant-caps: normal; font-family: Roboto, sans-serif; font-size: 18px; font-style: normal; font-weight: 400; background-color: #ffffff;\" href=\"http:\/\/imaflow.com\/wp-content\/uploads\/2023\/09\/FlowJo%C2%AE_Basic_Tutorial_%C2%A92018.pdf\" target=\"_blank\" rel=\"noopener\">Basic Tutorial Data Analysis Software for Flow Cytometry<\/a><\/li><li><a style=\"font-variant-ligatures: normal; font-variant-caps: normal; font-family: Roboto, sans-serif; font-size: 18px; font-style: normal; font-weight: 400; background-color: #ffffff;\" href=\"http:\/\/imaflow.com\/wp-content\/uploads\/2023\/09\/FJv10-tutoriel.pdf\" target=\"_blank\" rel=\"noopener\">Formation FlowJo\u00a0<\/a><\/li><li><a href=\"https:\/\/www.youtube.com\/watch?v=OQe04SiT8I0\" target=\"_blank\" rel=\"noopener\">Un tuto int\u00e9ressant sur l&rsquo;analyse non supervis\u00e9e utilisant l&rsquo;algorithme t-SNE<\/a><\/li><\/ul>\t\t\t\t\t\t\t\t<\/div>\n\t\t\t\t<\/div>\n\t\t\t\t\t<\/div>\n\t\t<\/div>\n\t\t\t\t\t<\/div>\n\t\t<\/section>\n\t\t\t\t<section class=\"elementor-section elementor-top-section elementor-element elementor-element-db0a89a elementor-section-boxed elementor-section-height-default elementor-section-height-default\" data-id=\"db0a89a\" data-element_type=\"section\" data-e-type=\"section\">\n\t\t\t\t\t\t<div class=\"elementor-container elementor-column-gap-default\">\n\t\t\t\t\t<div class=\"elementor-column elementor-col-100 elementor-top-column elementor-element elementor-element-bccf346\" data-id=\"bccf346\" data-element_type=\"column\" data-e-type=\"column\">\n\t\t\t<div class=\"elementor-widget-wrap elementor-element-populated\">\n\t\t\t\t\t\t<div class=\"elementor-element elementor-element-9a1f13f elementor-widget elementor-widget-spacer\" data-id=\"9a1f13f\" data-element_type=\"widget\" data-e-type=\"widget\" data-widget_type=\"spacer.default\">\n\t\t\t\t<div class=\"elementor-widget-container\">\n\t\t\t\t\t\t\t<div class=\"elementor-spacer\">\n\t\t\t<div class=\"elementor-spacer-inner\"><\/div>\n\t\t<\/div>\n\t\t\t\t\t\t<\/div>\n\t\t\t\t<\/div>\n\t\t\t\t\t<\/div>\n\t\t<\/div>\n\t\t\t\t\t<\/div>\n\t\t<\/section>\n\t\t\t\t<\/div>\n\t\t","protected":false},"excerpt":{"rendered":"<p>Tutoriels FlowJo Ressource Cytom\u00e9trie Bo\u00eete \u00e0 outils Panel Design OMIP Protocoles utiles Tutoriels FlowJo R\u00e9actifs Cha\u00eene Youtube FlowJo\u00a0: nombreux tutoriels en ligne sur l&rsquo;utilisation de FlowJo FlowJo exchange : pour t\u00e9l\u00e9charger des plugins pour l&rsquo;analyse de vos donn\u00e9es Basic Tutorial Data Analysis Software for Flow Cytometry Formation FlowJo\u00a0 Un tuto int\u00e9ressant sur l&rsquo;analyse non supervis\u00e9e [&hellip;]<\/p>\n","protected":false},"author":6,"featured_media":0,"parent":613,"menu_order":0,"comment_status":"closed","ping_status":"closed","template":"elementor_header_footer","meta":{"footnotes":""},"class_list":["post-647","page","type-page","status-publish","hentry","entry"],"yoast_head":"<!-- This site is optimized with the Yoast SEO plugin v27.1.1 - https:\/\/yoast.com\/product\/yoast-seo-wordpress\/ -->\n<title>Tuto FlowJo - Imaflow<\/title>\n<meta name=\"robots\" content=\"index, follow, max-snippet:-1, max-image-preview:large, max-video-preview:-1\" \/>\n<link rel=\"canonical\" href=\"https:\/\/imaflow.com\/index.php\/ressources\/ressources-cytometrie\/tuto-flowjo\/\" \/>\n<meta property=\"og:locale\" content=\"fr_FR\" \/>\n<meta property=\"og:type\" content=\"article\" \/>\n<meta property=\"og:title\" content=\"Tuto FlowJo - Imaflow\" \/>\n<meta property=\"og:description\" content=\"Tutoriels FlowJo Ressource Cytom\u00e9trie Bo\u00eete \u00e0 outils Panel Design OMIP Protocoles utiles Tutoriels FlowJo R\u00e9actifs Cha\u00eene Youtube FlowJo\u00a0: nombreux tutoriels en ligne sur l&rsquo;utilisation de FlowJo FlowJo exchange : pour t\u00e9l\u00e9charger des plugins pour l&rsquo;analyse de vos donn\u00e9es Basic Tutorial Data Analysis Software for Flow Cytometry Formation FlowJo\u00a0 Un tuto int\u00e9ressant sur l&rsquo;analyse non supervis\u00e9e [&hellip;]\" \/>\n<meta property=\"og:url\" content=\"https:\/\/imaflow.com\/index.php\/ressources\/ressources-cytometrie\/tuto-flowjo\/\" \/>\n<meta property=\"og:site_name\" content=\"Imaflow\" \/>\n<meta property=\"article:modified_time\" content=\"2026-02-20T14:59:21+00:00\" \/>\n<meta property=\"og:image\" content=\"http:\/\/imaflow.com\/wp-content\/uploads\/2023\/09\/Logo-FlowJo-1024x295.png\" \/>\n<meta name=\"twitter:card\" content=\"summary_large_image\" \/>\n<meta name=\"twitter:label1\" content=\"Dur\u00e9e de lecture estim\u00e9e\" \/>\n\t<meta name=\"twitter:data1\" content=\"1 minute\" \/>\n<script type=\"application\/ld+json\" class=\"yoast-schema-graph\">{\"@context\":\"https:\/\/schema.org\",\"@graph\":[{\"@type\":\"WebPage\",\"@id\":\"https:\/\/imaflow.com\/index.php\/ressources\/ressources-cytometrie\/tuto-flowjo\/\",\"url\":\"https:\/\/imaflow.com\/index.php\/ressources\/ressources-cytometrie\/tuto-flowjo\/\",\"name\":\"Tuto FlowJo - Imaflow\",\"isPartOf\":{\"@id\":\"https:\/\/imaflow.com\/#website\"},\"primaryImageOfPage\":{\"@id\":\"https:\/\/imaflow.com\/index.php\/ressources\/ressources-cytometrie\/tuto-flowjo\/#primaryimage\"},\"image\":{\"@id\":\"https:\/\/imaflow.com\/index.php\/ressources\/ressources-cytometrie\/tuto-flowjo\/#primaryimage\"},\"thumbnailUrl\":\"http:\/\/imaflow.com\/wp-content\/uploads\/2023\/09\/Logo-FlowJo-1024x295.png\",\"datePublished\":\"2023-06-02T12:52:16+00:00\",\"dateModified\":\"2026-02-20T14:59:21+00:00\",\"breadcrumb\":{\"@id\":\"https:\/\/imaflow.com\/index.php\/ressources\/ressources-cytometrie\/tuto-flowjo\/#breadcrumb\"},\"inLanguage\":\"fr-FR\",\"potentialAction\":[{\"@type\":\"ReadAction\",\"target\":[\"https:\/\/imaflow.com\/index.php\/ressources\/ressources-cytometrie\/tuto-flowjo\/\"]}]},{\"@type\":\"ImageObject\",\"inLanguage\":\"fr-FR\",\"@id\":\"https:\/\/imaflow.com\/index.php\/ressources\/ressources-cytometrie\/tuto-flowjo\/#primaryimage\",\"url\":\"https:\/\/imaflow.com\/wp-content\/uploads\/2023\/09\/Logo-FlowJo.png\",\"contentUrl\":\"https:\/\/imaflow.com\/wp-content\/uploads\/2023\/09\/Logo-FlowJo.png\",\"width\":1536,\"height\":442},{\"@type\":\"BreadcrumbList\",\"@id\":\"https:\/\/imaflow.com\/index.php\/ressources\/ressources-cytometrie\/tuto-flowjo\/#breadcrumb\",\"itemListElement\":[{\"@type\":\"ListItem\",\"position\":1,\"name\":\"Accueil\",\"item\":\"https:\/\/imaflow.com\/\"},{\"@type\":\"ListItem\",\"position\":2,\"name\":\"Ressources\",\"item\":\"https:\/\/imaflow.com\/index.php\/ressources\/\"},{\"@type\":\"ListItem\",\"position\":3,\"name\":\"Ressources Cytom\u00e9trie\",\"item\":\"https:\/\/imaflow.com\/index.php\/ressources\/ressources-cytometrie\/\"},{\"@type\":\"ListItem\",\"position\":4,\"name\":\"Tuto FlowJo\"}]},{\"@type\":\"WebSite\",\"@id\":\"https:\/\/imaflow.com\/#website\",\"url\":\"https:\/\/imaflow.com\/\",\"name\":\"Imaflow\",\"description\":\"\",\"potentialAction\":[{\"@type\":\"SearchAction\",\"target\":{\"@type\":\"EntryPoint\",\"urlTemplate\":\"https:\/\/imaflow.com\/?s={search_term_string}\"},\"query-input\":{\"@type\":\"PropertyValueSpecification\",\"valueRequired\":true,\"valueName\":\"search_term_string\"}}],\"inLanguage\":\"fr-FR\"}]}<\/script>\n<!-- \/ Yoast SEO plugin. -->","yoast_head_json":{"title":"Tuto FlowJo - Imaflow","robots":{"index":"index","follow":"follow","max-snippet":"max-snippet:-1","max-image-preview":"max-image-preview:large","max-video-preview":"max-video-preview:-1"},"canonical":"https:\/\/imaflow.com\/index.php\/ressources\/ressources-cytometrie\/tuto-flowjo\/","og_locale":"fr_FR","og_type":"article","og_title":"Tuto FlowJo - Imaflow","og_description":"Tutoriels FlowJo Ressource Cytom\u00e9trie Bo\u00eete \u00e0 outils Panel Design OMIP Protocoles utiles Tutoriels FlowJo R\u00e9actifs Cha\u00eene Youtube FlowJo\u00a0: nombreux tutoriels en ligne sur l&rsquo;utilisation de FlowJo FlowJo exchange : pour t\u00e9l\u00e9charger des plugins pour l&rsquo;analyse de vos donn\u00e9es Basic Tutorial Data Analysis Software for Flow Cytometry Formation FlowJo\u00a0 Un tuto int\u00e9ressant sur l&rsquo;analyse non supervis\u00e9e [&hellip;]","og_url":"https:\/\/imaflow.com\/index.php\/ressources\/ressources-cytometrie\/tuto-flowjo\/","og_site_name":"Imaflow","article_modified_time":"2026-02-20T14:59:21+00:00","og_image":[{"url":"http:\/\/imaflow.com\/wp-content\/uploads\/2023\/09\/Logo-FlowJo-1024x295.png","type":"","width":"","height":""}],"twitter_card":"summary_large_image","twitter_misc":{"Dur\u00e9e de lecture estim\u00e9e":"1 minute"},"schema":{"@context":"https:\/\/schema.org","@graph":[{"@type":"WebPage","@id":"https:\/\/imaflow.com\/index.php\/ressources\/ressources-cytometrie\/tuto-flowjo\/","url":"https:\/\/imaflow.com\/index.php\/ressources\/ressources-cytometrie\/tuto-flowjo\/","name":"Tuto FlowJo - Imaflow","isPartOf":{"@id":"https:\/\/imaflow.com\/#website"},"primaryImageOfPage":{"@id":"https:\/\/imaflow.com\/index.php\/ressources\/ressources-cytometrie\/tuto-flowjo\/#primaryimage"},"image":{"@id":"https:\/\/imaflow.com\/index.php\/ressources\/ressources-cytometrie\/tuto-flowjo\/#primaryimage"},"thumbnailUrl":"http:\/\/imaflow.com\/wp-content\/uploads\/2023\/09\/Logo-FlowJo-1024x295.png","datePublished":"2023-06-02T12:52:16+00:00","dateModified":"2026-02-20T14:59:21+00:00","breadcrumb":{"@id":"https:\/\/imaflow.com\/index.php\/ressources\/ressources-cytometrie\/tuto-flowjo\/#breadcrumb"},"inLanguage":"fr-FR","potentialAction":[{"@type":"ReadAction","target":["https:\/\/imaflow.com\/index.php\/ressources\/ressources-cytometrie\/tuto-flowjo\/"]}]},{"@type":"ImageObject","inLanguage":"fr-FR","@id":"https:\/\/imaflow.com\/index.php\/ressources\/ressources-cytometrie\/tuto-flowjo\/#primaryimage","url":"https:\/\/imaflow.com\/wp-content\/uploads\/2023\/09\/Logo-FlowJo.png","contentUrl":"https:\/\/imaflow.com\/wp-content\/uploads\/2023\/09\/Logo-FlowJo.png","width":1536,"height":442},{"@type":"BreadcrumbList","@id":"https:\/\/imaflow.com\/index.php\/ressources\/ressources-cytometrie\/tuto-flowjo\/#breadcrumb","itemListElement":[{"@type":"ListItem","position":1,"name":"Accueil","item":"https:\/\/imaflow.com\/"},{"@type":"ListItem","position":2,"name":"Ressources","item":"https:\/\/imaflow.com\/index.php\/ressources\/"},{"@type":"ListItem","position":3,"name":"Ressources Cytom\u00e9trie","item":"https:\/\/imaflow.com\/index.php\/ressources\/ressources-cytometrie\/"},{"@type":"ListItem","position":4,"name":"Tuto FlowJo"}]},{"@type":"WebSite","@id":"https:\/\/imaflow.com\/#website","url":"https:\/\/imaflow.com\/","name":"Imaflow","description":"","potentialAction":[{"@type":"SearchAction","target":{"@type":"EntryPoint","urlTemplate":"https:\/\/imaflow.com\/?s={search_term_string}"},"query-input":{"@type":"PropertyValueSpecification","valueRequired":true,"valueName":"search_term_string"}}],"inLanguage":"fr-FR"}]}},"_links":{"self":[{"href":"https:\/\/imaflow.com\/index.php\/wp-json\/wp\/v2\/pages\/647","targetHints":{"allow":["GET"]}}],"collection":[{"href":"https:\/\/imaflow.com\/index.php\/wp-json\/wp\/v2\/pages"}],"about":[{"href":"https:\/\/imaflow.com\/index.php\/wp-json\/wp\/v2\/types\/page"}],"author":[{"embeddable":true,"href":"https:\/\/imaflow.com\/index.php\/wp-json\/wp\/v2\/users\/6"}],"replies":[{"embeddable":true,"href":"https:\/\/imaflow.com\/index.php\/wp-json\/wp\/v2\/comments?post=647"}],"version-history":[{"count":10,"href":"https:\/\/imaflow.com\/index.php\/wp-json\/wp\/v2\/pages\/647\/revisions"}],"predecessor-version":[{"id":5521,"href":"https:\/\/imaflow.com\/index.php\/wp-json\/wp\/v2\/pages\/647\/revisions\/5521"}],"up":[{"embeddable":true,"href":"https:\/\/imaflow.com\/index.php\/wp-json\/wp\/v2\/pages\/613"}],"wp:attachment":[{"href":"https:\/\/imaflow.com\/index.php\/wp-json\/wp\/v2\/media?parent=647"}],"curies":[{"name":"wp","href":"https:\/\/api.w.org\/{rel}","templated":true}]}}